{"id":936576,"date":"2020-07-27T20:14:10","date_gmt":"2020-07-27T18:14:10","guid":{"rendered":"http:\/\/jjasari.protom.stronazen.pl\/?page_id=936576"},"modified":"2020-10-28T23:06:51","modified_gmt":"2020-10-28T22:06:51","slug":"zagranica","status":"publish","type":"page","link":"https:\/\/infinityhouse.pl\/ua\/pl\/zagranica\/","title":{"rendered":"Zagranica"},"content":{"rendered":"<div class=\"pf-content\"><h3>Zapraszamy do zapoznania si\u0119 z nasz\u0105 wyj\u0105tkow\u0105 ofert\u0105 nieruchomo\u015bci zagranicznych<\/h3>\n<ul>\n<li>Luksusowe obiekty w Hiszpanii (Costa del Sol)<\/li>\n<li>Obs\u0142uga zakupu lub inwestycji w nieruchomo\u015b\u0107 na dowolnym rynku zgodnego z Pa\u0144stwa zainteresowaniem.<\/li>\n<\/ul>\n<p>Skontaktuj si\u0119 z naszym ekspertem po wi\u0119cej informacji:<br \/>\n<a href=\"mailto:michal@infinityhouse.pl\">michal@infinityhouse.pl<\/a> lub zadzwo\u0144 608 085 080<\/p>\n<\/div>","protected":false},"excerpt":{"rendered":"<p>Zapraszamy do zapoznania si\u0119 z nasz\u0105 wyj\u0105tkow\u0105 ofert\u0105 nieruchomo\u015bci zagranicznych Luksusowe obiekty w Hiszpanii (Costa del Sol) Obs\u0142uga zakupu lub inwestycji w nieruchomo\u015b\u0107 na dowolnym rynku","protected":false},"author":1,"featured_media":0,"parent":0,"menu_order":0,"comment_status":"closed","ping_status":"closed","template":"","meta":[],"yoast_head":"<!-- This site is optimized with the Yoast SEO plugin v15.8 - https:\/\/yoast.com\/wordpress\/plugins\/seo\/ -->\n<title>Zagranica - Infinity House<\/title>\n<meta name=\"robots\" content=\"index, follow, max-snippet:-1, max-image-preview:large, max-video-preview:-1\" \/>\n<link rel=\"canonical\" href=\"https:\/\/infinityhouse.pl\/ua\/pl\/zagranica\/\" \/>\n<meta property=\"og:locale\" content=\"pl_PL\" \/>\n<meta property=\"og:type\" content=\"article\" \/>\n<meta property=\"og:title\" content=\"Zagranica - Infinity House\" \/>\n<meta property=\"og:description\" content=\"Zapraszamy do zapoznania si\u0119 z nasz\u0105 wyj\u0105tkow\u0105 ofert\u0105 nieruchomo\u015bci zagranicznych Luksusowe obiekty w Hiszpanii (Costa del Sol) Obs\u0142uga zakupu lub inwestycji w nieruchomo\u015b\u0107 na dowolnym rynku zgodnego z Pa\u0144stwa zainteresowaniem. Skontaktuj si\u0119 z naszym ekspertem po wi\u0119cej informacji: michal@infinityhouse.pl lub zadzwo\u0144 608 085 080\" \/>\n<meta property=\"og:url\" content=\"https:\/\/infinityhouse.pl\/ua\/pl\/zagranica\/\" \/>\n<meta property=\"og:site_name\" content=\"Infinity House\" \/>\n<meta property=\"article:modified_time\" content=\"2020-10-28T22:06:51+00:00\" \/>\n<meta name=\"twitter:card\" content=\"summary_large_image\" \/>\n<script type=\"application\/ld+json\" class=\"yoast-schema-graph\">{\"@context\":\"https:\/\/schema.org\",\"@graph\":[{\"@type\":\"WebSite\",\"@id\":\"https:\/\/infinityhouse.pl\/ua\/#website\",\"url\":\"https:\/\/infinityhouse.pl\/ua\/\",\"name\":\"Infinity House\",\"description\":\"\",\"potentialAction\":[{\"@type\":\"SearchAction\",\"target\":\"https:\/\/infinityhouse.pl\/ua\/?s={search_term_string}\",\"query-input\":\"required name=search_term_string\"}],\"inLanguage\":\"pl-PL\"},{\"@type\":\"WebPage\",\"@id\":\"https:\/\/infinityhouse.pl\/ua\/pl\/zagranica\/#webpage\",\"url\":\"https:\/\/infinityhouse.pl\/ua\/pl\/zagranica\/\",\"name\":\"Zagranica - Infinity House\",\"isPartOf\":{\"@id\":\"https:\/\/infinityhouse.pl\/ua\/#website\"},\"datePublished\":\"2020-07-27T18:14:10+00:00\",\"dateModified\":\"2020-10-28T22:06:51+00:00\",\"breadcrumb\":{\"@id\":\"https:\/\/infinityhouse.pl\/ua\/pl\/zagranica\/#breadcrumb\"},\"inLanguage\":\"pl-PL\",\"potentialAction\":[{\"@type\":\"ReadAction\",\"target\":[\"https:\/\/infinityhouse.pl\/ua\/pl\/zagranica\/\"]}]},{\"@type\":\"BreadcrumbList\",\"@id\":\"https:\/\/infinityhouse.pl\/ua\/pl\/zagranica\/#breadcrumb\",\"itemListElement\":[{\"@type\":\"ListItem\",\"position\":1,\"item\":{\"@type\":\"WebPage\",\"@id\":\"https:\/\/infinityhouse.pl\/ua\/pl\/\",\"url\":\"https:\/\/infinityhouse.pl\/ua\/pl\/\",\"name\":\"Strona g\\u0142\\u00f3wna\"}},{\"@type\":\"ListItem\",\"position\":2,\"item\":{\"@type\":\"WebPage\",\"@id\":\"https:\/\/infinityhouse.pl\/ua\/pl\/zagranica\/\",\"url\":\"https:\/\/infinityhouse.pl\/ua\/pl\/zagranica\/\",\"name\":\"Zagranica\"}}]}]}<\/script>\n<!-- \/ Yoast SEO plugin. -->","_links":{"self":[{"href":"https:\/\/infinityhouse.pl\/ua\/wp-json\/wp\/v2\/pages\/936576"}],"collection":[{"href":"https:\/\/infinityhouse.pl\/ua\/wp-json\/wp\/v2\/pages"}],"about":[{"href":"https:\/\/infinityhouse.pl\/ua\/wp-json\/wp\/v2\/types\/page"}],"author":[{"embeddable":true,"href":"https:\/\/infinityhouse.pl\/ua\/wp-json\/wp\/v2\/users\/1"}],"replies":[{"embeddable":true,"href":"https:\/\/infinityhouse.pl\/ua\/wp-json\/wp\/v2\/comments?post=936576"}],"version-history":[{"count":0,"href":"https:\/\/infinityhouse.pl\/ua\/wp-json\/wp\/v2\/pages\/936576\/revisions"}],"wp:attachment":[{"href":"https:\/\/infinityhouse.pl\/ua\/wp-json\/wp\/v2\/media?parent=936576"}],"curies":[{"name":"wp","href":"https:\/\/api.w.org\/{rel}","templated":true}]}}