{"id":4099,"date":"2020-09-17T11:47:57","date_gmt":"2020-09-17T09:47:57","guid":{"rendered":"http:\/\/wp-uphome.astroon.pro\/?page_id=4099"},"modified":"2020-10-28T23:05:04","modified_gmt":"2020-10-28T22:05:04","slug":"o-nas","status":"publish","type":"page","link":"https:\/\/infinityhouse.pl\/ua\/pl\/o-nas\/","title":{"rendered":"O nas"},"content":{"rendered":"<div class=\"pf-content\">\t\t<div data-elementor-type=\"wp-page\" data-elementor-id=\"4099\" class=\"elementor elementor-4099\" data-elementor-settings=\"[]\">\n\t\t\t\t\t\t<div class=\"elementor-inner\">\n\t\t\t\t\t\t\t<div class=\"elementor-section-wrap\">\n\t\t\t\t\t\t\t<section class=\"elementor-section elementor-top-section elementor-element elementor-element-06d19da elementor-section-content-middle elementor-section-boxed elementor-section-height-default elementor-section-height-default astroon-bg-container\" data-id=\"06d19da\" data-element_type=\"section\">\n\t\t\t\t\t\t<div class=\"elementor-container elementor-column-gap-default\">\n\t\t\t\t\t\t\t<div class=\"elementor-row\">\n\t\t\t\t\t<div class=\"elementor-column elementor-col-50 elementor-top-column elementor-element elementor-element-ffbee5e\" data-id=\"ffbee5e\" data-element_type=\"column\" data-settings=\"{&quot;background_background&quot;:&quot;classic&quot;}\">\n\t\t\t<div class=\"elementor-column-wrap elementor-element-populated\">\n\t\t\t\t\t\t\t<div class=\"elementor-widget-wrap\">\n\t\t\t\t\t\t<div class=\"elementor-element elementor-element-0f532b8 elementor-widget elementor-widget-image\" data-id=\"0f532b8\" data-element_type=\"widget\" data-widget_type=\"image.default\">\n\t\t\t\t<div class=\"elementor-widget-container\">\n\t\t\t\t\t<div class=\"elementor-image\">\n\t\t\t\t\t\t\t\t\t\t<img src=\"http:\/\/jjasari.protom.stronazen.pl\/wp-content\/uploads\/2020\/06\/IH-o-firmie.png\" title=\"\" alt=\"\" \/>\t\t\t\t\t\t\t\t\t\t\t<\/div>\n\t\t\t\t<\/div>\n\t\t\t\t<\/div>\n\t\t\t\t<div class=\"elementor-element elementor-element-d35d385 elementor-widget elementor-widget-title_uphome\" data-id=\"d35d385\" data-element_type=\"widget\" data-widget_type=\"title_uphome.default\">\n\t\t\t\t<div class=\"elementor-widget-container\">\n\t\t\t\n\t\t\t<div class=\"head_block left_flex\">\n\t\t\t\t\t\t\t\t<div class=\"b_d\">\n\t\t\t\t\t\t\t\t<h2 data-lax-preset_large=\"zoomIn-0.9\"><\/h2>                \t\t\t\t<h3><strong>INFINITYHOUSE<\/strong><br \/>PROFESJONALNA AGENCJA<br \/>NIERUCHOMO\u015aCI W<br \/>SEGMENCIE <strong>PREMIUM I<br \/>LUXURY<\/strong><\/h3>\t\t\t\t<\/div>\n            <\/div>\n\n    \t\t<\/div>\n\t\t\t\t<\/div>\n\t\t\t\t<div class=\"elementor-element elementor-element-d213e61 elementor-widget elementor-widget-image\" data-id=\"d213e61\" data-element_type=\"widget\" data-widget_type=\"image.default\">\n\t\t\t\t<div class=\"elementor-widget-container\">\n\t\t\t\t\t<div class=\"elementor-image\">\n\t\t\t\t\t\t\t\t\t\t<img src=\"http:\/\/jjasari.protom.stronazen.pl\/wp-content\/uploads\/2020\/08\/podpis-o-firmie-3.png\" title=\"\" alt=\"\" \/>\t\t\t\t\t\t\t\t\t\t\t<\/div>\n\t\t\t\t<\/div>\n\t\t\t\t<\/div>\n\t\t\t\t\t\t<\/div>\n\t\t\t\t\t<\/div>\n\t\t<\/div>\n\t\t\t\t<div class=\"elementor-column elementor-col-50 elementor-top-column elementor-element elementor-element-30b6e73\" data-id=\"30b6e73\" data-element_type=\"column\" data-settings=\"{&quot;background_background&quot;:&quot;classic&quot;}\">\n\t\t\t<div class=\"elementor-column-wrap elementor-element-populated\">\n\t\t\t\t\t\t\t<div class=\"elementor-widget-wrap\">\n\t\t\t\t\t\t<div class=\"elementor-element elementor-element-ac24efb elementor-widget elementor-widget-text-editor\" data-id=\"ac24efb\" data-element_type=\"widget\" data-widget_type=\"text-editor.default\">\n\t\t\t\t<div class=\"elementor-widget-container\">\n\t\t\t\t\t<div class=\"elementor-text-editor elementor-clearfix\"><p><strong>InfinityHouse<\/strong> tworzy dynamiczny i kreatywny zesp\u00f3\u0142 specjalist\u00f3w posiadaj\u0105cych wieloletnie do\u015bwiadczenia na rynku nieruchomo\u015bci w Warszawie.<\/p><p><strong>Po\u0142\u0105czenie pasji<\/strong> z wyj\u0105tkow\u0105 staranno\u015bci\u0105 popart\u0105 pa\u0144stwowymi uprawnieniami do wykonywania zawodu sprawia, \u017ce gwarantujemy pe\u0142n\u0105 satysfakcj\u0119 oraz ca\u0142kowite bezpiecze\u0144stwo. Zapewniamy pe\u0142ne zarz\u0105dzanie ryzykiem oraz absolutn\u0105 dyskrecj\u0119 w kameralnej atmosferze.<\/p><p><strong>W trosce<\/strong> o Pa\u0144stwa finanse, bierzemy czynny udzia\u0142 w negocjacjach cenowych na ka\u017cdym etapie wsp\u00f3\u0142pracy. Wspomagaj\u0105 nas profesjonalni doradcy kredytowi oraz niezale\u017cni rzeczoznawcy maj\u0105tkowi. Gdy zachodzi taka potrzeba, mo\u017cecie Pa\u0144stwo oczekiwa\u0107 zaanga\u017cowania do\u015bwiadczonych doradc\u00f3w finansowych i architekt\u00f3w.<\/p><p><strong>Nasze biuro<\/strong> nieruchomo\u015bci s\u0142u\u017cy Pa\u0144stwu pomoc\u0105 w sprzeda\u017cy, zakupie i wynajmie nieruchomo\u015bci \u2013 zar\u00f3wno dla potrzeb indywidualnych jak r\u00f3wnie\u017c komercyjnych. Posiadamy potencja\u0142 umo\u017cliwiaj\u0105cy profesjonaln\u0105 aran\u017cacj\u0119 wn\u0119trz i przygotowanie obiektu do finalnego obrotu.<\/p><p><strong>Staramy si\u0119<\/strong>, aby nasza oferta skierowana by\u0142a dla ka\u017cdego, ale docelow\u0105 grup\u0105 naszych klient\u00f3w pozostaj\u0105 osoby zdecydowane w swoich oczekiwaniach, maj\u0105ce jasn\u0105 wizj\u0119 swoich \u201eczterech k\u0105t\u00f3w\u201d. Ch\u0119tnie podchodzimy r\u00f3wnie\u017c do kooperacji z deweloperami, inwestorami oraz zarz\u0105dcami wszelkiego typu nieruchomo\u015bci. W imieniu zarz\u0105du InfinityHouse zapraszam do kontaktu z nami w celu zapoznania si\u0119 ze szczeg\u00f3\u0142ow\u0105 ofert\u0105.<\/p><\/div>\n\t\t\t\t<\/div>\n\t\t\t\t<\/div>\n\t\t\t\t\t\t<\/div>\n\t\t\t\t\t<\/div>\n\t\t<\/div>\n\t\t\t\t\t\t\t\t<\/div>\n\t\t\t\t\t<\/div>\n\t\t<\/section>\n\t\t\t\t<section class=\"elementor-section elementor-top-section elementor-element elementor-element-4894fb8 elementor-jarallax elementor-section-boxed elementor-section-height-default elementor-section-height-default astroon-bg-container\" data-id=\"4894fb8\" data-element_type=\"section\" data-settings=\"{&quot;background_background&quot;:&quot;classic&quot;}\">\n\t\t\t\t\t\t<div class=\"elementor-container elementor-column-gap-default\">\n\t\t\t\t\t\t\t<div class=\"elementor-row\">\n\t\t\t\t\t<div class=\"elementor-column elementor-col-33 elementor-top-column elementor-element elementor-element-e88e43f\" data-id=\"e88e43f\" data-element_type=\"column\">\n\t\t\t<div class=\"elementor-column-wrap elementor-element-populated\">\n\t\t\t\t\t\t\t<div class=\"elementor-widget-wrap\">\n\t\t\t\t\t\t<div class=\"elementor-element elementor-element-0850513 elementor-widget elementor-widget-title_uphome\" data-id=\"0850513\" data-element_type=\"widget\" data-widget_type=\"title_uphome.default\">\n\t\t\t\t<div class=\"elementor-widget-container\">\n\t\t\t\n\t\t\t<div class=\"head_block left_flex\">\n\t\t\t\t\t\t\t\t<div class=\"b_d\">\n\t\t\t\t\t\t\t\t<h2 data-lax-preset_large=\"zoomIn-0.9\">Praca u nas<\/h2>                \t\t\t\t\t\t\t\t<\/div>\n            <\/div>\n\n    \t\t<\/div>\n\t\t\t\t<\/div>\n\t\t\t\t\t\t<\/div>\n\t\t\t\t\t<\/div>\n\t\t<\/div>\n\t\t\t\t<div class=\"elementor-column elementor-col-66 elementor-top-column elementor-element elementor-element-8232275\" data-id=\"8232275\" data-element_type=\"column\">\n\t\t\t<div class=\"elementor-column-wrap elementor-element-populated\">\n\t\t\t\t\t\t\t<div class=\"elementor-widget-wrap\">\n\t\t\t\t\t\t<div class=\"elementor-element elementor-element-79cefd1 elementor-widget elementor-widget-title_uphome\" data-id=\"79cefd1\" data-element_type=\"widget\" data-widget_type=\"title_uphome.default\">\n\t\t\t\t<div class=\"elementor-widget-container\">\n\t\t\t\n\t\t\t<div class=\"head_block left_flex\">\n\t\t\t\t\t\t\t\t<div class=\"b_d\">\n\t\t\t\t\t\t\t\t<h2 data-lax-preset_large=\"zoomIn-0.9\"><\/h2>                \t\t\t\t<p><em>Je\u015bli lubicie Pa\u0144stwo wyzwania, chcecie operowa\u0107 swoim czasem wedle w\u0142asnego uznania a przy tym kontakt z lud\u017ami nie sprawia Wam problemu \u2013 poprosimy o CV na adres<\/em> office@infinityhouse.pl<\/p><p><strong>Obowi\u0105zki:<\/strong><\/p><ul><li>Kompleksowa obs\u0142uga klienta w zakresie obrotu nieruchomo\u015bciami,<\/li><li>Pozyskiwanie ofert sprzeda\u017cy i wynajmu nieruchomo\u015bci,<\/li><li>Przygotowanie klientom oferty wedle preferencji,<\/li><li>Utrzymywanie systematycznego kontaktu z klientami,<\/li><li>prezentacja nieruchomo\u015bci, kompleksowa obs\u0142uga transakcji,<\/li><\/ul><p><strong>Od naszych Kandydat\u00f3w oczekujemy:<\/strong><\/p><ul><li>Wysokich zdolno\u015bci interpersonalnych oraz motywacji do pracy<\/li><li>Umiej\u0119tno\u015bci budowania relacji z kontrahentami<\/li><li>Samodzielno\u015bci, umiej\u0119tno\u015bci podejmowania decyzji, zdolno\u015bci negocjacyjnych,<\/li><\/ul><p><strong>Oferujemy:<\/strong><\/p><ul><li>W pe\u0142ni wyposa\u017cone miejsce pracy w centrum Warszawy<\/li><li>Bardzo atrakcyjny system wynagrodzenia<\/li><li>Mo\u017cliwo\u015b\u0107 pracy z biura jak i z domu.\u00a0Du\u017ca samodzielno\u015b\u0107 i elastyczny czas pracy,<\/li><li>Cykliczne szkolenia zawodowe. Dost\u0119p do technologii wspieraj\u0105cych wynajem oraz sprzeda\u017c nieruchomo\u015bci,<\/li><li>Us\u0142ugi profesjonalnego fotografa,<\/li><li>Prac\u0119 w doborowym zespole<\/li><li>Wsparcie do\u015bwiadczonego licencjonowanego po\u015brednika w obrocie nieruchomo\u015bciami<\/li><li>Mo\u017cliwo\u015b\u0107 sta\u0142ego rozwoju zawodowego i zdobywania do\u015bwiadczenia.<\/li><\/ul>\t\t\t\t<\/div>\n            <\/div>\n\n    \t\t<\/div>\n\t\t\t\t<\/div>\n\t\t\t\t\t\t<\/div>\n\t\t\t\t\t<\/div>\n\t\t<\/div>\n\t\t\t\t\t\t\t\t<\/div>\n\t\t\t\t\t<\/div>\n\t\t<\/section>\n\t\t\t\t\t\t<\/div>\n\t\t\t\t\t\t<\/div>\n\t\t\t\t\t<\/div>\n\t\t<\/div>","protected":false},"excerpt":{"rendered":"<p>INFINITYHOUSE PROFESJONALNA AGENCJA NIERUCHOMO\u015aCI W SEGMENCIE PREMIUM I LUXURY InfinityHouse tworzy dynamiczny i kreatywny zesp\u00f3\u0142 specjalist\u00f3w posiadaj\u0105cych wieloletnie do\u015bwiadczenia na rynku","protected":false},"author":1,"featured_media":801822,"parent":0,"menu_order":0,"comment_status":"closed","ping_status":"closed","template":"","meta":[],"yoast_head":"<!-- This site is optimized with the Yoast SEO plugin v15.8 - https:\/\/yoast.com\/wordpress\/plugins\/seo\/ -->\n<title>O nas - Infinity House<\/title>\n<meta name=\"robots\" content=\"index, follow, max-snippet:-1, max-image-preview:large, max-video-preview:-1\" \/>\n<link rel=\"canonical\" href=\"https:\/\/infinityhouse.pl\/ua\/pl\/o-nas\/\" \/>\n<meta property=\"og:locale\" content=\"pl_PL\" \/>\n<meta property=\"og:type\" content=\"article\" \/>\n<meta property=\"og:title\" content=\"O nas - Infinity House\" \/>\n<meta property=\"og:description\" content=\"INFINITYHOUSE PROFESJONALNA AGENCJA NIERUCHOMO\u015aCI W SEGMENCIE PREMIUM I LUXURY InfinityHouse tworzy dynamiczny i kreatywny zesp\u00f3\u0142 specjalist\u00f3w posiadaj\u0105cych wieloletnie do\u015bwiadczenia na rynku nieruchomo\u015bci w Warszawie. Po\u0142\u0105czenie pasji z wyj\u0105tkow\u0105 staranno\u015bci\u0105 popart\u0105 pa\u0144stwowymi uprawnieniami do wykonywania zawodu sprawia, \u017ce gwarantujemy pe\u0142n\u0105 satysfakcj\u0119 oraz ca\u0142kowite bezpiecze\u0144stwo. Zapewniamy pe\u0142ne...\" \/>\n<meta property=\"og:url\" content=\"https:\/\/infinityhouse.pl\/ua\/pl\/o-nas\/\" \/>\n<meta property=\"og:site_name\" content=\"Infinity House\" \/>\n<meta property=\"article:modified_time\" content=\"2020-10-28T22:05:04+00:00\" \/>\n<meta name=\"twitter:card\" content=\"summary_large_image\" \/>\n<meta name=\"twitter:label1\" content=\"Est. reading time\">\n\t<meta name=\"twitter:data1\" content=\"2 minuty\">\n<script type=\"application\/ld+json\" class=\"yoast-schema-graph\">{\"@context\":\"https:\/\/schema.org\",\"@graph\":[{\"@type\":\"WebSite\",\"@id\":\"https:\/\/infinityhouse.pl\/ua\/#website\",\"url\":\"https:\/\/infinityhouse.pl\/ua\/\",\"name\":\"Infinity House\",\"description\":\"\",\"potentialAction\":[{\"@type\":\"SearchAction\",\"target\":\"https:\/\/infinityhouse.pl\/ua\/?s={search_term_string}\",\"query-input\":\"required name=search_term_string\"}],\"inLanguage\":\"pl-PL\"},{\"@type\":\"ImageObject\",\"@id\":\"https:\/\/infinityhouse.pl\/ua\/pl\/o-nas\/#primaryimage\",\"inLanguage\":\"pl-PL\",\"url\":\"\"},{\"@type\":\"WebPage\",\"@id\":\"https:\/\/infinityhouse.pl\/ua\/pl\/o-nas\/#webpage\",\"url\":\"https:\/\/infinityhouse.pl\/ua\/pl\/o-nas\/\",\"name\":\"O nas - Infinity House\",\"isPartOf\":{\"@id\":\"https:\/\/infinityhouse.pl\/ua\/#website\"},\"primaryImageOfPage\":{\"@id\":\"https:\/\/infinityhouse.pl\/ua\/pl\/o-nas\/#primaryimage\"},\"datePublished\":\"2020-09-17T09:47:57+00:00\",\"dateModified\":\"2020-10-28T22:05:04+00:00\",\"breadcrumb\":{\"@id\":\"https:\/\/infinityhouse.pl\/ua\/pl\/o-nas\/#breadcrumb\"},\"inLanguage\":\"pl-PL\",\"potentialAction\":[{\"@type\":\"ReadAction\",\"target\":[\"https:\/\/infinityhouse.pl\/ua\/pl\/o-nas\/\"]}]},{\"@type\":\"BreadcrumbList\",\"@id\":\"https:\/\/infinityhouse.pl\/ua\/pl\/o-nas\/#breadcrumb\",\"itemListElement\":[{\"@type\":\"ListItem\",\"position\":1,\"item\":{\"@type\":\"WebPage\",\"@id\":\"https:\/\/infinityhouse.pl\/ua\/pl\/\",\"url\":\"https:\/\/infinityhouse.pl\/ua\/pl\/\",\"name\":\"Strona g\\u0142\\u00f3wna\"}},{\"@type\":\"ListItem\",\"position\":2,\"item\":{\"@type\":\"WebPage\",\"@id\":\"https:\/\/infinityhouse.pl\/ua\/pl\/o-nas\/\",\"url\":\"https:\/\/infinityhouse.pl\/ua\/pl\/o-nas\/\",\"name\":\"O nas\"}}]}]}<\/script>\n<!-- \/ Yoast SEO plugin. -->","_links":{"self":[{"href":"https:\/\/infinityhouse.pl\/ua\/wp-json\/wp\/v2\/pages\/4099"}],"collection":[{"href":"https:\/\/infinityhouse.pl\/ua\/wp-json\/wp\/v2\/pages"}],"about":[{"href":"https:\/\/infinityhouse.pl\/ua\/wp-json\/wp\/v2\/types\/page"}],"author":[{"embeddable":true,"href":"https:\/\/infinityhouse.pl\/ua\/wp-json\/wp\/v2\/users\/1"}],"replies":[{"embeddable":true,"href":"https:\/\/infinityhouse.pl\/ua\/wp-json\/wp\/v2\/comments?post=4099"}],"version-history":[{"count":0,"href":"https:\/\/infinityhouse.pl\/ua\/wp-json\/wp\/v2\/pages\/4099\/revisions"}],"wp:featuredmedia":[{"embeddable":true,"href":"https:\/\/infinityhouse.pl\/ua\/wp-json\/wp\/v2\/media\/801822"}],"wp:attachment":[{"href":"https:\/\/infinityhouse.pl\/ua\/wp-json\/wp\/v2\/media?parent=4099"}],"curies":[{"name":"wp","href":"https:\/\/api.w.org\/{rel}","templated":true}]}}