{"id":1900753,"date":"2022-05-16T12:59:50","date_gmt":"2022-05-16T10:59:50","guid":{"rendered":"https:\/\/infinityhouse.pl\/?page_id=1900753"},"modified":"2022-05-16T12:59:50","modified_gmt":"2022-05-16T10:59:50","slug":"luksusowe-apartamenty-warszawa-srodmiescie","status":"publish","type":"page","link":"https:\/\/infinityhouse.pl\/ua\/pl\/luksusowe-apartamenty-warszawa-srodmiescie\/","title":{"rendered":"Luksusowe apartamenty warszawa \u015br\u00f3dmie\u015bcie"},"content":{"rendered":"<div class=\"pf-content\"><p style=\"text-align: justify;\"><strong><img class=\"wp-image-1900754 alignleft\" src=\"https:\/\/infinityhouse.pl\/wp-content\/uploads\/2022\/05\/home-5835289_640-300x169.jpg\" alt=\"luksusowe apartamenty warszawa \u015br\u00f3dmie\u015bcie\" width=\"247\" height=\"139\" srcset=\"https:\/\/infinityhouse.pl\/ua\/wp-content\/uploads\/2022\/05\/home-5835289_640-300x169.jpg 300w, https:\/\/infinityhouse.pl\/ua\/wp-content\/uploads\/2022\/05\/home-5835289_640.jpg 640w\" sizes=\"(max-width: 247px) 100vw, 247px\" \/>Luksusowe apartamenty warszawa \u015br\u00f3dmie\u015bcie <\/strong>to us\u0142uga, kt\u00f3r\u0105 zapewnia nasza agencja Infinityhouse. Dzi\u0119ki \u00a0nam b\u0119dziesz m\u00f3g\u0142 podj\u0119\u0107 decyzj\u0119 o swoim nowym domu. Naszym celem jest zapewnienie Pa\u0144stwu jak najwygodniejszego lokalu skrojonego pod Wasze potrzeby. Oferuj\u0105c <strong>luksusowe apartamenty warszawa \u015br\u00f3dmie\u015bcie <\/strong>dbamy o to, aby nasi klienci mogli cieszy\u0107 si\u0119 bezpieczn\u0105 transakcj\u0105 korzystaj\u0105c z najnowszych technologii bezpiecze\u0144stwa.\u00a0 Wszystkie Twoje dane s\u0105 zaszyfrowane, wi\u0119c nie ma szans, aby kto\u015b przej\u0105\u0142 kontrol\u0119 nad Twoim kontem lub prywatnymi danymi.<\/p>\n<p style=\"text-align: justify;\">Nasze <strong>luksusowe apartamenty warszawa \u015br\u00f3dmie\u015bcie<\/strong> dobieramy do potrzeb naszych klient\u00f3w z najwy\u017csz\u0105 staranno\u015bci\u0105. Oferujemy tylko powierzchnie mieszkalne premium. Wynajmuj\u0105c lub kupuj\u0105c nieruchomo\u015b\u0107 od Infinityhouse, mo\u017cesz by\u0107 pewien, \u017ce od pocz\u0105tku do ko\u0144ca b\u0119dziesz mia\u0142 do\u015bwiadczenie na najwy\u017cszym poziomie.<\/p>\n<p style=\"text-align: center;\">Zapraszamy do <a href=\"https:\/\/infinityhouse.pl\/\">obejrzenia<\/a> naszych nieruchomo\u015bci!<\/p>\n<\/div>","protected":false},"excerpt":{"rendered":"<p>Luksusowe apartamenty warszawa \u015br\u00f3dmie\u015bcie to us\u0142uga, kt\u00f3r\u0105 zapewnia nasza agencja Infinityhouse. Dzi\u0119ki \u00a0nam b\u0119dziesz m\u00f3g\u0142 podj\u0119\u0107 decyzj\u0119 o swoim nowym domu. Naszym celem jest zapewnienie","protected":false},"author":1,"featured_media":0,"parent":0,"menu_order":0,"comment_status":"closed","ping_status":"closed","template":"","meta":[],"yoast_head":"<!-- This site is optimized with the Yoast SEO plugin v15.8 - https:\/\/yoast.com\/wordpress\/plugins\/seo\/ -->\n<title>Luksusowe apartamenty warszawa \u015br\u00f3dmie\u015bcie - Infinity House<\/title>\n<meta name=\"robots\" content=\"index, follow, max-snippet:-1, max-image-preview:large, max-video-preview:-1\" \/>\n<link rel=\"canonical\" href=\"https:\/\/infinityhouse.pl\/ua\/pl\/luksusowe-apartamenty-warszawa-srodmiescie\/\" \/>\n<meta property=\"og:locale\" content=\"pl_PL\" \/>\n<meta property=\"og:type\" content=\"article\" \/>\n<meta property=\"og:title\" content=\"Luksusowe apartamenty warszawa \u015br\u00f3dmie\u015bcie - Infinity House\" \/>\n<meta property=\"og:description\" content=\"Luksusowe apartamenty warszawa \u015br\u00f3dmie\u015bcie to us\u0142uga, kt\u00f3r\u0105 zapewnia nasza agencja Infinityhouse. Dzi\u0119ki \u00a0nam b\u0119dziesz m\u00f3g\u0142 podj\u0119\u0107 decyzj\u0119 o swoim nowym domu. Naszym celem jest zapewnienie Pa\u0144stwu jak najwygodniejszego lokalu skrojonego pod Wasze potrzeby. Oferuj\u0105c luksusowe apartamenty warszawa \u015br\u00f3dmie\u015bcie dbamy o to, aby nasi klienci mogli...\" \/>\n<meta property=\"og:url\" content=\"https:\/\/infinityhouse.pl\/ua\/pl\/luksusowe-apartamenty-warszawa-srodmiescie\/\" \/>\n<meta property=\"og:site_name\" content=\"Infinity House\" \/>\n<meta property=\"og:image\" content=\"https:\/\/infinityhouse.pl\/wp-content\/uploads\/2022\/05\/home-5835289_640-300x169.jpg\" \/>\n<meta name=\"twitter:card\" content=\"summary_large_image\" \/>\n<meta name=\"twitter:label1\" content=\"Est. reading time\">\n\t<meta name=\"twitter:data1\" content=\"1 minuta\">\n<script type=\"application\/ld+json\" class=\"yoast-schema-graph\">{\"@context\":\"https:\/\/schema.org\",\"@graph\":[{\"@type\":\"WebSite\",\"@id\":\"https:\/\/infinityhouse.pl\/ua\/#website\",\"url\":\"https:\/\/infinityhouse.pl\/ua\/\",\"name\":\"Infinity House\",\"description\":\"\",\"potentialAction\":[{\"@type\":\"SearchAction\",\"target\":\"https:\/\/infinityhouse.pl\/ua\/?s={search_term_string}\",\"query-input\":\"required name=search_term_string\"}],\"inLanguage\":\"pl-PL\"},{\"@type\":\"ImageObject\",\"@id\":\"https:\/\/infinityhouse.pl\/ua\/pl\/luksusowe-apartamenty-warszawa-srodmiescie\/#primaryimage\",\"inLanguage\":\"pl-PL\",\"url\":\"https:\/\/infinityhouse.pl\/wp-content\/uploads\/2022\/05\/home-5835289_640-300x169.jpg\"},{\"@type\":\"WebPage\",\"@id\":\"https:\/\/infinityhouse.pl\/ua\/pl\/luksusowe-apartamenty-warszawa-srodmiescie\/#webpage\",\"url\":\"https:\/\/infinityhouse.pl\/ua\/pl\/luksusowe-apartamenty-warszawa-srodmiescie\/\",\"name\":\"Luksusowe apartamenty warszawa \\u015br\\u00f3dmie\\u015bcie - Infinity House\",\"isPartOf\":{\"@id\":\"https:\/\/infinityhouse.pl\/ua\/#website\"},\"primaryImageOfPage\":{\"@id\":\"https:\/\/infinityhouse.pl\/ua\/pl\/luksusowe-apartamenty-warszawa-srodmiescie\/#primaryimage\"},\"datePublished\":\"2022-05-16T10:59:50+00:00\",\"dateModified\":\"2022-05-16T10:59:50+00:00\",\"breadcrumb\":{\"@id\":\"https:\/\/infinityhouse.pl\/ua\/pl\/luksusowe-apartamenty-warszawa-srodmiescie\/#breadcrumb\"},\"inLanguage\":\"pl-PL\",\"potentialAction\":[{\"@type\":\"ReadAction\",\"target\":[\"https:\/\/infinityhouse.pl\/ua\/pl\/luksusowe-apartamenty-warszawa-srodmiescie\/\"]}]},{\"@type\":\"BreadcrumbList\",\"@id\":\"https:\/\/infinityhouse.pl\/ua\/pl\/luksusowe-apartamenty-warszawa-srodmiescie\/#breadcrumb\",\"itemListElement\":[{\"@type\":\"ListItem\",\"position\":1,\"item\":{\"@type\":\"WebPage\",\"@id\":\"https:\/\/infinityhouse.pl\/ua\/pl\/\",\"url\":\"https:\/\/infinityhouse.pl\/ua\/pl\/\",\"name\":\"Strona g\\u0142\\u00f3wna\"}},{\"@type\":\"ListItem\",\"position\":2,\"item\":{\"@type\":\"WebPage\",\"@id\":\"https:\/\/infinityhouse.pl\/ua\/pl\/luksusowe-apartamenty-warszawa-srodmiescie\/\",\"url\":\"https:\/\/infinityhouse.pl\/ua\/pl\/luksusowe-apartamenty-warszawa-srodmiescie\/\",\"name\":\"Luksusowe apartamenty warszawa \\u015br\\u00f3dmie\\u015bcie\"}}]}]}<\/script>\n<!-- \/ Yoast SEO plugin. -->","_links":{"self":[{"href":"https:\/\/infinityhouse.pl\/ua\/wp-json\/wp\/v2\/pages\/1900753"}],"collection":[{"href":"https:\/\/infinityhouse.pl\/ua\/wp-json\/wp\/v2\/pages"}],"about":[{"href":"https:\/\/infinityhouse.pl\/ua\/wp-json\/wp\/v2\/types\/page"}],"author":[{"embeddable":true,"href":"https:\/\/infinityhouse.pl\/ua\/wp-json\/wp\/v2\/users\/1"}],"replies":[{"embeddable":true,"href":"https:\/\/infinityhouse.pl\/ua\/wp-json\/wp\/v2\/comments?post=1900753"}],"version-history":[{"count":1,"href":"https:\/\/infinityhouse.pl\/ua\/wp-json\/wp\/v2\/pages\/1900753\/revisions"}],"predecessor-version":[{"id":1900757,"href":"https:\/\/infinityhouse.pl\/ua\/wp-json\/wp\/v2\/pages\/1900753\/revisions\/1900757"}],"wp:attachment":[{"href":"https:\/\/infinityhouse.pl\/ua\/wp-json\/wp\/v2\/media?parent=1900753"}],"curies":[{"name":"wp","href":"https:\/\/api.w.org\/{rel}","templated":true}]}}