{"id":1695687,"date":"2020-09-03T14:55:55","date_gmt":"2020-09-03T12:55:55","guid":{"rendered":"http:\/\/jjasari.protom.stronazen.pl\/?page_id=1695687"},"modified":"2021-06-14T08:30:09","modified_gmt":"2021-06-14T06:30:09","slug":"our-team","status":"publish","type":"page","link":"https:\/\/infinityhouse.pl\/ua\/en\/our-team\/","title":{"rendered":"Our team"},"content":{"rendered":"<div class=\"pf-content\">\t\t<div data-elementor-type=\"wp-page\" data-elementor-id=\"1695687\" class=\"elementor elementor-1695687\" data-elementor-settings=\"[]\">\n\t\t\t\t\t\t<div class=\"elementor-inner\">\n\t\t\t\t\t\t\t<div class=\"elementor-section-wrap\">\n\t\t\t\t\t\t\t<section class=\"elementor-section elementor-top-section elementor-element elementor-element-4100574 elementor-section-boxed elementor-section-height-default elementor-section-height-default astroon-bg-container\" data-id=\"4100574\" data-element_type=\"section\">\n\t\t\t\t\t\t<div class=\"elementor-container elementor-column-gap-default\">\n\t\t\t\t\t\t\t<div class=\"elementor-row\">\n\t\t\t\t\t<div class=\"elementor-column elementor-col-100 elementor-top-column elementor-element elementor-element-9ba2229\" data-id=\"9ba2229\" data-element_type=\"column\">\n\t\t\t<div class=\"elementor-column-wrap elementor-element-populated\">\n\t\t\t\t\t\t\t<div class=\"elementor-widget-wrap\">\n\t\t\t\t\t\t<div class=\"elementor-element elementor-element-ac737fe elementor-widget elementor-widget-team_widget\" data-id=\"ac737fe\" data-element_type=\"widget\" data-widget_type=\"team_widget.default\">\n\t\t\t\t<div class=\"elementor-widget-container\">\n\t\t\t<div class=\"astroon_team_block astroon-cols-4\">\t\t\t\t\t\t<div class=\"team_person\">\n\t\t\t\t\t\t\t<div class=\"wrap_astroon_team\">\n\t\t\t\t\t\t\t\t\t\t\t\t\t\t\t\t<div class=\"wrap_desc_person\">\n\t\t\t\t\t\t\t\t\t<a class=\"name_person\" href=\"https:\/\/infinityhouse.pl\/ua\/team\/anna-zywult\/\"><h4>Anna \u017bywult<\/h4><\/a>\t\t\t\t\t\t\t\t\t\t\t\t\t\t\t\t\t\t<p class=\"description_text_settings\">\u0427\u043b\u0435\u043d \u043f\u0440\u0430\u0432\u043b\u0456\u043d\u043d\u044f<\/p>\t\t\t\t\t\t\t\t\t\t\t\t\t\t\t\t\t<\/div>\n\t\t\t\t\t\t\t<\/div>\n\t\t\t\t\t\t<\/div>\n\t\t\t\t\t\t\t\t\t\t\t<div class=\"team_person\">\n\t\t\t\t\t\t\t<div class=\"wrap_astroon_team\">\n\t\t\t\t\t\t\t\t\t\t\t\t\t\t\t\t<div class=\"wrap_desc_person\">\n\t\t\t\t\t\t\t\t\t<a class=\"name_person\" href=\"https:\/\/infinityhouse.pl\/ua\/team\/michal-zywult\/\"><h4>Micha\u0142 \u017bywult<\/h4><\/a>\t\t\t\t\t\t\t\t\t\t\t\t\t\t\t\t\t\t<p class=\"description_text_settings\">\u0427\u043b\u0435\u043d \u043f\u0440\u0430\u0432\u043b\u0456\u043d\u043d\u044f<\/p>\t\t\t\t\t\t\t\t\t\t\t\t\t\t\t\t\t<\/div>\n\t\t\t\t\t\t\t<\/div>\n\t\t\t\t\t\t<\/div>\n\t\t\t\t\t\t\t\t\t\t\t<div class=\"team_person\">\n\t\t\t\t\t\t\t<div class=\"wrap_astroon_team\">\n\t\t\t\t\t\t\t\t\t\t\t\t\t\t\t\t<div class=\"wrap_desc_person\">\n\t\t\t\t\t\t\t\t\t<a class=\"name_person\" href=\"https:\/\/infinityhouse.pl\/ua\/team\/martyna-zywult\/\"><h4>Martyna \u017bywult<\/h4><\/a>\t\t\t\t\t\t\t\t\t\t\t\t\t\t\t\t\t\t<p class=\"description_text_settings\">\u0427\u043b\u0435\u043d \u043f\u0440\u0430\u0432\u043b\u0456\u043d\u043d\u044f<\/p>\t\t\t\t\t\t\t\t\t\t\t\t\t\t\t\t\t<\/div>\n\t\t\t\t\t\t\t<\/div>\n\t\t\t\t\t\t<\/div>\n\t\t\t\t\t\t\t\t\t\t\t<div class=\"team_person\">\n\t\t\t\t\t\t\t<div class=\"wrap_astroon_team\">\n\t\t\t\t\t\t\t\t\t\t\t\t\t\t\t\t<div class=\"wrap_desc_person\">\n\t\t\t\t\t\t\t\t\t<a class=\"name_person\" href=\"https:\/\/infinityhouse.pl\/ua\/team\/monika-tanska-migliorisi\/\"><h4>Monika Ta\u0144ska-Migliorisi<\/h4><\/a>\t\t\t\t\t\t\t\t\t\t\t\t\t\t\t\t\t\t<p class=\"description_text_settings\">\u0420\u0430\u0434\u043d\u0438\u043a \u0437 \u043d\u0435\u0440\u0443\u0445\u043e\u043c\u043e\u0441\u0442\u0456<\/p>\t\t\t\t\t\t\t\t\t\t\t\t\t\t\t\t\t<\/div>\n\t\t\t\t\t\t\t<\/div>\n\t\t\t\t\t\t<\/div>\n\t\t\t\t\t\t\t\t\t\t\t<div class=\"team_person\">\n\t\t\t\t\t\t\t<div class=\"wrap_astroon_team\">\n\t\t\t\t\t\t\t\t\t\t\t\t\t\t\t\t<div class=\"wrap_desc_person\">\n\t\t\t\t\t\t\t\t\t<a class=\"name_person\" href=\"https:\/\/infinityhouse.pl\/ua\/team\/katarzyna-lewandowska\/\"><h4>Katarzyna Lewandowska<\/h4><\/a>\t\t\t\t\t\t\t\t\t\t\t\t\t\t\t\t\t\t<p class=\"description_text_settings\">\u0420\u0430\u0434\u043d\u0438\u043a \u0437 \u043d\u0435\u0440\u0443\u0445\u043e\u043c\u043e\u0441\u0442\u0456<\/p>\t\t\t\t\t\t\t\t\t\t\t\t\t\t\t\t\t<\/div>\n\t\t\t\t\t\t\t<\/div>\n\t\t\t\t\t\t<\/div>\n\t\t\t\t\t\t\t\t\t\t\t<div class=\"team_person\">\n\t\t\t\t\t\t\t<div class=\"wrap_astroon_team\">\n\t\t\t\t\t\t\t\t\t\t\t\t\t\t\t\t<div class=\"wrap_desc_person\">\n\t\t\t\t\t\t\t\t\t<a class=\"name_person\" href=\"https:\/\/infinityhouse.pl\/ua\/team\/lana-kuziur\/\"><h4>Lana Kuziur<\/h4><\/a>\t\t\t\t\t\t\t\t\t\t\t\t\t\t\t\t\t\t<p class=\"description_text_settings\">\u0420\u0430\u0434\u043d\u0438\u043a \u0437 \u043d\u0435\u0440\u0443\u0445\u043e\u043c\u043e\u0441\u0442\u0456<\/p>\t\t\t\t\t\t\t\t\t\t\t\t\t\t\t\t\t<\/div>\n\t\t\t\t\t\t\t<\/div>\n\t\t\t\t\t\t<\/div>\n\t\t\t\t\t\t\t\t\t\t\t<div class=\"team_person\">\n\t\t\t\t\t\t\t<div class=\"wrap_astroon_team\">\n\t\t\t\t\t\t\t\t\t\t\t\t\t\t\t\t<div class=\"wrap_desc_person\">\n\t\t\t\t\t\t\t\t\t<a class=\"name_person\" href=\"https:\/\/infinityhouse.pl\/ua\/team\/oliwia-grzelak\/\"><h4>Oliwia Grzelak<\/h4><\/a>\t\t\t\t\t\t\t\t\t\t\t\t\t\t\t\t\t\t<p class=\"description_text_settings\">\u0420\u0430\u0434\u043d\u0438\u043a \u0437 \u043d\u0435\u0440\u0443\u0445\u043e\u043c\u043e\u0441\u0442\u0456<\/p>\t\t\t\t\t\t\t\t\t\t\t\t\t\t\t\t\t<\/div>\n\t\t\t\t\t\t\t<\/div>\n\t\t\t\t\t\t<\/div>\n\t\t\t\t\t\t\t\t\t\t\t<div class=\"team_person\">\n\t\t\t\t\t\t\t<div class=\"wrap_astroon_team\">\n\t\t\t\t\t\t\t\t\t\t\t\t\t\t\t\t<div class=\"wrap_desc_person\">\n\t\t\t\t\t\t\t\t\t<a class=\"name_person\" href=\"https:\/\/infinityhouse.pl\/ua\/team\/hubert-mokrzycki\/\"><h4>Hubert Mokrzycki<\/h4><\/a>\t\t\t\t\t\t\t\t\t\t\t\t\t\t\t\t\t\t<p class=\"description_text_settings\">\u0420\u0430\u0434\u043d\u0438\u043a \u0437 \u043d\u0435\u0440\u0443\u0445\u043e\u043c\u043e\u0441\u0442\u0456<\/p>\t\t\t\t\t\t\t\t\t\t\t\t\t\t\t\t\t<\/div>\n\t\t\t\t\t\t\t<\/div>\n\t\t\t\t\t\t<\/div>\n\t\t\t\t\t\t\t\t\t\t\t<div class=\"team_person\">\n\t\t\t\t\t\t\t<div class=\"wrap_astroon_team\">\n\t\t\t\t\t\t\t\t<div class=\"img_team rn_surface\"><img alt=\"41c8ba93-7d70-4da0-983f-d0dc4afe5c7b-e1749673137506\" src=\"https:\/\/infinityhouse.pl\/ua\/wp-content\/uploads\/2026\/03\/41c8ba93-7d70-4da0-983f-d0dc4afe5c7b-e1749673137506.jpg\"><\/div>\t\t\t\t\t\t\t\t<div class=\"wrap_desc_person\">\n\t\t\t\t\t\t\t\t\t<a class=\"name_person\" href=\"https:\/\/infinityhouse.pl\/ua\/team\/monika-olsen\/\"><h4>Monika Olsen<\/h4><\/a>\t\t\t\t\t\t\t\t\t\t\t\t\t\t\t\t\t\t<p class=\"description_text_settings\">Partner Operacyjny ds. Nieruchomo\u015bci (Cypr) Operational Real Estate Partner (Cyprus)<\/p>\t\t\t\t\t\t\t\t\t\t\t\t\t\t\t\t\t<\/div>\n\t\t\t\t\t\t\t<\/div>\n\t\t\t\t\t\t<\/div>\n\t\t\t\t\t\t\t\t\t\t\t<div class=\"team_person\">\n\t\t\t\t\t\t\t<div class=\"wrap_astroon_team\">\n\t\t\t\t\t\t\t\t\t\t\t\t\t\t\t\t<div class=\"wrap_desc_person\">\n\t\t\t\t\t\t\t\t\t<a class=\"name_person\" href=\"https:\/\/infinityhouse.pl\/ua\/team\/natalia-dus\/\"><h4>Natalia Du\u015b<\/h4><\/a>\t\t\t\t\t\t\t\t\t\t\t\t\t\t\t\t\t\t\t\t\t\t\t\t\t\t\t\t\t\t\t\t\t\t\t<\/div>\n\t\t\t\t\t\t\t<\/div>\n\t\t\t\t\t\t<\/div>\n\t\t\t\t\t\t\t\t\t\t\t<div class=\"team_person\">\n\t\t\t\t\t\t\t<div class=\"wrap_astroon_team\">\n\t\t\t\t\t\t\t\t\t\t\t\t\t\t\t\t<div class=\"wrap_desc_person\">\n\t\t\t\t\t\t\t\t\t<a class=\"name_person\" href=\"https:\/\/infinityhouse.pl\/ua\/team\/magda-glembin\/\"><h4>Magda Glembin<\/h4><\/a>\t\t\t\t\t\t\t\t\t\t\t\t\t\t\t\t\t\t\t\t\t\t\t\t\t\t\t\t\t\t\t\t\t\t\t<\/div>\n\t\t\t\t\t\t\t<\/div>\n\t\t\t\t\t\t<\/div>\n\t\t\t\t\t\t\t\t\t\t\t<div class=\"team_person\">\n\t\t\t\t\t\t\t<div class=\"wrap_astroon_team\">\n\t\t\t\t\t\t\t\t\t\t\t\t\t\t\t\t<div class=\"wrap_desc_person\">\n\t\t\t\t\t\t\t\t\t<a class=\"name_person\" href=\"https:\/\/infinityhouse.pl\/ua\/team\/beata-budzynska\/\"><h4>Beata Budzy\u0144ska<\/h4><\/a>\t\t\t\t\t\t\t\t\t\t\t\t\t\t\t\t\t\t\t\t\t\t\t\t\t\t\t\t\t\t\t\t\t\t\t<\/div>\n\t\t\t\t\t\t\t<\/div>\n\t\t\t\t\t\t<\/div>\n\t\t\t\t\t\t\t\t\t\t\t<div class=\"team_person\">\n\t\t\t\t\t\t\t<div class=\"wrap_astroon_team\">\n\t\t\t\t\t\t\t\t\t\t\t\t\t\t\t\t<div class=\"wrap_desc_person\">\n\t\t\t\t\t\t\t\t\t<a class=\"name_person\" href=\"https:\/\/infinityhouse.pl\/ua\/team\/iwona-kowalska\/\"><h4>Iwona Kowalska<\/h4><\/a>\t\t\t\t\t\t\t\t\t\t\t\t\t\t\t\t\t\t\t\t\t\t\t\t\t\t\t\t\t\t\t\t\t\t\t<\/div>\n\t\t\t\t\t\t\t<\/div>\n\t\t\t\t\t\t<\/div>\n\t\t\t\t\t\t\t\t\t\t\t<div class=\"team_person\">\n\t\t\t\t\t\t\t<div class=\"wrap_astroon_team\">\n\t\t\t\t\t\t\t\t\t\t\t\t\t\t\t\t<div class=\"wrap_desc_person\">\n\t\t\t\t\t\t\t\t\t<a class=\"name_person\" href=\"https:\/\/infinityhouse.pl\/ua\/team\/paula-kulesza\/\"><h4>Paula Kulesza<\/h4><\/a>\t\t\t\t\t\t\t\t\t\t\t\t\t\t\t\t\t\t\t\t\t\t\t\t\t\t\t\t\t\t\t\t\t\t\t<\/div>\n\t\t\t\t\t\t\t<\/div>\n\t\t\t\t\t\t<\/div>\n\t\t\t\t\t<\/div>\t\t<\/div>\n\t\t\t\t<\/div>\n\t\t\t\t\t\t<\/div>\n\t\t\t\t\t<\/div>\n\t\t<\/div>\n\t\t\t\t\t\t\t\t<\/div>\n\t\t\t\t\t<\/div>\n\t\t<\/section>\n\t\t\t\t\t\t<\/div>\n\t\t\t\t\t\t<\/div>\n\t\t\t\t\t<\/div>\n\t\t<\/div>","protected":false},"excerpt":{"rendered":"<p>Anna \u017bywult Micha\u0142 \u017bywult Martyna \u017bywult Beata Budzy\u0144ska Natalia Du\u015b Monika Ta\u0144ska-Migliorisi Greta Ostojska Magda Glembin Aleksandra Santos Partner ds. Rozwoju Biznesu Iwona Kowalska Nina Kargier","protected":false},"author":1,"featured_media":0,"parent":0,"menu_order":0,"comment_status":"closed","ping_status":"closed","template":"","meta":[],"yoast_head":"<!-- This site is optimized with the Yoast SEO plugin v15.8 - https:\/\/yoast.com\/wordpress\/plugins\/seo\/ -->\n<title>Our team - Infinity House<\/title>\n<meta name=\"robots\" content=\"index, follow, max-snippet:-1, max-image-preview:large, max-video-preview:-1\" \/>\n<link rel=\"canonical\" href=\"https:\/\/infinityhouse.pl\/ua\/en\/our-team\/\" \/>\n<meta property=\"og:locale\" content=\"pl_PL\" \/>\n<meta property=\"og:type\" content=\"article\" \/>\n<meta property=\"og:title\" content=\"Our team - Infinity House\" \/>\n<meta property=\"og:description\" content=\"Anna \u017bywult Micha\u0142 \u017bywult Martyna \u017bywult Beata Budzy\u0144ska Natalia Du\u015b Monika Ta\u0144ska-Migliorisi Greta Ostojska Magda Glembin Aleksandra Santos Partner ds. Rozwoju Biznesu Iwona Kowalska Nina Kargier &nbsp; Monika Wozi\u0144ska Monika Wysocka Barbara Anisimowicz Ewelina Chojnowska Katarzyna Lewandowska\" \/>\n<meta property=\"og:url\" content=\"https:\/\/infinityhouse.pl\/ua\/en\/our-team\/\" \/>\n<meta property=\"og:site_name\" content=\"Infinity House\" \/>\n<meta property=\"article:modified_time\" content=\"2021-06-14T06:30:09+00:00\" \/>\n<meta property=\"og:image\" content=\"https:\/\/infinityhouse.pl\/wp-content\/uploads\/foto\/78088511.jpg\" \/>\n<meta name=\"twitter:card\" content=\"summary_large_image\" \/>\n<meta name=\"twitter:label1\" content=\"Est. reading time\">\n\t<meta name=\"twitter:data1\" content=\"4 minuty\">\n<script type=\"application\/ld+json\" class=\"yoast-schema-graph\">{\"@context\":\"https:\/\/schema.org\",\"@graph\":[{\"@type\":\"WebSite\",\"@id\":\"https:\/\/infinityhouse.pl\/ua\/#website\",\"url\":\"https:\/\/infinityhouse.pl\/ua\/\",\"name\":\"Infinity House\",\"description\":\"\",\"potentialAction\":[{\"@type\":\"SearchAction\",\"target\":\"https:\/\/infinityhouse.pl\/ua\/?s={search_term_string}\",\"query-input\":\"required name=search_term_string\"}],\"inLanguage\":\"pl-PL\"},{\"@type\":\"ImageObject\",\"@id\":\"https:\/\/infinityhouse.pl\/ua\/en\/our-team\/#primaryimage\",\"inLanguage\":\"pl-PL\",\"url\":\"https:\/\/infinityhouse.pl\/wp-content\/uploads\/foto\/78088511.jpg\"},{\"@type\":\"WebPage\",\"@id\":\"https:\/\/infinityhouse.pl\/ua\/en\/our-team\/#webpage\",\"url\":\"https:\/\/infinityhouse.pl\/ua\/en\/our-team\/\",\"name\":\"Our team - Infinity House\",\"isPartOf\":{\"@id\":\"https:\/\/infinityhouse.pl\/ua\/#website\"},\"primaryImageOfPage\":{\"@id\":\"https:\/\/infinityhouse.pl\/ua\/en\/our-team\/#primaryimage\"},\"datePublished\":\"2020-09-03T12:55:55+00:00\",\"dateModified\":\"2021-06-14T06:30:09+00:00\",\"breadcrumb\":{\"@id\":\"https:\/\/infinityhouse.pl\/ua\/en\/our-team\/#breadcrumb\"},\"inLanguage\":\"pl-PL\",\"potentialAction\":[{\"@type\":\"ReadAction\",\"target\":[\"https:\/\/infinityhouse.pl\/ua\/en\/our-team\/\"]}]},{\"@type\":\"BreadcrumbList\",\"@id\":\"https:\/\/infinityhouse.pl\/ua\/en\/our-team\/#breadcrumb\",\"itemListElement\":[{\"@type\":\"ListItem\",\"position\":1,\"item\":{\"@type\":\"WebPage\",\"@id\":\"https:\/\/infinityhouse.pl\/ua\/pl\/\",\"url\":\"https:\/\/infinityhouse.pl\/ua\/pl\/\",\"name\":\"Strona g\\u0142\\u00f3wna\"}},{\"@type\":\"ListItem\",\"position\":2,\"item\":{\"@type\":\"WebPage\",\"@id\":\"https:\/\/infinityhouse.pl\/ua\/en\/our-team\/\",\"url\":\"https:\/\/infinityhouse.pl\/ua\/en\/our-team\/\",\"name\":\"Our team\"}}]}]}<\/script>\n<!-- \/ Yoast SEO plugin. -->","_links":{"self":[{"href":"https:\/\/infinityhouse.pl\/ua\/wp-json\/wp\/v2\/pages\/1695687"}],"collection":[{"href":"https:\/\/infinityhouse.pl\/ua\/wp-json\/wp\/v2\/pages"}],"about":[{"href":"https:\/\/infinityhouse.pl\/ua\/wp-json\/wp\/v2\/types\/page"}],"author":[{"embeddable":true,"href":"https:\/\/infinityhouse.pl\/ua\/wp-json\/wp\/v2\/users\/1"}],"replies":[{"embeddable":true,"href":"https:\/\/infinityhouse.pl\/ua\/wp-json\/wp\/v2\/comments?post=1695687"}],"version-history":[{"count":7,"href":"https:\/\/infinityhouse.pl\/ua\/wp-json\/wp\/v2\/pages\/1695687\/revisions"}],"predecessor-version":[{"id":1896025,"href":"https:\/\/infinityhouse.pl\/ua\/wp-json\/wp\/v2\/pages\/1695687\/revisions\/1896025"}],"wp:attachment":[{"href":"https:\/\/infinityhouse.pl\/ua\/wp-json\/wp\/v2\/media?parent=1695687"}],"curies":[{"name":"wp","href":"https:\/\/api.w.org\/{rel}","templated":true}]}}