{"id":1284540,"date":"2020-08-17T22:01:02","date_gmt":"2020-08-17T20:01:02","guid":{"rendered":"http:\/\/jjasari.protom.stronazen.pl\/?page_id=1284540"},"modified":"2022-04-04T14:50:34","modified_gmt":"2022-04-04T12:50:34","slug":"inwestycje","status":"publish","type":"page","link":"https:\/\/infinityhouse.pl\/ua\/pl\/inwestycje\/","title":{"rendered":"Inwestycje"},"content":{"rendered":"<div class=\"pf-content\"><h3>Zapraszamy do zapoznania si\u0119 z nasz\u0105 wyj\u0105tkow\u0105 ofert\u0105 inwestycji w apartamenty generuj\u0105ce zysk dla inwestora.<\/h3>\n<ul>\n<li>Obiekty w presti\u017cowych warszawskich kamienicach w unikalnych lokalizacjach.<\/li>\n<li>Produkt bezobs\u0142ugowy \u2013 z zarz\u0105dzaniem wyspecjalizowanego operatora.<\/li>\n<li>Stopy zwrotu nawet 6-9%<\/li>\n<li>Doskona\u0142a inwestycja na przysz\u0142o\u015b\u0107 dla siebie oraz swoich dzieci<\/li>\n<\/ul>\n<p>Skontaktuj si\u0119 z naszym ekspertem po wi\u0119cej informacji:<br \/>\n<a href=\"mailto:michal@infinityhouse.pl\">michal@infinityhouse.pl<\/a> lub zadzwo\u0144 608 085 080<\/p>\n<\/div>","protected":false},"excerpt":{"rendered":"<p>Zapraszamy do zapoznania si\u0119 z nasz\u0105 wyj\u0105tkow\u0105 ofert\u0105 inwestycji w apartamenty generuj\u0105ce zysk dla inwestora. Obiekty w presti\u017cowych warszawskich kamienicach w unikalnych lokalizacjach. Produkt","protected":false},"author":1,"featured_media":0,"parent":0,"menu_order":0,"comment_status":"closed","ping_status":"closed","template":"","meta":[],"yoast_head":"<!-- This site is optimized with the Yoast SEO plugin v15.8 - https:\/\/yoast.com\/wordpress\/plugins\/seo\/ -->\n<title>Inwestycje - Infinity House<\/title>\n<meta name=\"robots\" content=\"index, follow, max-snippet:-1, max-image-preview:large, max-video-preview:-1\" \/>\n<link rel=\"canonical\" href=\"https:\/\/infinityhouse.pl\/ua\/pl\/inwestycje\/\" \/>\n<meta property=\"og:locale\" content=\"pl_PL\" \/>\n<meta property=\"og:type\" content=\"article\" \/>\n<meta property=\"og:title\" content=\"Inwestycje - Infinity House\" \/>\n<meta property=\"og:description\" content=\"Zapraszamy do zapoznania si\u0119 z nasz\u0105 wyj\u0105tkow\u0105 ofert\u0105 inwestycji w apartamenty generuj\u0105ce zysk dla inwestora. Obiekty w presti\u017cowych warszawskich kamienicach w unikalnych lokalizacjach. Produkt bezobs\u0142ugowy \u2013 z zarz\u0105dzaniem wyspecjalizowanego operatora. Stopy zwrotu nawet 6-9% Doskona\u0142a inwestycja na przysz\u0142o\u015b\u0107 dla siebie oraz swoich dzieci Skontaktuj si\u0119...\" \/>\n<meta property=\"og:url\" content=\"https:\/\/infinityhouse.pl\/ua\/pl\/inwestycje\/\" \/>\n<meta property=\"og:site_name\" content=\"Infinity House\" \/>\n<meta property=\"article:modified_time\" content=\"2022-04-04T12:50:34+00:00\" \/>\n<meta name=\"twitter:card\" content=\"summary_large_image\" \/>\n<meta name=\"twitter:label1\" content=\"Est. reading time\">\n\t<meta name=\"twitter:data1\" content=\"1 minuta\">\n<script type=\"application\/ld+json\" class=\"yoast-schema-graph\">{\"@context\":\"https:\/\/schema.org\",\"@graph\":[{\"@type\":\"WebSite\",\"@id\":\"https:\/\/infinityhouse.pl\/ua\/#website\",\"url\":\"https:\/\/infinityhouse.pl\/ua\/\",\"name\":\"Infinity House\",\"description\":\"\",\"potentialAction\":[{\"@type\":\"SearchAction\",\"target\":\"https:\/\/infinityhouse.pl\/ua\/?s={search_term_string}\",\"query-input\":\"required name=search_term_string\"}],\"inLanguage\":\"pl-PL\"},{\"@type\":\"WebPage\",\"@id\":\"https:\/\/infinityhouse.pl\/ua\/pl\/inwestycje\/#webpage\",\"url\":\"https:\/\/infinityhouse.pl\/ua\/pl\/inwestycje\/\",\"name\":\"Inwestycje - Infinity House\",\"isPartOf\":{\"@id\":\"https:\/\/infinityhouse.pl\/ua\/#website\"},\"datePublished\":\"2020-08-17T20:01:02+00:00\",\"dateModified\":\"2022-04-04T12:50:34+00:00\",\"breadcrumb\":{\"@id\":\"https:\/\/infinityhouse.pl\/ua\/pl\/inwestycje\/#breadcrumb\"},\"inLanguage\":\"pl-PL\",\"potentialAction\":[{\"@type\":\"ReadAction\",\"target\":[\"https:\/\/infinityhouse.pl\/ua\/pl\/inwestycje\/\"]}]},{\"@type\":\"BreadcrumbList\",\"@id\":\"https:\/\/infinityhouse.pl\/ua\/pl\/inwestycje\/#breadcrumb\",\"itemListElement\":[{\"@type\":\"ListItem\",\"position\":1,\"item\":{\"@type\":\"WebPage\",\"@id\":\"https:\/\/infinityhouse.pl\/ua\/pl\/\",\"url\":\"https:\/\/infinityhouse.pl\/ua\/pl\/\",\"name\":\"Strona g\\u0142\\u00f3wna\"}},{\"@type\":\"ListItem\",\"position\":2,\"item\":{\"@type\":\"WebPage\",\"@id\":\"https:\/\/infinityhouse.pl\/ua\/pl\/inwestycje\/\",\"url\":\"https:\/\/infinityhouse.pl\/ua\/pl\/inwestycje\/\",\"name\":\"Inwestycje\"}}]}]}<\/script>\n<!-- \/ Yoast SEO plugin. -->","_links":{"self":[{"href":"https:\/\/infinityhouse.pl\/ua\/wp-json\/wp\/v2\/pages\/1284540"}],"collection":[{"href":"https:\/\/infinityhouse.pl\/ua\/wp-json\/wp\/v2\/pages"}],"about":[{"href":"https:\/\/infinityhouse.pl\/ua\/wp-json\/wp\/v2\/types\/page"}],"author":[{"embeddable":true,"href":"https:\/\/infinityhouse.pl\/ua\/wp-json\/wp\/v2\/users\/1"}],"replies":[{"embeddable":true,"href":"https:\/\/infinityhouse.pl\/ua\/wp-json\/wp\/v2\/comments?post=1284540"}],"version-history":[{"count":1,"href":"https:\/\/infinityhouse.pl\/ua\/wp-json\/wp\/v2\/pages\/1284540\/revisions"}],"predecessor-version":[{"id":1900698,"href":"https:\/\/infinityhouse.pl\/ua\/wp-json\/wp\/v2\/pages\/1284540\/revisions\/1900698"}],"wp:attachment":[{"href":"https:\/\/infinityhouse.pl\/ua\/wp-json\/wp\/v2\/media?parent=1284540"}],"curies":[{"name":"wp","href":"https:\/\/api.w.org\/{rel}","templated":true}]}}