{"id":936584,"date":"2020-09-17T19:25:58","date_gmt":"2020-09-17T17:25:58","guid":{"rendered":"http:\/\/jjasari.protom.stronazen.pl\/?page_id=936584"},"modified":"2020-10-28T23:07:28","modified_gmt":"2020-10-28T22:07:28","slug":"zglos-nieruchomosc","status":"publish","type":"page","link":"https:\/\/infinityhouse.pl\/en\/zglos-nieruchomosc\/","title":{"rendered":"Zg\u0142o\u015b nieruchomo\u015b\u0107"},"content":{"rendered":"\n<div class=\"wpcf7 no-js\" id=\"wpcf7-f936571-o1\" lang=\"pl-PL\" dir=\"ltr\">\n<div class=\"screen-reader-response\"><p role=\"status\" aria-live=\"polite\" aria-atomic=\"true\"><\/p> <ul><\/ul><\/div>\n<form action=\"\/en\/wp-json\/wp\/v2\/pages\/936584#wpcf7-f936571-o1\" method=\"post\" class=\"wpcf7-form init wpcf7-acceptance-as-validation\" aria-label=\"Formularz kontaktowy\" novalidate=\"novalidate\" data-status=\"init\">\n<div style=\"display: none;\">\n<input type=\"hidden\" name=\"_wpcf7\" value=\"936571\" \/>\n<input type=\"hidden\" name=\"_wpcf7_version\" value=\"5.9.8\" \/>\n<input type=\"hidden\" name=\"_wpcf7_locale\" value=\"pl_PL\" \/>\n<input type=\"hidden\" name=\"_wpcf7_unit_tag\" value=\"wpcf7-f936571-o1\" \/>\n<input type=\"hidden\" name=\"_wpcf7_container_post\" value=\"0\" \/>\n<input type=\"hidden\" name=\"_wpcf7_posted_data_hash\" value=\"\" \/>\n<\/div>\n<div class=\"row\">\n\t<div class=\"col-sm-6\">\n\t\t<p><label><br \/>\n<span class=\"wpcf7-form-control-wrap\" data-name=\"your-name\"><input size=\"40\" maxlength=\"400\" class=\"wpcf7-form-control wpcf7-text wpcf7-validates-as-required\" aria-required=\"true\" aria-invalid=\"false\" placeholder=\"Imi\u0119\" value=\"\" type=\"text\" name=\"your-name\" \/><\/span><br \/>\n<\/label><br \/>\n<label><br \/>\n<span class=\"wpcf7-form-control-wrap\" data-name=\"your-phone\"><input size=\"40\" maxlength=\"400\" class=\"wpcf7-form-control wpcf7-text wpcf7-validates-as-required\" aria-required=\"true\" aria-invalid=\"false\" placeholder=\"Telefon\" value=\"\" type=\"text\" name=\"your-phone\" \/><\/span><br \/>\n<\/label><br \/>\n<label><br \/>\n<span style=\"color:darkgray\">Przepisz kod:<\/span><br \/>\n<span class=\"wpcf7-form-control-wrap\" data-name=\"captcha-19\"><input size=\"40\" class=\"wpcf7-form-control wpcf7-captchar input-inline\" autocomplete=\"off\" aria-invalid=\"false\" value=\"\" type=\"text\" name=\"captcha-19\" \/><\/span><br \/>\n<input type=\"hidden\" name=\"_wpcf7_captcha_challenge_captcha-19\" value=\"326342185\" \/><img decoding=\"async\" class=\"wpcf7-form-control wpcf7-captchac wpcf7-captcha-captcha-19\" width=\"84\" height=\"28\" alt=\"captcha\" src=\"https:\/\/infinityhouse.pl\/en\/wp-content\/uploads\/wpcf7_captcha\/326342185.png\" \/><br \/>\n<\/label>\n\t\t<\/p>\n\t<\/div>\n<!-- .col -->\n\t<div class=\"col-sm-6\">\n\t\t<p><label><br \/>\n<span class=\"wpcf7-form-control-wrap\" data-name=\"message\"><textarea cols=\"40\" rows=\"10\" maxlength=\"2000\" class=\"wpcf7-form-control wpcf7-textarea\" aria-invalid=\"false\" placeholder=\"Wiadomo\u015b\u0107\" name=\"message\"><\/textarea><\/span><br \/>\n<\/label><br \/>\n<button class=\"button_small button_settings\" >Wy\u015blij<\/button>\n\t\t<\/p>\n\t<\/div>\n<!-- .col -->\n<\/div>\n<!-- .row -->\n<p style=\"font-size: .85em; line-height: 1.25em; margin-bottom: 15px;\"><label><span class=\"wpcf7-form-control-wrap\" data-name=\"terms_1\"><span class=\"wpcf7-form-control wpcf7-acceptance\"><span class=\"wpcf7-list-item\"><input type=\"checkbox\" name=\"terms_1\" value=\"1\" aria-invalid=\"false\" \/><\/span><\/span><\/span> TAK wyra\u017cam zgod\u0119 na przetwarzanie przez Infinityhouse Sp. z o.o. podanych przeze mnie danych osobowych. Administratorem danych jest Infinityhouse Sp. z o.o. z siedzib\u0105 w Warszawie przy ul. Bagno 2 lokal 27, adres mailowy: office@infinityhouse.pl, tel: +48 (22) 258 84 88. Podanie danych jest dobrowolne. Mam prawo dost\u0119pu do nich, ich poprawiania i odwo\u0142ania wysy\u0142aj\u0105c informacj\u0119 drog\u0105 mailow\u0105 na adres: office@infinityhouse.pl, telefonicznie pod numer +48 (22) 258 84 88, lub drog\u0105 pocztow\u0105 na adres Infinityhouse sp. z o.o. ul. Bagno 2 lokal 27, 00-112 Warszawa. Dane zbierane s\u0105 w celu zawarcia umowy po\u015brednictwa z Infinityhouse lub podpisania karty wskazania adresu z Infinityhouse lub zawarcia transakcji z zakresu obrotu nieruchomo\u015bciami i mog\u0105 by\u0107 w tym zakresie przekazywane potencjalnym Kontrahentom i innym podmiotom bezpo\u015brednio zaanga\u017cowanym w proces transakcji.<\/label>\n<\/p>\n<p style=\"font-size: .85em; line-height: 1.25em; margin-bottom: 15px;\"><label><span class=\"wpcf7-form-control-wrap\" data-name=\"terms_2\"><span class=\"wpcf7-form-control wpcf7-acceptance\"><span class=\"wpcf7-list-item\"><input type=\"checkbox\" name=\"terms_2\" value=\"1\" aria-invalid=\"false\" \/><\/span><\/span><\/span> TAK Wyra\u017cam zgod\u0119 na otrzymywanie od Infinityhouse Sp. z o.o. za pomoc\u0105 telefonu, \u015brodk\u00f3w komunikacji elektronicznej skierowanej do mnie informacji handlowej w rozumieniu ustawy z dnia 18 lipca 2002 r. o \u015bwiadczeniu us\u0142ug drog\u0105 elektroniczn\u0105 oraz wyra\u017cam zgod\u0119 na przesy\u0142anie mi materia\u0142\u00f3w reklamowych, og\u0142osze\u0144 nieruchomo\u015bci i us\u0142ug oferowanych przez Infinityhouse Sp. z o.o. Wiem, \u017ce w ka\u017cdej chwili b\u0119d\u0119 m\u00f3g\u0142 odwo\u0142a\u0107 zgod\u0119 wysy\u0142aj\u0105c informacj\u0119 o tym na adres mailowy: office@infinityhouse.pl lub drog\u0105 pocztow\u0105 na adres: ul. Bagno 2 lokal 27, 00-112 Warszawa lub telefonicznie pod numer \u2013 +48 (22) 258 84 88<\/label>\n<\/p><div class=\"wpcf7-response-output\" aria-hidden=\"true\"><\/div>\n<\/form>\n<\/div>\n\n","protected":false},"excerpt":{"rendered":"","protected":false},"author":1,"featured_media":0,"parent":0,"menu_order":0,"comment_status":"closed","ping_status":"closed","template":"","meta":{"footnotes":""},"yoast_head":"<!-- This site is optimized with the Yoast SEO plugin v22.0 - https:\/\/yoast.com\/wordpress\/plugins\/seo\/ -->\n<title>Zg\u0142o\u015b nieruchomo\u015b\u0107 - Infinity House<\/title>\n<meta name=\"robots\" content=\"index, follow, max-snippet:-1, max-image-preview:large, max-video-preview:-1\" \/>\n<link rel=\"canonical\" href=\"https:\/\/infinityhouse.pl\/en\/zglos-nieruchomosc\/\" \/>\n<meta property=\"og:locale\" content=\"pl_PL\" \/>\n<meta property=\"og:type\" content=\"article\" \/>\n<meta property=\"og:title\" content=\"Zg\u0142o\u015b nieruchomo\u015b\u0107 - Infinity House\" \/>\n<meta property=\"og:url\" content=\"https:\/\/infinityhouse.pl\/en\/zglos-nieruchomosc\/\" \/>\n<meta property=\"og:site_name\" content=\"Infinity House\" \/>\n<meta property=\"article:modified_time\" content=\"2020-10-28T22:07:28+00:00\" \/>\n<meta name=\"twitter:card\" content=\"summary_large_image\" \/>\n<script type=\"application\/ld+json\" class=\"yoast-schema-graph\">{\"@context\":\"https:\/\/schema.org\",\"@graph\":[{\"@type\":\"WebPage\",\"@id\":\"https:\/\/infinityhouse.pl\/en\/zglos-nieruchomosc\/\",\"url\":\"https:\/\/infinityhouse.pl\/en\/zglos-nieruchomosc\/\",\"name\":\"Zg\u0142o\u015b nieruchomo\u015b\u0107 - Infinity House\",\"isPartOf\":{\"@id\":\"https:\/\/infinityhouse.pl\/en\/#website\"},\"datePublished\":\"2020-09-17T17:25:58+00:00\",\"dateModified\":\"2020-10-28T22:07:28+00:00\",\"breadcrumb\":{\"@id\":\"https:\/\/infinityhouse.pl\/en\/zglos-nieruchomosc\/#breadcrumb\"},\"inLanguage\":\"pl-PL\",\"potentialAction\":[{\"@type\":\"ReadAction\",\"target\":[\"https:\/\/infinityhouse.pl\/en\/zglos-nieruchomosc\/\"]}]},{\"@type\":\"BreadcrumbList\",\"@id\":\"https:\/\/infinityhouse.pl\/en\/zglos-nieruchomosc\/#breadcrumb\",\"itemListElement\":[{\"@type\":\"ListItem\",\"position\":1,\"name\":\"Strona g\u0142\u00f3wna\",\"item\":\"https:\/\/infinityhouse.pl\/en\/\"},{\"@type\":\"ListItem\",\"position\":2,\"name\":\"Zg\u0142o\u015b nieruchomo\u015b\u0107\"}]},{\"@type\":\"WebSite\",\"@id\":\"https:\/\/infinityhouse.pl\/en\/#website\",\"url\":\"https:\/\/infinityhouse.pl\/en\/\",\"name\":\"Infinity House\",\"description\":\"\",\"publisher\":{\"@id\":\"https:\/\/infinityhouse.pl\/en\/#organization\"},\"potentialAction\":[{\"@type\":\"SearchAction\",\"target\":{\"@type\":\"EntryPoint\",\"urlTemplate\":\"https:\/\/infinityhouse.pl\/en\/?s={search_term_string}\"},\"query-input\":\"required name=search_term_string\"}],\"inLanguage\":\"pl-PL\"},{\"@type\":\"Organization\",\"@id\":\"https:\/\/infinityhouse.pl\/en\/#organization\",\"name\":\"Infinity House\",\"url\":\"https:\/\/infinityhouse.pl\/en\/\",\"logo\":{\"@type\":\"ImageObject\",\"inLanguage\":\"pl-PL\",\"@id\":\"https:\/\/infinityhouse.pl\/en\/#\/schema\/logo\/image\/\",\"url\":\"https:\/\/infinityhouse.pl\/en\/wp-content\/uploads\/2020\/10\/cropped-IH-1.png\",\"contentUrl\":\"https:\/\/infinityhouse.pl\/en\/wp-content\/uploads\/2020\/10\/cropped-IH-1.png\",\"width\":205,\"height\":205,\"caption\":\"Infinity House\"},\"image\":{\"@id\":\"https:\/\/infinityhouse.pl\/en\/#\/schema\/logo\/image\/\"}}]}<\/script>\n<!-- \/ Yoast SEO plugin. -->","yoast_head_json":{"title":"Zg\u0142o\u015b nieruchomo\u015b\u0107 - Infinity House","robots":{"index":"index","follow":"follow","max-snippet":"max-snippet:-1","max-image-preview":"max-image-preview:large","max-video-preview":"max-video-preview:-1"},"canonical":"https:\/\/infinityhouse.pl\/en\/zglos-nieruchomosc\/","og_locale":"pl_PL","og_type":"article","og_title":"Zg\u0142o\u015b nieruchomo\u015b\u0107 - Infinity House","og_url":"https:\/\/infinityhouse.pl\/en\/zglos-nieruchomosc\/","og_site_name":"Infinity House","article_modified_time":"2020-10-28T22:07:28+00:00","twitter_card":"summary_large_image","schema":{"@context":"https:\/\/schema.org","@graph":[{"@type":"WebPage","@id":"https:\/\/infinityhouse.pl\/en\/zglos-nieruchomosc\/","url":"https:\/\/infinityhouse.pl\/en\/zglos-nieruchomosc\/","name":"Zg\u0142o\u015b nieruchomo\u015b\u0107 - Infinity House","isPartOf":{"@id":"https:\/\/infinityhouse.pl\/en\/#website"},"datePublished":"2020-09-17T17:25:58+00:00","dateModified":"2020-10-28T22:07:28+00:00","breadcrumb":{"@id":"https:\/\/infinityhouse.pl\/en\/zglos-nieruchomosc\/#breadcrumb"},"inLanguage":"pl-PL","potentialAction":[{"@type":"ReadAction","target":["https:\/\/infinityhouse.pl\/en\/zglos-nieruchomosc\/"]}]},{"@type":"BreadcrumbList","@id":"https:\/\/infinityhouse.pl\/en\/zglos-nieruchomosc\/#breadcrumb","itemListElement":[{"@type":"ListItem","position":1,"name":"Strona g\u0142\u00f3wna","item":"https:\/\/infinityhouse.pl\/en\/"},{"@type":"ListItem","position":2,"name":"Zg\u0142o\u015b nieruchomo\u015b\u0107"}]},{"@type":"WebSite","@id":"https:\/\/infinityhouse.pl\/en\/#website","url":"https:\/\/infinityhouse.pl\/en\/","name":"Infinity House","description":"","publisher":{"@id":"https:\/\/infinityhouse.pl\/en\/#organization"},"potentialAction":[{"@type":"SearchAction","target":{"@type":"EntryPoint","urlTemplate":"https:\/\/infinityhouse.pl\/en\/?s={search_term_string}"},"query-input":"required name=search_term_string"}],"inLanguage":"pl-PL"},{"@type":"Organization","@id":"https:\/\/infinityhouse.pl\/en\/#organization","name":"Infinity House","url":"https:\/\/infinityhouse.pl\/en\/","logo":{"@type":"ImageObject","inLanguage":"pl-PL","@id":"https:\/\/infinityhouse.pl\/en\/#\/schema\/logo\/image\/","url":"https:\/\/infinityhouse.pl\/en\/wp-content\/uploads\/2020\/10\/cropped-IH-1.png","contentUrl":"https:\/\/infinityhouse.pl\/en\/wp-content\/uploads\/2020\/10\/cropped-IH-1.png","width":205,"height":205,"caption":"Infinity House"},"image":{"@id":"https:\/\/infinityhouse.pl\/en\/#\/schema\/logo\/image\/"}}]}},"_links":{"self":[{"href":"https:\/\/infinityhouse.pl\/en\/wp-json\/wp\/v2\/pages\/936584"}],"collection":[{"href":"https:\/\/infinityhouse.pl\/en\/wp-json\/wp\/v2\/pages"}],"about":[{"href":"https:\/\/infinityhouse.pl\/en\/wp-json\/wp\/v2\/types\/page"}],"author":[{"embeddable":true,"href":"https:\/\/infinityhouse.pl\/en\/wp-json\/wp\/v2\/users\/1"}],"replies":[{"embeddable":true,"href":"https:\/\/infinityhouse.pl\/en\/wp-json\/wp\/v2\/comments?post=936584"}],"version-history":[{"count":0,"href":"https:\/\/infinityhouse.pl\/en\/wp-json\/wp\/v2\/pages\/936584\/revisions"}],"wp:attachment":[{"href":"https:\/\/infinityhouse.pl\/en\/wp-json\/wp\/v2\/media?parent=936584"}],"curies":[{"name":"wp","href":"https:\/\/api.w.org\/{rel}","templated":true}]}}