{"id":1900759,"date":"2022-05-16T13:43:56","date_gmt":"2022-05-16T11:43:56","guid":{"rendered":"https:\/\/infinityhouse.pl\/?page_id=1900759"},"modified":"2022-05-16T13:43:56","modified_gmt":"2022-05-16T11:43:56","slug":"agencja-nieruchomosci-premium-warszawa","status":"publish","type":"page","link":"https:\/\/infinityhouse.pl\/en\/agencja-nieruchomosci-premium-warszawa\/","title":{"rendered":"Agencja nieruchomo\u015bci premium Warszawa"},"content":{"rendered":"<p style=\"text-align: justify;\"><img decoding=\"async\" class=\"wp-image-1900771 alignright\" src=\"https:\/\/infinityhouse.pl\/wp-content\/uploads\/2022\/05\/apartment-5346460_640-300x195.jpg\" alt=\"Agencja nieruchomo\u015bci premium Warszawa\" width=\"192\" height=\"125\" srcset=\"https:\/\/infinityhouse.pl\/en\/wp-content\/uploads\/2022\/05\/apartment-5346460_640-300x195.jpg 300w, https:\/\/infinityhouse.pl\/en\/wp-content\/uploads\/2022\/05\/apartment-5346460_640.jpg 640w\" sizes=\"(max-width: 192px) 100vw, 192px\" \/>Jako <b>agencja nieruchomo\u015bci premium Warszawa <\/b>posiadamy wieloletnie do\u015bwiadczenie, bogat\u0105 ofert\u0119 nieruchomo\u015bci oraz obszern\u0105 baz\u0119 klient\u00f3w. Jeste\u015bmy jednym z lider\u00f3w w\u015br\u00f3d agencji zajmuj\u0105cych si\u0119 obrotem nieruchomo\u015bci na teranie Warszawy. Nasza <b>agencja nieruchomo\u015bci premium Warszawa <\/b>s\u0142ynie z wyj\u0105tkowej obs\u0142ugi, a tak\u017ce unikatowych rozwi\u0105za\u0144. Zach\u0119camy do przejrzenia naszej bazy ofert.<\/p>\n<p style=\"text-align: justify;\">Warszawa jest miastem mo\u017cliwo\u015bci. To idealne miejsce dla os\u00f3b, kt\u00f3re chc\u0105 otacza\u0107 si\u0119 na co dzie\u0144 luksusem. <b>Agencja nieruchomo\u015bci premium Warszawa <\/b>s\u0142ynie z wyszukiwania ekskluzywnych ofert willi i nieruchomo\u015bci w stale rozwijaj\u0105cym si\u0119 mie\u015bcie. Coraz wi\u0119cej naszych klient\u00f3w, poszukuj\u0105c nieruchomo\u015bci na sprzeda\u017c lub wynajem, pragnie zainwestowa\u0107 w dom lub mieszkanie o najwy\u017cszym standardzie \u2013 miejsce nie tylko komfortowe i przytulne, ale tak\u017ce zapewniaj\u0105ce wszelkie mo\u017cliwe udogodnienia.<\/p>\n","protected":false},"excerpt":{"rendered":"<p>Jako agencja nieruchomo\u015bci premium Warszawa posiadamy wieloletnie do\u015bwiadczenie, bogat\u0105 ofert\u0119 nieruchomo\u015bci oraz obszern\u0105 baz\u0119 klient\u00f3w. Jeste\u015bmy jednym z lider\u00f3w w\u015br\u00f3d agencji zajmuj\u0105cych","protected":false},"author":1,"featured_media":0,"parent":0,"menu_order":0,"comment_status":"closed","ping_status":"closed","template":"","meta":{"footnotes":""},"yoast_head":"<!-- This site is optimized with the Yoast SEO plugin v22.0 - https:\/\/yoast.com\/wordpress\/plugins\/seo\/ -->\n<title>Agencja nieruchomo\u015bci premium Warszawa - Infinity House<\/title>\n<meta name=\"robots\" content=\"index, follow, max-snippet:-1, max-image-preview:large, max-video-preview:-1\" \/>\n<link rel=\"canonical\" href=\"https:\/\/infinityhouse.pl\/en\/agencja-nieruchomosci-premium-warszawa\/\" \/>\n<meta property=\"og:locale\" content=\"pl_PL\" \/>\n<meta property=\"og:type\" content=\"article\" \/>\n<meta property=\"og:title\" content=\"Agencja nieruchomo\u015bci premium Warszawa - Infinity House\" \/>\n<meta property=\"og:description\" content=\"Jako agencja nieruchomo\u015bci premium Warszawa posiadamy wieloletnie do\u015bwiadczenie, bogat\u0105 ofert\u0119 nieruchomo\u015bci oraz obszern\u0105 baz\u0119 klient\u00f3w. Jeste\u015bmy jednym z lider\u00f3w w\u015br\u00f3d agencji zajmuj\u0105cych si\u0119 obrotem nieruchomo\u015bci na teranie Warszawy. Nasza agencja nieruchomo\u015bci premium Warszawa s\u0142ynie z wyj\u0105tkowej obs\u0142ugi, a tak\u017ce unikatowych rozwi\u0105za\u0144. Zach\u0119camy do przejrzenia naszej...\" \/>\n<meta property=\"og:url\" content=\"https:\/\/infinityhouse.pl\/en\/agencja-nieruchomosci-premium-warszawa\/\" \/>\n<meta property=\"og:site_name\" content=\"Infinity House\" \/>\n<meta property=\"og:image\" content=\"https:\/\/infinityhouse.pl\/wp-content\/uploads\/2022\/05\/apartment-5346460_640-300x195.jpg\" \/>\n<meta name=\"twitter:card\" content=\"summary_large_image\" \/>\n<meta name=\"twitter:label1\" content=\"Szacowany czas czytania\" \/>\n\t<meta name=\"twitter:data1\" content=\"1 minuta\" \/>\n<script type=\"application\/ld+json\" class=\"yoast-schema-graph\">{\"@context\":\"https:\/\/schema.org\",\"@graph\":[{\"@type\":\"WebPage\",\"@id\":\"https:\/\/infinityhouse.pl\/en\/agencja-nieruchomosci-premium-warszawa\/\",\"url\":\"https:\/\/infinityhouse.pl\/en\/agencja-nieruchomosci-premium-warszawa\/\",\"name\":\"Agencja nieruchomo\u015bci premium Warszawa - Infinity House\",\"isPartOf\":{\"@id\":\"https:\/\/infinityhouse.pl\/en\/#website\"},\"datePublished\":\"2022-05-16T11:43:56+00:00\",\"dateModified\":\"2022-05-16T11:43:56+00:00\",\"breadcrumb\":{\"@id\":\"https:\/\/infinityhouse.pl\/en\/agencja-nieruchomosci-premium-warszawa\/#breadcrumb\"},\"inLanguage\":\"pl-PL\",\"potentialAction\":[{\"@type\":\"ReadAction\",\"target\":[\"https:\/\/infinityhouse.pl\/en\/agencja-nieruchomosci-premium-warszawa\/\"]}]},{\"@type\":\"BreadcrumbList\",\"@id\":\"https:\/\/infinityhouse.pl\/en\/agencja-nieruchomosci-premium-warszawa\/#breadcrumb\",\"itemListElement\":[{\"@type\":\"ListItem\",\"position\":1,\"name\":\"Strona g\u0142\u00f3wna\",\"item\":\"https:\/\/infinityhouse.pl\/en\/\"},{\"@type\":\"ListItem\",\"position\":2,\"name\":\"Agencja nieruchomo\u015bci premium Warszawa\"}]},{\"@type\":\"WebSite\",\"@id\":\"https:\/\/infinityhouse.pl\/en\/#website\",\"url\":\"https:\/\/infinityhouse.pl\/en\/\",\"name\":\"Infinity House\",\"description\":\"\",\"publisher\":{\"@id\":\"https:\/\/infinityhouse.pl\/en\/#organization\"},\"potentialAction\":[{\"@type\":\"SearchAction\",\"target\":{\"@type\":\"EntryPoint\",\"urlTemplate\":\"https:\/\/infinityhouse.pl\/en\/?s={search_term_string}\"},\"query-input\":\"required name=search_term_string\"}],\"inLanguage\":\"pl-PL\"},{\"@type\":\"Organization\",\"@id\":\"https:\/\/infinityhouse.pl\/en\/#organization\",\"name\":\"Infinity House\",\"url\":\"https:\/\/infinityhouse.pl\/en\/\",\"logo\":{\"@type\":\"ImageObject\",\"inLanguage\":\"pl-PL\",\"@id\":\"https:\/\/infinityhouse.pl\/en\/#\/schema\/logo\/image\/\",\"url\":\"https:\/\/infinityhouse.pl\/en\/wp-content\/uploads\/2020\/10\/cropped-IH-1.png\",\"contentUrl\":\"https:\/\/infinityhouse.pl\/en\/wp-content\/uploads\/2020\/10\/cropped-IH-1.png\",\"width\":205,\"height\":205,\"caption\":\"Infinity House\"},\"image\":{\"@id\":\"https:\/\/infinityhouse.pl\/en\/#\/schema\/logo\/image\/\"}}]}<\/script>\n<!-- \/ Yoast SEO plugin. -->","yoast_head_json":{"title":"Agencja nieruchomo\u015bci premium Warszawa - Infinity House","robots":{"index":"index","follow":"follow","max-snippet":"max-snippet:-1","max-image-preview":"max-image-preview:large","max-video-preview":"max-video-preview:-1"},"canonical":"https:\/\/infinityhouse.pl\/en\/agencja-nieruchomosci-premium-warszawa\/","og_locale":"pl_PL","og_type":"article","og_title":"Agencja nieruchomo\u015bci premium Warszawa - Infinity House","og_description":"Jako agencja nieruchomo\u015bci premium Warszawa posiadamy wieloletnie do\u015bwiadczenie, bogat\u0105 ofert\u0119 nieruchomo\u015bci oraz obszern\u0105 baz\u0119 klient\u00f3w. Jeste\u015bmy jednym z lider\u00f3w w\u015br\u00f3d agencji zajmuj\u0105cych si\u0119 obrotem nieruchomo\u015bci na teranie Warszawy. Nasza agencja nieruchomo\u015bci premium Warszawa s\u0142ynie z wyj\u0105tkowej obs\u0142ugi, a tak\u017ce unikatowych rozwi\u0105za\u0144. Zach\u0119camy do przejrzenia naszej...","og_url":"https:\/\/infinityhouse.pl\/en\/agencja-nieruchomosci-premium-warszawa\/","og_site_name":"Infinity House","og_image":[{"url":"https:\/\/infinityhouse.pl\/wp-content\/uploads\/2022\/05\/apartment-5346460_640-300x195.jpg"}],"twitter_card":"summary_large_image","twitter_misc":{"Szacowany czas czytania":"1 minuta"},"schema":{"@context":"https:\/\/schema.org","@graph":[{"@type":"WebPage","@id":"https:\/\/infinityhouse.pl\/en\/agencja-nieruchomosci-premium-warszawa\/","url":"https:\/\/infinityhouse.pl\/en\/agencja-nieruchomosci-premium-warszawa\/","name":"Agencja nieruchomo\u015bci premium Warszawa - Infinity House","isPartOf":{"@id":"https:\/\/infinityhouse.pl\/en\/#website"},"datePublished":"2022-05-16T11:43:56+00:00","dateModified":"2022-05-16T11:43:56+00:00","breadcrumb":{"@id":"https:\/\/infinityhouse.pl\/en\/agencja-nieruchomosci-premium-warszawa\/#breadcrumb"},"inLanguage":"pl-PL","potentialAction":[{"@type":"ReadAction","target":["https:\/\/infinityhouse.pl\/en\/agencja-nieruchomosci-premium-warszawa\/"]}]},{"@type":"BreadcrumbList","@id":"https:\/\/infinityhouse.pl\/en\/agencja-nieruchomosci-premium-warszawa\/#breadcrumb","itemListElement":[{"@type":"ListItem","position":1,"name":"Strona g\u0142\u00f3wna","item":"https:\/\/infinityhouse.pl\/en\/"},{"@type":"ListItem","position":2,"name":"Agencja nieruchomo\u015bci premium Warszawa"}]},{"@type":"WebSite","@id":"https:\/\/infinityhouse.pl\/en\/#website","url":"https:\/\/infinityhouse.pl\/en\/","name":"Infinity House","description":"","publisher":{"@id":"https:\/\/infinityhouse.pl\/en\/#organization"},"potentialAction":[{"@type":"SearchAction","target":{"@type":"EntryPoint","urlTemplate":"https:\/\/infinityhouse.pl\/en\/?s={search_term_string}"},"query-input":"required name=search_term_string"}],"inLanguage":"pl-PL"},{"@type":"Organization","@id":"https:\/\/infinityhouse.pl\/en\/#organization","name":"Infinity House","url":"https:\/\/infinityhouse.pl\/en\/","logo":{"@type":"ImageObject","inLanguage":"pl-PL","@id":"https:\/\/infinityhouse.pl\/en\/#\/schema\/logo\/image\/","url":"https:\/\/infinityhouse.pl\/en\/wp-content\/uploads\/2020\/10\/cropped-IH-1.png","contentUrl":"https:\/\/infinityhouse.pl\/en\/wp-content\/uploads\/2020\/10\/cropped-IH-1.png","width":205,"height":205,"caption":"Infinity House"},"image":{"@id":"https:\/\/infinityhouse.pl\/en\/#\/schema\/logo\/image\/"}}]}},"_links":{"self":[{"href":"https:\/\/infinityhouse.pl\/en\/wp-json\/wp\/v2\/pages\/1900759"}],"collection":[{"href":"https:\/\/infinityhouse.pl\/en\/wp-json\/wp\/v2\/pages"}],"about":[{"href":"https:\/\/infinityhouse.pl\/en\/wp-json\/wp\/v2\/types\/page"}],"author":[{"embeddable":true,"href":"https:\/\/infinityhouse.pl\/en\/wp-json\/wp\/v2\/users\/1"}],"replies":[{"embeddable":true,"href":"https:\/\/infinityhouse.pl\/en\/wp-json\/wp\/v2\/comments?post=1900759"}],"version-history":[{"count":1,"href":"https:\/\/infinityhouse.pl\/en\/wp-json\/wp\/v2\/pages\/1900759\/revisions"}],"predecessor-version":[{"id":1900772,"href":"https:\/\/infinityhouse.pl\/en\/wp-json\/wp\/v2\/pages\/1900759\/revisions\/1900772"}],"wp:attachment":[{"href":"https:\/\/infinityhouse.pl\/en\/wp-json\/wp\/v2\/media?parent=1900759"}],"curies":[{"name":"wp","href":"https:\/\/api.w.org\/{rel}","templated":true}]}}