{"id":1897086,"date":"2021-08-10T13:22:47","date_gmt":"2021-08-10T11:22:47","guid":{"rendered":"https:\/\/infinityhouse.pl\/?page_id=1897086"},"modified":"2021-08-10T13:35:17","modified_gmt":"2021-08-10T11:35:17","slug":"dzial-finansowy","status":"publish","type":"page","link":"https:\/\/infinityhouse.pl\/en\/dzial-finansowy\/","title":{"rendered":"Dzia\u0142 Finansowy"},"content":{"rendered":"\t\t<div data-elementor-type=\"wp-page\" data-elementor-id=\"1897086\" class=\"elementor elementor-1897086\" data-elementor-settings=\"[]\">\n\t\t\t\t\t\t<div class=\"elementor-inner\">\n\t\t\t\t\t\t\t<div class=\"elementor-section-wrap\">\n\t\t\t\t\t\t\t<section class=\"elementor-section elementor-top-section elementor-element elementor-element-2569d9c elementor-section-boxed elementor-section-height-default elementor-section-height-default astroon-bg-container\" data-id=\"2569d9c\" data-element_type=\"section\">\n\t\t\t\t\t\t<div class=\"elementor-container elementor-column-gap-default\">\n\t\t\t\t\t\t\t<div class=\"elementor-row\">\n\t\t\t\t\t<div class=\"elementor-column elementor-col-100 elementor-top-column elementor-element elementor-element-da79d43\" data-id=\"da79d43\" data-element_type=\"column\">\n\t\t\t<div class=\"elementor-column-wrap elementor-element-populated\">\n\t\t\t\t\t\t\t<div class=\"elementor-widget-wrap\">\n\t\t\t\t\t\t<section class=\"elementor-section elementor-inner-section elementor-element elementor-element-7e430a1 elementor-section-boxed elementor-section-height-default elementor-section-height-default astroon-bg-container\" data-id=\"7e430a1\" data-element_type=\"section\">\n\t\t\t\t\t\t<div class=\"elementor-container elementor-column-gap-default\">\n\t\t\t\t\t\t\t<div class=\"elementor-row\">\n\t\t\t\t\t<div class=\"elementor-column elementor-col-50 elementor-inner-column elementor-element elementor-element-44d1766\" data-id=\"44d1766\" data-element_type=\"column\">\n\t\t\t<div class=\"elementor-column-wrap elementor-element-populated\">\n\t\t\t\t\t\t\t<div class=\"elementor-widget-wrap\">\n\t\t\t\t\t\t<div class=\"elementor-element elementor-element-692ec17 elementor-widget elementor-widget-image\" data-id=\"692ec17\" data-element_type=\"widget\" data-widget_type=\"image.default\">\n\t\t\t\t<div class=\"elementor-widget-container\">\n\t\t\t\t\t<div class=\"elementor-image\">\n\t\t\t\t\t\t\t\t\t\t<img decoding=\"async\" width=\"640\" height=\"732\" src=\"https:\/\/infinityhouse.pl\/en\/wp-content\/uploads\/2021\/08\/fp-pionowe2-895x1024.png\" class=\"attachment-large size-large\" alt=\"Financial Partners\" srcset=\"https:\/\/infinityhouse.pl\/en\/wp-content\/uploads\/2021\/08\/fp-pionowe2-895x1024.png 895w, https:\/\/infinityhouse.pl\/en\/wp-content\/uploads\/2021\/08\/fp-pionowe2-262x300.png 262w, https:\/\/infinityhouse.pl\/en\/wp-content\/uploads\/2021\/08\/fp-pionowe2-768x879.png 768w, https:\/\/infinityhouse.pl\/en\/wp-content\/uploads\/2021\/08\/fp-pionowe2-1342x1536.png 1342w, https:\/\/infinityhouse.pl\/en\/wp-content\/uploads\/2021\/08\/fp-pionowe2-1789x2048.png 1789w, https:\/\/infinityhouse.pl\/en\/wp-content\/uploads\/2021\/08\/fp-pionowe2.png 1398w\" sizes=\"(max-width: 640px) 100vw, 640px\" \/>\t\t\t\t\t\t\t\t\t\t\t<\/div>\n\t\t\t\t<\/div>\n\t\t\t\t<\/div>\n\t\t\t\t\t\t<\/div>\n\t\t\t\t\t<\/div>\n\t\t<\/div>\n\t\t\t\t<div class=\"elementor-column elementor-col-50 elementor-inner-column elementor-element elementor-element-c4f8ee2\" data-id=\"c4f8ee2\" data-element_type=\"column\">\n\t\t\t<div class=\"elementor-column-wrap elementor-element-populated\">\n\t\t\t\t\t\t\t<div class=\"elementor-widget-wrap\">\n\t\t\t\t\t\t<div class=\"elementor-element elementor-element-1a3d2d7 elementor-widget elementor-widget-text-editor\" data-id=\"1a3d2d7\" data-element_type=\"widget\" data-widget_type=\"text-editor.default\">\n\t\t\t\t<div class=\"elementor-widget-container\">\n\t\t\t\t\t<div class=\"elementor-text-editor elementor-clearfix\"><h3>Finansowanie<\/h3>\n<p>Chc\u0105c zapewni\u0107 naszym Klientom kompleksow\u0105 obs\u0142ug\u0119, stworzyli\u015bmy wraz z firm\u0105 Financial Partners Dzia\u0142 Kredyt\u00f3w Hipotecznych, dzi\u0119ki kt\u00f3remu mog\u0105 Pa\u0144stwo skorzysta\u0107 z oferty niezale\u017cnego Eksperta Finansowego.<\/p>\n\n<p>Nasi Doradcy to specjali\u015bci w finansowaniu zakupu nieruchomo\u015bci z wieloletnim sta\u017cem. Zalety kontaktu z nimi:<\/p>\n<ul><li>Otrzymasz specjalne oferty cenowe z najni\u017csz\u0105 mar\u017c\u0105 na rynku<\/li>\n<li>Indywidualnie negocjujemy obni\u017cenie oprocentowania z bankiem<\/li>\n<li>Uzyskasz sprawnie finansowanie czuj\u0105c si\u0119 przy tym pewnie i bezpiecznie<\/li>\n<li>Zapewnimy przy\u015bpieszony proces rozpatrywania wniosku<\/li>\n<li>Wype\u0142nimy i skompletujemy wszystkie wymagane dokumenty<\/li>\n<li>Us\u0142ugi \u015bwiadczymy ca\u0142kowicie bezp\u0142atnie<\/li>\n<li>Dojedziemy na spotkanie pod wskazany adres lub zaprosimy do biura<\/li><\/ul>\n \n<p>Pe\u0142na analiza rynku, komfort i kompleksowa obs\u0142uga transakcji gwarantuj\u0105 Pa\u0144stwu pewno\u015b\u0107 wyboru najlepszego kredytu i nieruchomo\u015bci.\nJu\u017c dzi\u015b skontaktuj si\u0119 z Doradc\u0105 i poznaj oferty kredytowe przygotowane specjalnie dla Klient\u00f3w firmy InfinityHouse.<\/p>\n \n<h4>Kontakt do eksperta finansowego:<\/h4>\n \n<p>Piotr Kocha\u0144ski<br \/>\ntel. <a href=\"tel:+48883150200\">883 150 200<\/a><br \/>\n<a href=\"mailto:piotr.kochanski@financialpartners.com.pl\">piotr.kochanski@financialpartners.com.pl<\/a><\/p><\/div>\n\t\t\t\t<\/div>\n\t\t\t\t<\/div>\n\t\t\t\t\t\t<\/div>\n\t\t\t\t\t<\/div>\n\t\t<\/div>\n\t\t\t\t\t\t\t\t<\/div>\n\t\t\t\t\t<\/div>\n\t\t<\/section>\n\t\t\t\t\t\t<\/div>\n\t\t\t\t\t<\/div>\n\t\t<\/div>\n\t\t\t\t\t\t\t\t<\/div>\n\t\t\t\t\t<\/div>\n\t\t<\/section>\n\t\t\t\t\t\t<\/div>\n\t\t\t\t\t\t<\/div>\n\t\t\t\t\t<\/div>\n\t\t","protected":false},"excerpt":{"rendered":"<p>Finansowanie Chc\u0105c zapewni\u0107 naszym Klientom kompleksow\u0105 obs\u0142ug\u0119, stworzyli\u015bmy wraz z firm\u0105 Financial Partners Dzia\u0142 Kredyt\u00f3w Hipotecznych, dzi\u0119ki kt\u00f3remu mog\u0105 Pa\u0144stwo skorzysta\u0107 z oferty","protected":false},"author":2,"featured_media":0,"parent":0,"menu_order":0,"comment_status":"closed","ping_status":"closed","template":"","meta":{"footnotes":""},"yoast_head":"<!-- This site is optimized with the Yoast SEO plugin v22.0 - https:\/\/yoast.com\/wordpress\/plugins\/seo\/ -->\n<title>Dzia\u0142 Finansowy - Infinity House<\/title>\n<meta name=\"robots\" content=\"index, follow, max-snippet:-1, max-image-preview:large, max-video-preview:-1\" \/>\n<link rel=\"canonical\" href=\"https:\/\/infinityhouse.pl\/en\/dzial-finansowy\/\" \/>\n<meta property=\"og:locale\" content=\"pl_PL\" \/>\n<meta property=\"og:type\" content=\"article\" \/>\n<meta property=\"og:title\" content=\"Dzia\u0142 Finansowy - Infinity House\" \/>\n<meta property=\"og:description\" content=\"Finansowanie Chc\u0105c zapewni\u0107 naszym Klientom kompleksow\u0105 obs\u0142ug\u0119, stworzyli\u015bmy wraz z firm\u0105 Financial Partners Dzia\u0142 Kredyt\u00f3w Hipotecznych, dzi\u0119ki kt\u00f3remu mog\u0105 Pa\u0144stwo skorzysta\u0107 z oferty niezale\u017cnego Eksperta Finansowego. Nasi Doradcy to specjali\u015bci w finansowaniu zakupu nieruchomo\u015bci z wieloletnim sta\u017cem. Zalety kontaktu z nimi: Otrzymasz specjalne oferty cenowe...\" \/>\n<meta property=\"og:url\" content=\"https:\/\/infinityhouse.pl\/en\/dzial-finansowy\/\" \/>\n<meta property=\"og:site_name\" content=\"Infinity House\" \/>\n<meta property=\"article:modified_time\" content=\"2021-08-10T11:35:17+00:00\" \/>\n<meta property=\"og:image\" content=\"https:\/\/infinityhouse.pl\/wp-content\/uploads\/2021\/08\/fp-pionowe2-895x1024.png\" \/>\n<meta name=\"twitter:card\" content=\"summary_large_image\" \/>\n<meta name=\"twitter:label1\" content=\"Szacowany czas czytania\" \/>\n\t<meta name=\"twitter:data1\" content=\"1 minuta\" \/>\n<script type=\"application\/ld+json\" class=\"yoast-schema-graph\">{\"@context\":\"https:\/\/schema.org\",\"@graph\":[{\"@type\":\"WebPage\",\"@id\":\"https:\/\/infinityhouse.pl\/en\/dzial-finansowy\/\",\"url\":\"https:\/\/infinityhouse.pl\/en\/dzial-finansowy\/\",\"name\":\"Dzia\u0142 Finansowy - Infinity House\",\"isPartOf\":{\"@id\":\"https:\/\/infinityhouse.pl\/en\/#website\"},\"datePublished\":\"2021-08-10T11:22:47+00:00\",\"dateModified\":\"2021-08-10T11:35:17+00:00\",\"breadcrumb\":{\"@id\":\"https:\/\/infinityhouse.pl\/en\/dzial-finansowy\/#breadcrumb\"},\"inLanguage\":\"pl-PL\",\"potentialAction\":[{\"@type\":\"ReadAction\",\"target\":[\"https:\/\/infinityhouse.pl\/en\/dzial-finansowy\/\"]}]},{\"@type\":\"BreadcrumbList\",\"@id\":\"https:\/\/infinityhouse.pl\/en\/dzial-finansowy\/#breadcrumb\",\"itemListElement\":[{\"@type\":\"ListItem\",\"position\":1,\"name\":\"Strona g\u0142\u00f3wna\",\"item\":\"https:\/\/infinityhouse.pl\/en\/\"},{\"@type\":\"ListItem\",\"position\":2,\"name\":\"Dzia\u0142 Finansowy\"}]},{\"@type\":\"WebSite\",\"@id\":\"https:\/\/infinityhouse.pl\/en\/#website\",\"url\":\"https:\/\/infinityhouse.pl\/en\/\",\"name\":\"Infinity House\",\"description\":\"\",\"publisher\":{\"@id\":\"https:\/\/infinityhouse.pl\/en\/#organization\"},\"potentialAction\":[{\"@type\":\"SearchAction\",\"target\":{\"@type\":\"EntryPoint\",\"urlTemplate\":\"https:\/\/infinityhouse.pl\/en\/?s={search_term_string}\"},\"query-input\":\"required name=search_term_string\"}],\"inLanguage\":\"pl-PL\"},{\"@type\":\"Organization\",\"@id\":\"https:\/\/infinityhouse.pl\/en\/#organization\",\"name\":\"Infinity House\",\"url\":\"https:\/\/infinityhouse.pl\/en\/\",\"logo\":{\"@type\":\"ImageObject\",\"inLanguage\":\"pl-PL\",\"@id\":\"https:\/\/infinityhouse.pl\/en\/#\/schema\/logo\/image\/\",\"url\":\"https:\/\/infinityhouse.pl\/en\/wp-content\/uploads\/2020\/10\/cropped-IH-1.png\",\"contentUrl\":\"https:\/\/infinityhouse.pl\/en\/wp-content\/uploads\/2020\/10\/cropped-IH-1.png\",\"width\":205,\"height\":205,\"caption\":\"Infinity House\"},\"image\":{\"@id\":\"https:\/\/infinityhouse.pl\/en\/#\/schema\/logo\/image\/\"}}]}<\/script>\n<!-- \/ Yoast SEO plugin. -->","yoast_head_json":{"title":"Dzia\u0142 Finansowy - Infinity House","robots":{"index":"index","follow":"follow","max-snippet":"max-snippet:-1","max-image-preview":"max-image-preview:large","max-video-preview":"max-video-preview:-1"},"canonical":"https:\/\/infinityhouse.pl\/en\/dzial-finansowy\/","og_locale":"pl_PL","og_type":"article","og_title":"Dzia\u0142 Finansowy - Infinity House","og_description":"Finansowanie Chc\u0105c zapewni\u0107 naszym Klientom kompleksow\u0105 obs\u0142ug\u0119, stworzyli\u015bmy wraz z firm\u0105 Financial Partners Dzia\u0142 Kredyt\u00f3w Hipotecznych, dzi\u0119ki kt\u00f3remu mog\u0105 Pa\u0144stwo skorzysta\u0107 z oferty niezale\u017cnego Eksperta Finansowego. Nasi Doradcy to specjali\u015bci w finansowaniu zakupu nieruchomo\u015bci z wieloletnim sta\u017cem. Zalety kontaktu z nimi: Otrzymasz specjalne oferty cenowe...","og_url":"https:\/\/infinityhouse.pl\/en\/dzial-finansowy\/","og_site_name":"Infinity House","article_modified_time":"2021-08-10T11:35:17+00:00","og_image":[{"url":"https:\/\/infinityhouse.pl\/wp-content\/uploads\/2021\/08\/fp-pionowe2-895x1024.png"}],"twitter_card":"summary_large_image","twitter_misc":{"Szacowany czas czytania":"1 minuta"},"schema":{"@context":"https:\/\/schema.org","@graph":[{"@type":"WebPage","@id":"https:\/\/infinityhouse.pl\/en\/dzial-finansowy\/","url":"https:\/\/infinityhouse.pl\/en\/dzial-finansowy\/","name":"Dzia\u0142 Finansowy - Infinity House","isPartOf":{"@id":"https:\/\/infinityhouse.pl\/en\/#website"},"datePublished":"2021-08-10T11:22:47+00:00","dateModified":"2021-08-10T11:35:17+00:00","breadcrumb":{"@id":"https:\/\/infinityhouse.pl\/en\/dzial-finansowy\/#breadcrumb"},"inLanguage":"pl-PL","potentialAction":[{"@type":"ReadAction","target":["https:\/\/infinityhouse.pl\/en\/dzial-finansowy\/"]}]},{"@type":"BreadcrumbList","@id":"https:\/\/infinityhouse.pl\/en\/dzial-finansowy\/#breadcrumb","itemListElement":[{"@type":"ListItem","position":1,"name":"Strona g\u0142\u00f3wna","item":"https:\/\/infinityhouse.pl\/en\/"},{"@type":"ListItem","position":2,"name":"Dzia\u0142 Finansowy"}]},{"@type":"WebSite","@id":"https:\/\/infinityhouse.pl\/en\/#website","url":"https:\/\/infinityhouse.pl\/en\/","name":"Infinity House","description":"","publisher":{"@id":"https:\/\/infinityhouse.pl\/en\/#organization"},"potentialAction":[{"@type":"SearchAction","target":{"@type":"EntryPoint","urlTemplate":"https:\/\/infinityhouse.pl\/en\/?s={search_term_string}"},"query-input":"required name=search_term_string"}],"inLanguage":"pl-PL"},{"@type":"Organization","@id":"https:\/\/infinityhouse.pl\/en\/#organization","name":"Infinity House","url":"https:\/\/infinityhouse.pl\/en\/","logo":{"@type":"ImageObject","inLanguage":"pl-PL","@id":"https:\/\/infinityhouse.pl\/en\/#\/schema\/logo\/image\/","url":"https:\/\/infinityhouse.pl\/en\/wp-content\/uploads\/2020\/10\/cropped-IH-1.png","contentUrl":"https:\/\/infinityhouse.pl\/en\/wp-content\/uploads\/2020\/10\/cropped-IH-1.png","width":205,"height":205,"caption":"Infinity House"},"image":{"@id":"https:\/\/infinityhouse.pl\/en\/#\/schema\/logo\/image\/"}}]}},"_links":{"self":[{"href":"https:\/\/infinityhouse.pl\/en\/wp-json\/wp\/v2\/pages\/1897086"}],"collection":[{"href":"https:\/\/infinityhouse.pl\/en\/wp-json\/wp\/v2\/pages"}],"about":[{"href":"https:\/\/infinityhouse.pl\/en\/wp-json\/wp\/v2\/types\/page"}],"author":[{"embeddable":true,"href":"https:\/\/infinityhouse.pl\/en\/wp-json\/wp\/v2\/users\/2"}],"replies":[{"embeddable":true,"href":"https:\/\/infinityhouse.pl\/en\/wp-json\/wp\/v2\/comments?post=1897086"}],"version-history":[{"count":17,"href":"https:\/\/infinityhouse.pl\/en\/wp-json\/wp\/v2\/pages\/1897086\/revisions"}],"predecessor-version":[{"id":1897105,"href":"https:\/\/infinityhouse.pl\/en\/wp-json\/wp\/v2\/pages\/1897086\/revisions\/1897105"}],"wp:attachment":[{"href":"https:\/\/infinityhouse.pl\/en\/wp-json\/wp\/v2\/media?parent=1897086"}],"curies":[{"name":"wp","href":"https:\/\/api.w.org\/{rel}","templated":true}]}}