{"id":1695703,"date":"2020-10-28T23:03:35","date_gmt":"2020-10-28T22:03:35","guid":{"rendered":"http:\/\/jjasari.protom.stronazen.pl\/?page_id=1695703"},"modified":"2020-10-28T22:52:45","modified_gmt":"2020-10-28T21:52:45","slug":"contact","status":"publish","type":"page","link":"https:\/\/infinityhouse.pl\/en\/contact\/","title":{"rendered":"Contact"},"content":{"rendered":"\t\t<div data-elementor-type=\"wp-page\" data-elementor-id=\"1695703\" class=\"elementor elementor-1695703\" data-elementor-settings=\"[]\">\n\t\t\t\t\t\t<div class=\"elementor-inner\">\n\t\t\t\t\t\t\t<div class=\"elementor-section-wrap\">\n\t\t\t\t\t\t\t<section class=\"elementor-section elementor-top-section elementor-element elementor-element-37ceaa3 elementor-section-boxed elementor-section-height-default elementor-section-height-default astroon-bg-container\" data-id=\"37ceaa3\" data-element_type=\"section\">\n\t\t\t\t\t\t<div class=\"elementor-container elementor-column-gap-default\">\n\t\t\t\t\t\t\t<div class=\"elementor-row\">\n\t\t\t\t\t<div class=\"elementor-column elementor-col-33 elementor-top-column elementor-element elementor-element-5d8c055\" data-id=\"5d8c055\" data-element_type=\"column\">\n\t\t\t<div class=\"elementor-column-wrap elementor-element-populated\">\n\t\t\t\t\t\t\t<div class=\"elementor-widget-wrap\">\n\t\t\t\t\t\t<div class=\"elementor-element elementor-element-6eb3049 elementor-widget elementor-widget-image\" data-id=\"6eb3049\" data-element_type=\"widget\" data-widget_type=\"image.default\">\n\t\t\t\t<div class=\"elementor-widget-container\">\n\t\t\t\t\t<div class=\"elementor-image\">\n\t\t\t\t\t\t\t\t\t\t<img decoding=\"async\" src=\"http:\/\/jjasari.protom.stronazen.pl\/wp-content\/uploads\/2020\/06\/IH-o-firmie-1.png\" title=\"\" alt=\"\" \/>\t\t\t\t\t\t\t\t\t\t\t<\/div>\n\t\t\t\t<\/div>\n\t\t\t\t<\/div>\n\t\t\t\t<div class=\"elementor-element elementor-element-9e37d93 elementor-widget elementor-widget-text-editor\" data-id=\"9e37d93\" data-element_type=\"widget\" data-widget_type=\"text-editor.default\">\n\t\t\t\t<div class=\"elementor-widget-container\">\n\t\t\t\t\t<div class=\"elementor-text-editor elementor-clearfix\"><p style=\"text-align: center;\">phone. <a class=\"\" href=\"tel:+48222588488\">+48 (22) 258 84 88<\/a><\/p><p style=\"text-align: center;\">email:\u00a0<span class=\"\" style=\"color: #ff2600;\"><a class=\"\" href=\"mailto:office@infinityhouse.pl\">office@infinityhouse.pl<\/a><\/span><\/p><p style=\"text-align: center;\">ul. Bagno 2 lokal 27, 00-112 Warszawa<\/p><p style=\"text-align: center;\">NIP: 701 034 24 67,\u00a0REGON 146127049<\/p><\/div>\n\t\t\t\t<\/div>\n\t\t\t\t<\/div>\n\t\t\t\t\t\t<\/div>\n\t\t\t\t\t<\/div>\n\t\t<\/div>\n\t\t\t\t<div class=\"elementor-column elementor-col-66 elementor-top-column elementor-element elementor-element-92ea983\" data-id=\"92ea983\" data-element_type=\"column\">\n\t\t\t<div class=\"elementor-column-wrap elementor-element-populated\">\n\t\t\t\t\t\t\t<div class=\"elementor-widget-wrap\">\n\t\t\t\t\t\t<div class=\"elementor-element elementor-element-da3ba61 elementor-widget elementor-widget-title_uphome\" data-id=\"da3ba61\" data-element_type=\"widget\" data-widget_type=\"title_uphome.default\">\n\t\t\t\t<div class=\"elementor-widget-container\">\n\t\t\t\n\t\t\t<div class=\"head_block left_flex\">\n\t\t\t\t\t\t\t\t<div class=\"b_d\">\n\t\t\t\t\t\t\t\t<h2 data-lax-preset_large=\"zoomIn-0.9\">InfinityHouse<\/h2>                \t\t\t\t\t\t\t\t<\/div>\n            <\/div>\n\n    \t\t<\/div>\n\t\t\t\t<\/div>\n\t\t\t\t<div class=\"elementor-element elementor-element-3f07273 elementor-align-left elementor-widget elementor-widget-contact_astroon\" data-id=\"3f07273\" data-element_type=\"widget\" data-widget_type=\"contact_astroon.default\">\n\t\t\t\t<div class=\"elementor-widget-container\">\n\t\t\t        <div class=\"astroon_cf7_container form_column style_border_bottom wrap_border_button wrap_button_medium\">\n\t\t\t\n<div class=\"wpcf7 no-js\" id=\"wpcf7-f1697163-o1\" lang=\"ru-RU\" dir=\"ltr\">\n<div class=\"screen-reader-response\"><p role=\"status\" aria-live=\"polite\" aria-atomic=\"true\"><\/p> <ul><\/ul><\/div>\n<form action=\"\/en\/wp-json\/wp\/v2\/pages\/1695703#wpcf7-f1697163-o1\" method=\"post\" class=\"wpcf7-form init\" aria-label=\"\u041a\u043e\u043d\u0442\u0430\u043a\u0442\u043d\u0430\u044f \u0444\u043e\u0440\u043c\u0430\" novalidate=\"novalidate\" data-status=\"init\">\n<div style=\"display: none;\">\n<input type=\"hidden\" name=\"_wpcf7\" value=\"1697163\" \/>\n<input type=\"hidden\" name=\"_wpcf7_version\" value=\"5.9.8\" \/>\n<input type=\"hidden\" name=\"_wpcf7_locale\" value=\"ru_RU\" \/>\n<input type=\"hidden\" name=\"_wpcf7_unit_tag\" value=\"wpcf7-f1697163-o1\" \/>\n<input type=\"hidden\" name=\"_wpcf7_container_post\" value=\"0\" \/>\n<input type=\"hidden\" name=\"_wpcf7_posted_data_hash\" value=\"\" \/>\n<\/div>\n<div class=\"row\">\n\t<div class=\"col-sm-6\">\n\t\t<p><span class=\"wpcf7-form-control-wrap\" data-name=\"your-name\"><input size=\"40\" maxlength=\"400\" class=\"wpcf7-form-control wpcf7-text wpcf7-validates-as-required\" aria-required=\"true\" aria-invalid=\"false\" placeholder=\"Name\" value=\"\" type=\"text\" name=\"your-name\" \/><\/span><br \/>\n<br \/>\n<label><br \/>\n<span class=\"wpcf7-form-control-wrap\" data-name=\"your-phone\"><input size=\"40\" maxlength=\"400\" class=\"wpcf7-form-control wpcf7-text wpcf7-validates-as-required\" aria-required=\"true\" aria-invalid=\"false\" placeholder=\"Phone\" value=\"\" type=\"text\" name=\"your-phone\" \/><\/span><br \/>\n<\/label><br \/>\n<label><br \/>\n<span class=\"wpcf7-form-control-wrap\" data-name=\"your-email\"><input size=\"40\" maxlength=\"400\" class=\"wpcf7-form-control wpcf7-email wpcf7-validates-as-required wpcf7-text wpcf7-validates-as-email\" aria-required=\"true\" aria-invalid=\"false\" placeholder=\"Email\" value=\"\" type=\"email\" name=\"your-email\" \/><\/span><br \/>\n<\/label><br \/>\n<label><br \/>\n<span style=\"color:darkgray\">Use code:<\/span><br \/>\n<span class=\"wpcf7-form-control-wrap\" data-name=\"captcha-19\"><input size=\"40\" class=\"wpcf7-form-control wpcf7-captchar input-inline\" autocomplete=\"off\" aria-invalid=\"false\" value=\"\" type=\"text\" name=\"captcha-19\" \/><\/span><br \/>\n<input type=\"hidden\" name=\"_wpcf7_captcha_challenge_captcha-19\" value=\"2329945311\" \/><img decoding=\"async\" class=\"wpcf7-form-control wpcf7-captchac wpcf7-captcha-captcha-19\" width=\"84\" height=\"28\" alt=\"captcha\" src=\"https:\/\/infinityhouse.pl\/en\/wp-content\/uploads\/wpcf7_captcha\/2329945311.png\" \/><br \/>\n<\/label>\n\t\t<\/p>\n\t<\/div>\n<!-- .col -->\n\t<div class=\"col-sm-6\">\n\t\t<p><label><br \/>\n<span class=\"wpcf7-form-control-wrap\" data-name=\"textarea-889\"><textarea cols=\"40\" rows=\"10\" maxlength=\"2000\" class=\"wpcf7-form-control wpcf7-textarea\" aria-invalid=\"false\" placeholder=\"Message\" name=\"textarea-889\"><\/textarea><\/span><br \/>\n<\/label><br \/>\n<button class=\"button_small button_settings\" >Send<\/button>\n\t\t<\/p>\n\t<\/div>\n<!-- .col -->\n<\/div>\n<p style=\"font-size: .85em; line-height: 1.25em; margin-bottom: 15px;\"><label><span class=\"wpcf7-form-control-wrap\" data-name=\"terms_1\"><span class=\"wpcf7-form-control wpcf7-acceptance\"><span class=\"wpcf7-list-item\"><input type=\"checkbox\" name=\"terms_1\" value=\"1\" aria-invalid=\"false\" \/><\/span><\/span><\/span> TAK wyra\u017cam zgod\u0119 na przetwarzanie przez Infinityhouse Sp. z o.o. podanych przeze mnie danych osobowych. Administratorem danych jest Infinityhouse Sp. z o.o. z siedzib\u0105 w Warszawie przy ul. Bagno 2 lokal 27, adres mailowy: office@infinityhouse.pl, tel: +48 (22) 258 84 88. Podanie danych jest dobrowolne. Mam prawo dost\u0119pu do nich, ich poprawiania i odwo\u0142ania wysy\u0142aj\u0105c informacj\u0119 drog\u0105 mailow\u0105 na adres: office@infinityhouse.pl, telefonicznie pod numer +48 (22) 258 84 88, lub drog\u0105 pocztow\u0105 na adres Infinityhouse sp. z o.o. ul. Bagno 2 lokal 27, 00-112 Warszawa. Dane zbierane s\u0105 w celu zawarcia umowy po\u015brednictwa z Infinityhouse lub podpisania karty wskazania adresu z Infinityhouse lub zawarcia transakcji z zakresu obrotu nieruchomo\u015bciami i mog\u0105 by\u0107 w tym zakresie przekazywane potencjalnym Kontrahentom i innym podmiotom bezpo\u015brednio zaanga\u017cowanym w proces transakcji.<\/label>\n<\/p>\n<p style=\"font-size: .85em; line-height: 1.25em; margin-bottom: 15px;\"><label><span class=\"wpcf7-form-control-wrap\" data-name=\"terms_2\"><span class=\"wpcf7-form-control wpcf7-acceptance\"><span class=\"wpcf7-list-item\"><input type=\"checkbox\" name=\"terms_2\" value=\"1\" aria-invalid=\"false\" \/><\/span><\/span><\/span> TAK Wyra\u017cam zgod\u0119 na otrzymywanie od Infinityhouse Sp. z o.o. za pomoc\u0105 telefonu, \u015brodk\u00f3w komunikacji elektronicznej skierowanej do mnie informacji handlowej w rozumieniu ustawy z dnia 18 lipca 2002 r. o \u015bwiadczeniu us\u0142ug drog\u0105 elektroniczn\u0105 oraz wyra\u017cam zgod\u0119 na przesy\u0142anie mi materia\u0142\u00f3w reklamowych, og\u0142osze\u0144 nieruchomo\u015bci i us\u0142ug oferowanych przez Infinityhouse Sp. z o.o. Wiem, \u017ce w ka\u017cdej chwili b\u0119d\u0119 m\u00f3g\u0142 odwo\u0142a\u0107 zgod\u0119 wysy\u0142aj\u0105c informacj\u0119 o tym na adres mailowy: office@infinityhouse.pl lub drog\u0105 pocztow\u0105 na adres: ul. Bagno 2 lokal 27, 00-112 Warszawa lub telefonicznie pod numer \u2013 +48 (22) 258 84 88<\/label>\n<\/p><div class=\"wpcf7-response-output\" aria-hidden=\"true\"><\/div>\n<\/form>\n<\/div>\n\t\t<\/div>\n\n    \t\t<\/div>\n\t\t\t\t<\/div>\n\t\t\t\t\t\t<\/div>\n\t\t\t\t\t<\/div>\n\t\t<\/div>\n\t\t\t\t\t\t\t\t<\/div>\n\t\t\t\t\t<\/div>\n\t\t<\/section>\n\t\t\t\t\t\t<\/div>\n\t\t\t\t\t\t<\/div>\n\t\t\t\t\t<\/div>\n\t\t","protected":false},"excerpt":{"rendered":"<p>phone. +48 (22) 258 84 88 email:\u00a0office@infinityhouse.pl ul. Bagno 2 lokal 27, 00-112 Warszawa NIP: 701 034 24 67,\u00a0REGON 146127049 InfinityHouse Use code: Send TAK wyra\u017cam zgod\u0119 na przetwarzanie","protected":false},"author":1,"featured_media":0,"parent":0,"menu_order":0,"comment_status":"closed","ping_status":"closed","template":"","meta":{"footnotes":""},"yoast_head":"<!-- This site is optimized with the Yoast SEO plugin v22.0 - https:\/\/yoast.com\/wordpress\/plugins\/seo\/ -->\n<title>Contact - Infinity House<\/title>\n<meta name=\"robots\" content=\"index, follow, max-snippet:-1, max-image-preview:large, max-video-preview:-1\" \/>\n<link rel=\"canonical\" href=\"https:\/\/infinityhouse.pl\/en\/contact\/\" \/>\n<meta property=\"og:locale\" content=\"pl_PL\" \/>\n<meta property=\"og:type\" content=\"article\" \/>\n<meta property=\"og:title\" content=\"Contact - Infinity House\" \/>\n<meta property=\"og:description\" content=\"phone. +48 (22) 258 84 88 email:\u00a0office@infinityhouse.pl ul. Bagno 2 lokal 27, 00-112 Warszawa NIP: 701 034 24 67,\u00a0REGON 146127049 InfinityHouse Use code: Send TAK wyra\u017cam zgod\u0119 na przetwarzanie przez Infinityhouse Sp. z o.o. podanych przeze mnie danych osobowych. Administratorem danych jest Infinityhouse Sp. z...\" \/>\n<meta property=\"og:url\" content=\"https:\/\/infinityhouse.pl\/en\/contact\/\" \/>\n<meta property=\"og:site_name\" content=\"Infinity House\" \/>\n<meta property=\"article:modified_time\" content=\"2020-10-28T21:52:45+00:00\" \/>\n<meta property=\"og:image\" content=\"http:\/\/jjasari.protom.stronazen.pl\/wp-content\/uploads\/2020\/06\/IH-o-firmie-1-300x198.png\" \/>\n<meta name=\"twitter:card\" content=\"summary_large_image\" \/>\n<meta name=\"twitter:label1\" content=\"Szacowany czas czytania\" \/>\n\t<meta name=\"twitter:data1\" content=\"1 minuta\" \/>\n<script type=\"application\/ld+json\" class=\"yoast-schema-graph\">{\"@context\":\"https:\/\/schema.org\",\"@graph\":[{\"@type\":\"WebPage\",\"@id\":\"https:\/\/infinityhouse.pl\/en\/contact\/\",\"url\":\"https:\/\/infinityhouse.pl\/en\/contact\/\",\"name\":\"Contact - Infinity House\",\"isPartOf\":{\"@id\":\"https:\/\/infinityhouse.pl\/en\/#website\"},\"datePublished\":\"2020-10-28T22:03:35+00:00\",\"dateModified\":\"2020-10-28T21:52:45+00:00\",\"breadcrumb\":{\"@id\":\"https:\/\/infinityhouse.pl\/en\/contact\/#breadcrumb\"},\"inLanguage\":\"pl-PL\",\"potentialAction\":[{\"@type\":\"ReadAction\",\"target\":[\"https:\/\/infinityhouse.pl\/en\/contact\/\"]}]},{\"@type\":\"BreadcrumbList\",\"@id\":\"https:\/\/infinityhouse.pl\/en\/contact\/#breadcrumb\",\"itemListElement\":[{\"@type\":\"ListItem\",\"position\":1,\"name\":\"Strona g\u0142\u00f3wna\",\"item\":\"https:\/\/infinityhouse.pl\/en\/\"},{\"@type\":\"ListItem\",\"position\":2,\"name\":\"Contact\"}]},{\"@type\":\"WebSite\",\"@id\":\"https:\/\/infinityhouse.pl\/en\/#website\",\"url\":\"https:\/\/infinityhouse.pl\/en\/\",\"name\":\"Infinity House\",\"description\":\"\",\"publisher\":{\"@id\":\"https:\/\/infinityhouse.pl\/en\/#organization\"},\"potentialAction\":[{\"@type\":\"SearchAction\",\"target\":{\"@type\":\"EntryPoint\",\"urlTemplate\":\"https:\/\/infinityhouse.pl\/en\/?s={search_term_string}\"},\"query-input\":\"required name=search_term_string\"}],\"inLanguage\":\"pl-PL\"},{\"@type\":\"Organization\",\"@id\":\"https:\/\/infinityhouse.pl\/en\/#organization\",\"name\":\"Infinity House\",\"url\":\"https:\/\/infinityhouse.pl\/en\/\",\"logo\":{\"@type\":\"ImageObject\",\"inLanguage\":\"pl-PL\",\"@id\":\"https:\/\/infinityhouse.pl\/en\/#\/schema\/logo\/image\/\",\"url\":\"https:\/\/infinityhouse.pl\/en\/wp-content\/uploads\/2020\/10\/cropped-IH-1.png\",\"contentUrl\":\"https:\/\/infinityhouse.pl\/en\/wp-content\/uploads\/2020\/10\/cropped-IH-1.png\",\"width\":205,\"height\":205,\"caption\":\"Infinity House\"},\"image\":{\"@id\":\"https:\/\/infinityhouse.pl\/en\/#\/schema\/logo\/image\/\"}}]}<\/script>\n<!-- \/ Yoast SEO plugin. -->","yoast_head_json":{"title":"Contact - Infinity House","robots":{"index":"index","follow":"follow","max-snippet":"max-snippet:-1","max-image-preview":"max-image-preview:large","max-video-preview":"max-video-preview:-1"},"canonical":"https:\/\/infinityhouse.pl\/en\/contact\/","og_locale":"pl_PL","og_type":"article","og_title":"Contact - Infinity House","og_description":"phone. +48 (22) 258 84 88 email:\u00a0office@infinityhouse.pl ul. Bagno 2 lokal 27, 00-112 Warszawa NIP: 701 034 24 67,\u00a0REGON 146127049 InfinityHouse Use code: Send TAK wyra\u017cam zgod\u0119 na przetwarzanie przez Infinityhouse Sp. z o.o. podanych przeze mnie danych osobowych. Administratorem danych jest Infinityhouse Sp. z...","og_url":"https:\/\/infinityhouse.pl\/en\/contact\/","og_site_name":"Infinity House","article_modified_time":"2020-10-28T21:52:45+00:00","og_image":[{"url":"http:\/\/jjasari.protom.stronazen.pl\/wp-content\/uploads\/2020\/06\/IH-o-firmie-1-300x198.png"}],"twitter_card":"summary_large_image","twitter_misc":{"Szacowany czas czytania":"1 minuta"},"schema":{"@context":"https:\/\/schema.org","@graph":[{"@type":"WebPage","@id":"https:\/\/infinityhouse.pl\/en\/contact\/","url":"https:\/\/infinityhouse.pl\/en\/contact\/","name":"Contact - Infinity House","isPartOf":{"@id":"https:\/\/infinityhouse.pl\/en\/#website"},"datePublished":"2020-10-28T22:03:35+00:00","dateModified":"2020-10-28T21:52:45+00:00","breadcrumb":{"@id":"https:\/\/infinityhouse.pl\/en\/contact\/#breadcrumb"},"inLanguage":"pl-PL","potentialAction":[{"@type":"ReadAction","target":["https:\/\/infinityhouse.pl\/en\/contact\/"]}]},{"@type":"BreadcrumbList","@id":"https:\/\/infinityhouse.pl\/en\/contact\/#breadcrumb","itemListElement":[{"@type":"ListItem","position":1,"name":"Strona g\u0142\u00f3wna","item":"https:\/\/infinityhouse.pl\/en\/"},{"@type":"ListItem","position":2,"name":"Contact"}]},{"@type":"WebSite","@id":"https:\/\/infinityhouse.pl\/en\/#website","url":"https:\/\/infinityhouse.pl\/en\/","name":"Infinity House","description":"","publisher":{"@id":"https:\/\/infinityhouse.pl\/en\/#organization"},"potentialAction":[{"@type":"SearchAction","target":{"@type":"EntryPoint","urlTemplate":"https:\/\/infinityhouse.pl\/en\/?s={search_term_string}"},"query-input":"required name=search_term_string"}],"inLanguage":"pl-PL"},{"@type":"Organization","@id":"https:\/\/infinityhouse.pl\/en\/#organization","name":"Infinity House","url":"https:\/\/infinityhouse.pl\/en\/","logo":{"@type":"ImageObject","inLanguage":"pl-PL","@id":"https:\/\/infinityhouse.pl\/en\/#\/schema\/logo\/image\/","url":"https:\/\/infinityhouse.pl\/en\/wp-content\/uploads\/2020\/10\/cropped-IH-1.png","contentUrl":"https:\/\/infinityhouse.pl\/en\/wp-content\/uploads\/2020\/10\/cropped-IH-1.png","width":205,"height":205,"caption":"Infinity House"},"image":{"@id":"https:\/\/infinityhouse.pl\/en\/#\/schema\/logo\/image\/"}}]}},"_links":{"self":[{"href":"https:\/\/infinityhouse.pl\/en\/wp-json\/wp\/v2\/pages\/1695703"}],"collection":[{"href":"https:\/\/infinityhouse.pl\/en\/wp-json\/wp\/v2\/pages"}],"about":[{"href":"https:\/\/infinityhouse.pl\/en\/wp-json\/wp\/v2\/types\/page"}],"author":[{"embeddable":true,"href":"https:\/\/infinityhouse.pl\/en\/wp-json\/wp\/v2\/users\/1"}],"replies":[{"embeddable":true,"href":"https:\/\/infinityhouse.pl\/en\/wp-json\/wp\/v2\/comments?post=1695703"}],"version-history":[{"count":0,"href":"https:\/\/infinityhouse.pl\/en\/wp-json\/wp\/v2\/pages\/1695703\/revisions"}],"wp:attachment":[{"href":"https:\/\/infinityhouse.pl\/en\/wp-json\/wp\/v2\/media?parent=1695703"}],"curies":[{"name":"wp","href":"https:\/\/api.w.org\/{rel}","templated":true}]}}