{"id":1496556,"date":"2020-09-03T14:55:55","date_gmt":"2020-09-03T12:55:55","guid":{"rendered":"http:\/\/jjasari.protom.stronazen.pl\/?page_id=1496556"},"modified":"2021-08-09T12:53:11","modified_gmt":"2021-08-09T10:53:11","slug":"nasz-zespol","status":"publish","type":"page","link":"https:\/\/infinityhouse.pl\/en\/nasz-zespol\/","title":{"rendered":"Nasz zesp\u00f3\u0142"},"content":{"rendered":"\t\t<div data-elementor-type=\"wp-page\" data-elementor-id=\"1496556\" class=\"elementor elementor-1496556\" data-elementor-settings=\"[]\">\n\t\t\t\t\t\t<div class=\"elementor-inner\">\n\t\t\t\t\t\t\t<div class=\"elementor-section-wrap\">\n\t\t\t\t\t\t\t<section class=\"elementor-section elementor-top-section elementor-element elementor-element-4100574 elementor-section-boxed elementor-section-height-default elementor-section-height-default astroon-bg-container\" data-id=\"4100574\" data-element_type=\"section\">\n\t\t\t\t\t\t<div class=\"elementor-container elementor-column-gap-default\">\n\t\t\t\t\t\t\t<div class=\"elementor-row\">\n\t\t\t\t\t<div class=\"elementor-column elementor-col-100 elementor-top-column elementor-element elementor-element-9ba2229\" data-id=\"9ba2229\" data-element_type=\"column\">\n\t\t\t<div class=\"elementor-column-wrap elementor-element-populated\">\n\t\t\t\t\t\t\t<div class=\"elementor-widget-wrap\">\n\t\t\t\t\t\t<div class=\"elementor-element elementor-element-ac737fe elementor-widget elementor-widget-team_widget\" data-id=\"ac737fe\" data-element_type=\"widget\" data-widget_type=\"team_widget.default\">\n\t\t\t\t<div class=\"elementor-widget-container\">\n\t\t\t<div class=\"astroon_team_block astroon-cols-4\">\t\t\t\t\t\t<div class=\"team_person\">\n\t\t\t\t\t\t\t<div class=\"wrap_astroon_team\">\n\t\t\t\t\t\t\t\t\t\t\t\t\t\t\t\t<div class=\"wrap_desc_person\">\n\t\t\t\t\t\t\t\t\t<a class=\"name_person\" href=\"https:\/\/infinityhouse.pl\/en\/team\/anna-zywult\/\"><h4>Anna \u017bywult<\/h4><\/a>\t\t\t\t\t\t\t\t\t\t\t\t\t\t\t\t\t\t<p class=\"description_text_settings\">Board Member<\/p>\t\t\t\t\t\t\t\t\t\t\t\t\t\t\t\t\t<\/div>\n\t\t\t\t\t\t\t<\/div>\n\t\t\t\t\t\t<\/div>\n\t\t\t\t\t\t\t\t\t\t\t<div class=\"team_person\">\n\t\t\t\t\t\t\t<div class=\"wrap_astroon_team\">\n\t\t\t\t\t\t\t\t\t\t\t\t\t\t\t\t<div class=\"wrap_desc_person\">\n\t\t\t\t\t\t\t\t\t<a class=\"name_person\" href=\"https:\/\/infinityhouse.pl\/en\/team\/michal-zywult\/\"><h4>Micha\u0142 \u017bywult<\/h4><\/a>\t\t\t\t\t\t\t\t\t\t\t\t\t\t\t\t\t\t<p class=\"description_text_settings\">Board Member<\/p>\t\t\t\t\t\t\t\t\t\t\t\t\t\t\t\t\t<\/div>\n\t\t\t\t\t\t\t<\/div>\n\t\t\t\t\t\t<\/div>\n\t\t\t\t\t\t\t\t\t\t\t<div class=\"team_person\">\n\t\t\t\t\t\t\t<div class=\"wrap_astroon_team\">\n\t\t\t\t\t\t\t\t\t\t\t\t\t\t\t\t<div class=\"wrap_desc_person\">\n\t\t\t\t\t\t\t\t\t<a class=\"name_person\" href=\"https:\/\/infinityhouse.pl\/en\/team\/martyna-zywult\/\"><h4>Martyna \u017bywult<\/h4><\/a>\t\t\t\t\t\t\t\t\t\t\t\t\t\t\t\t\t\t<p class=\"description_text_settings\">Board Member<\/p>\t\t\t\t\t\t\t\t\t\t\t\t\t\t\t\t\t<\/div>\n\t\t\t\t\t\t\t<\/div>\n\t\t\t\t\t\t<\/div>\n\t\t\t\t\t\t\t\t\t\t\t<div class=\"team_person\">\n\t\t\t\t\t\t\t<div class=\"wrap_astroon_team\">\n\t\t\t\t\t\t\t\t\t\t\t\t\t\t\t\t<div class=\"wrap_desc_person\">\n\t\t\t\t\t\t\t\t\t<a class=\"name_person\" href=\"https:\/\/infinityhouse.pl\/en\/team\/monika-tanska-migliorisi\/\"><h4>Monika Ta\u0144ska-Migliorisi<\/h4><\/a>\t\t\t\t\t\t\t\t\t\t\t\t\t\t\t\t\t\t<p class=\"description_text_settings\">Real Estate Advisor<\/p>\t\t\t\t\t\t\t\t\t\t\t\t\t\t\t\t\t<\/div>\n\t\t\t\t\t\t\t<\/div>\n\t\t\t\t\t\t<\/div>\n\t\t\t\t\t\t\t\t\t\t\t<div class=\"team_person\">\n\t\t\t\t\t\t\t<div class=\"wrap_astroon_team\">\n\t\t\t\t\t\t\t\t\t\t\t\t\t\t\t\t<div class=\"wrap_desc_person\">\n\t\t\t\t\t\t\t\t\t<a class=\"name_person\" href=\"https:\/\/infinityhouse.pl\/en\/team\/katarzyna-lewandowska\/\"><h4>Katarzyna Lewandowska<\/h4><\/a>\t\t\t\t\t\t\t\t\t\t\t\t\t\t\t\t\t\t<p class=\"description_text_settings\">Real Estate Advisor<\/p>\t\t\t\t\t\t\t\t\t\t\t\t\t\t\t\t\t<\/div>\n\t\t\t\t\t\t\t<\/div>\n\t\t\t\t\t\t<\/div>\n\t\t\t\t\t\t\t\t\t\t\t<div class=\"team_person\">\n\t\t\t\t\t\t\t<div class=\"wrap_astroon_team\">\n\t\t\t\t\t\t\t\t\t\t\t\t\t\t\t\t<div class=\"wrap_desc_person\">\n\t\t\t\t\t\t\t\t\t<a class=\"name_person\" href=\"https:\/\/infinityhouse.pl\/en\/team\/lana-kuziur\/\"><h4>Lana Kuziur<\/h4><\/a>\t\t\t\t\t\t\t\t\t\t\t\t\t\t\t\t\t\t<p class=\"description_text_settings\">Real Estate Advisor<\/p>\t\t\t\t\t\t\t\t\t\t\t\t\t\t\t\t\t<\/div>\n\t\t\t\t\t\t\t<\/div>\n\t\t\t\t\t\t<\/div>\n\t\t\t\t\t\t\t\t\t\t\t<div class=\"team_person\">\n\t\t\t\t\t\t\t<div class=\"wrap_astroon_team\">\n\t\t\t\t\t\t\t\t\t\t\t\t\t\t\t\t<div class=\"wrap_desc_person\">\n\t\t\t\t\t\t\t\t\t<a class=\"name_person\" href=\"https:\/\/infinityhouse.pl\/en\/team\/oliwia-grzelak\/\"><h4>Oliwia Grzelak<\/h4><\/a>\t\t\t\t\t\t\t\t\t\t\t\t\t\t\t\t\t\t<p class=\"description_text_settings\">Real Estate Advisor<\/p>\t\t\t\t\t\t\t\t\t\t\t\t\t\t\t\t\t<\/div>\n\t\t\t\t\t\t\t<\/div>\n\t\t\t\t\t\t<\/div>\n\t\t\t\t\t\t\t\t\t\t\t<div class=\"team_person\">\n\t\t\t\t\t\t\t<div class=\"wrap_astroon_team\">\n\t\t\t\t\t\t\t\t\t\t\t\t\t\t\t\t<div class=\"wrap_desc_person\">\n\t\t\t\t\t\t\t\t\t<a class=\"name_person\" href=\"https:\/\/infinityhouse.pl\/en\/team\/hubert-mokrzycki\/\"><h4>Hubert Mokrzycki<\/h4><\/a>\t\t\t\t\t\t\t\t\t\t\t\t\t\t\t\t\t\t<p class=\"description_text_settings\">Real Estate Advisor<\/p>\t\t\t\t\t\t\t\t\t\t\t\t\t\t\t\t\t<\/div>\n\t\t\t\t\t\t\t<\/div>\n\t\t\t\t\t\t<\/div>\n\t\t\t\t\t\t\t\t\t\t\t<div class=\"team_person\">\n\t\t\t\t\t\t\t<div class=\"wrap_astroon_team\">\n\t\t\t\t\t\t\t\t<div class=\"img_team rn_surface\"><img decoding=\"async\" alt=\"41c8ba93-7d70-4da0-983f-d0dc4afe5c7b-e1749673137506\" src=\"https:\/\/infinityhouse.pl\/en\/wp-content\/uploads\/2026\/03\/41c8ba93-7d70-4da0-983f-d0dc4afe5c7b-e1749673137506.jpg\"><\/div>\t\t\t\t\t\t\t\t<div class=\"wrap_desc_person\">\n\t\t\t\t\t\t\t\t\t<a class=\"name_person\" href=\"https:\/\/infinityhouse.pl\/en\/team\/monika-olsen\/\"><h4>Monika Olsen<\/h4><\/a>\t\t\t\t\t\t\t\t\t\t\t\t\t\t\t\t\t\t<p class=\"description_text_settings\">Partner Operacyjny ds. Nieruchomo\u015bci (Cypr) Operational Real Estate Partner (Cyprus)<\/p>\t\t\t\t\t\t\t\t\t\t\t\t\t\t\t\t\t<\/div>\n\t\t\t\t\t\t\t<\/div>\n\t\t\t\t\t\t<\/div>\n\t\t\t\t\t\t\t\t\t\t\t<div class=\"team_person\">\n\t\t\t\t\t\t\t<div class=\"wrap_astroon_team\">\n\t\t\t\t\t\t\t\t\t\t\t\t\t\t\t\t<div class=\"wrap_desc_person\">\n\t\t\t\t\t\t\t\t\t<a class=\"name_person\" href=\"https:\/\/infinityhouse.pl\/en\/team\/natalia-dus\/\"><h4>Natalia Du\u015b<\/h4><\/a>\t\t\t\t\t\t\t\t\t\t\t\t\t\t\t\t\t\t\t\t\t\t\t\t\t\t\t\t\t\t\t\t\t\t\t<\/div>\n\t\t\t\t\t\t\t<\/div>\n\t\t\t\t\t\t<\/div>\n\t\t\t\t\t\t\t\t\t\t\t<div class=\"team_person\">\n\t\t\t\t\t\t\t<div class=\"wrap_astroon_team\">\n\t\t\t\t\t\t\t\t\t\t\t\t\t\t\t\t<div class=\"wrap_desc_person\">\n\t\t\t\t\t\t\t\t\t<a class=\"name_person\" href=\"https:\/\/infinityhouse.pl\/en\/team\/magda-glembin\/\"><h4>Magda Glembin<\/h4><\/a>\t\t\t\t\t\t\t\t\t\t\t\t\t\t\t\t\t\t\t\t\t\t\t\t\t\t\t\t\t\t\t\t\t\t\t<\/div>\n\t\t\t\t\t\t\t<\/div>\n\t\t\t\t\t\t<\/div>\n\t\t\t\t\t\t\t\t\t\t\t<div class=\"team_person\">\n\t\t\t\t\t\t\t<div class=\"wrap_astroon_team\">\n\t\t\t\t\t\t\t\t\t\t\t\t\t\t\t\t<div class=\"wrap_desc_person\">\n\t\t\t\t\t\t\t\t\t<a class=\"name_person\" href=\"https:\/\/infinityhouse.pl\/en\/team\/beata-budzynska\/\"><h4>Beata Budzy\u0144ska<\/h4><\/a>\t\t\t\t\t\t\t\t\t\t\t\t\t\t\t\t\t\t\t\t\t\t\t\t\t\t\t\t\t\t\t\t\t\t\t<\/div>\n\t\t\t\t\t\t\t<\/div>\n\t\t\t\t\t\t<\/div>\n\t\t\t\t\t\t\t\t\t\t\t<div class=\"team_person\">\n\t\t\t\t\t\t\t<div class=\"wrap_astroon_team\">\n\t\t\t\t\t\t\t\t\t\t\t\t\t\t\t\t<div class=\"wrap_desc_person\">\n\t\t\t\t\t\t\t\t\t<a class=\"name_person\" href=\"https:\/\/infinityhouse.pl\/en\/team\/iwona-kowalska\/\"><h4>Iwona Kowalska<\/h4><\/a>\t\t\t\t\t\t\t\t\t\t\t\t\t\t\t\t\t\t\t\t\t\t\t\t\t\t\t\t\t\t\t\t\t\t\t<\/div>\n\t\t\t\t\t\t\t<\/div>\n\t\t\t\t\t\t<\/div>\n\t\t\t\t\t\t\t\t\t\t\t<div class=\"team_person\">\n\t\t\t\t\t\t\t<div class=\"wrap_astroon_team\">\n\t\t\t\t\t\t\t\t\t\t\t\t\t\t\t\t<div class=\"wrap_desc_person\">\n\t\t\t\t\t\t\t\t\t<a class=\"name_person\" href=\"https:\/\/infinityhouse.pl\/en\/team\/paula-kulesza\/\"><h4>Paula Kulesza<\/h4><\/a>\t\t\t\t\t\t\t\t\t\t\t\t\t\t\t\t\t\t\t\t\t\t\t\t\t\t\t\t\t\t\t\t\t\t\t<\/div>\n\t\t\t\t\t\t\t<\/div>\n\t\t\t\t\t\t<\/div>\n\t\t\t\t\t<\/div>\t\t<\/div>\n\t\t\t\t<\/div>\n\t\t\t\t\t\t<\/div>\n\t\t\t\t\t<\/div>\n\t\t<\/div>\n\t\t\t\t\t\t\t\t<\/div>\n\t\t\t\t\t<\/div>\n\t\t<\/section>\n\t\t\t\t\t\t<\/div>\n\t\t\t\t\t\t<\/div>\n\t\t\t\t\t<\/div>\n\t\t","protected":false},"excerpt":{"rendered":"<p>Anna \u017bywult Cz\u0142onek zarz\u0105du Micha\u0142 \u017bywult Cz\u0142onek zarz\u0105du Martyna \u017bywult Cz\u0142onek zarz\u0105du Beata Budzy\u0144ska Dyrektor zarz\u0105dzaj\u0105cy Natalia Du\u015b Doradca ds. nieruchomo\u015bci Monika Ta\u0144ska-Migliorisi","protected":false},"author":1,"featured_media":0,"parent":0,"menu_order":0,"comment_status":"closed","ping_status":"closed","template":"","meta":{"footnotes":""},"yoast_head":"<!-- This site is optimized with the Yoast SEO plugin v22.0 - https:\/\/yoast.com\/wordpress\/plugins\/seo\/ -->\n<title>Nasz zesp\u00f3\u0142 - Infinity House<\/title>\n<meta name=\"robots\" content=\"index, follow, max-snippet:-1, max-image-preview:large, max-video-preview:-1\" \/>\n<link rel=\"canonical\" href=\"https:\/\/infinityhouse.pl\/en\/nasz-zespol\/\" \/>\n<meta property=\"og:locale\" content=\"pl_PL\" \/>\n<meta property=\"og:type\" content=\"article\" \/>\n<meta property=\"og:title\" content=\"Nasz zesp\u00f3\u0142 - Infinity House\" \/>\n<meta property=\"og:description\" content=\"Anna \u017bywult Cz\u0142onek zarz\u0105du Micha\u0142 \u017bywult Cz\u0142onek zarz\u0105du Martyna \u017bywult Cz\u0142onek zarz\u0105du Beata Budzy\u0144ska Dyrektor zarz\u0105dzaj\u0105cy Natalia Du\u015b Doradca ds. nieruchomo\u015bci Monika Ta\u0144ska-Migliorisi Doradca ds. nieruchomo\u015bci Greta Ostojska Doradca ds. nieruchomo\u015bci Magda Glembin Doradca ds. nieruchomo\u015bci Aleksandra Santos Partner ds. Rozwoju Biznesu Iwona Kowalska Doradca...\" \/>\n<meta property=\"og:url\" content=\"https:\/\/infinityhouse.pl\/en\/nasz-zespol\/\" \/>\n<meta property=\"og:site_name\" content=\"Infinity House\" \/>\n<meta property=\"article:modified_time\" content=\"2021-08-09T10:53:11+00:00\" \/>\n<meta property=\"og:image\" content=\"https:\/\/infinityhouse.pl\/wp-content\/uploads\/foto\/78088511.jpg\" \/>\n<meta name=\"twitter:card\" content=\"summary_large_image\" \/>\n<meta name=\"twitter:label1\" content=\"Szacowany czas czytania\" \/>\n\t<meta name=\"twitter:data1\" content=\"4 minuty\" \/>\n<script type=\"application\/ld+json\" class=\"yoast-schema-graph\">{\"@context\":\"https:\/\/schema.org\",\"@graph\":[{\"@type\":\"WebPage\",\"@id\":\"https:\/\/infinityhouse.pl\/en\/nasz-zespol\/\",\"url\":\"https:\/\/infinityhouse.pl\/en\/nasz-zespol\/\",\"name\":\"Nasz zesp\u00f3\u0142 - Infinity House\",\"isPartOf\":{\"@id\":\"https:\/\/infinityhouse.pl\/en\/#website\"},\"datePublished\":\"2020-09-03T12:55:55+00:00\",\"dateModified\":\"2021-08-09T10:53:11+00:00\",\"breadcrumb\":{\"@id\":\"https:\/\/infinityhouse.pl\/en\/nasz-zespol\/#breadcrumb\"},\"inLanguage\":\"pl-PL\",\"potentialAction\":[{\"@type\":\"ReadAction\",\"target\":[\"https:\/\/infinityhouse.pl\/en\/nasz-zespol\/\"]}]},{\"@type\":\"BreadcrumbList\",\"@id\":\"https:\/\/infinityhouse.pl\/en\/nasz-zespol\/#breadcrumb\",\"itemListElement\":[{\"@type\":\"ListItem\",\"position\":1,\"name\":\"Strona g\u0142\u00f3wna\",\"item\":\"https:\/\/infinityhouse.pl\/en\/\"},{\"@type\":\"ListItem\",\"position\":2,\"name\":\"Nasz zesp\u00f3\u0142\"}]},{\"@type\":\"WebSite\",\"@id\":\"https:\/\/infinityhouse.pl\/en\/#website\",\"url\":\"https:\/\/infinityhouse.pl\/en\/\",\"name\":\"Infinity House\",\"description\":\"\",\"publisher\":{\"@id\":\"https:\/\/infinityhouse.pl\/en\/#organization\"},\"potentialAction\":[{\"@type\":\"SearchAction\",\"target\":{\"@type\":\"EntryPoint\",\"urlTemplate\":\"https:\/\/infinityhouse.pl\/en\/?s={search_term_string}\"},\"query-input\":\"required name=search_term_string\"}],\"inLanguage\":\"pl-PL\"},{\"@type\":\"Organization\",\"@id\":\"https:\/\/infinityhouse.pl\/en\/#organization\",\"name\":\"Infinity House\",\"url\":\"https:\/\/infinityhouse.pl\/en\/\",\"logo\":{\"@type\":\"ImageObject\",\"inLanguage\":\"pl-PL\",\"@id\":\"https:\/\/infinityhouse.pl\/en\/#\/schema\/logo\/image\/\",\"url\":\"https:\/\/infinityhouse.pl\/en\/wp-content\/uploads\/2020\/10\/cropped-IH-1.png\",\"contentUrl\":\"https:\/\/infinityhouse.pl\/en\/wp-content\/uploads\/2020\/10\/cropped-IH-1.png\",\"width\":205,\"height\":205,\"caption\":\"Infinity House\"},\"image\":{\"@id\":\"https:\/\/infinityhouse.pl\/en\/#\/schema\/logo\/image\/\"}}]}<\/script>\n<!-- \/ Yoast SEO plugin. -->","yoast_head_json":{"title":"Nasz zesp\u00f3\u0142 - Infinity House","robots":{"index":"index","follow":"follow","max-snippet":"max-snippet:-1","max-image-preview":"max-image-preview:large","max-video-preview":"max-video-preview:-1"},"canonical":"https:\/\/infinityhouse.pl\/en\/nasz-zespol\/","og_locale":"pl_PL","og_type":"article","og_title":"Nasz zesp\u00f3\u0142 - Infinity House","og_description":"Anna \u017bywult Cz\u0142onek zarz\u0105du Micha\u0142 \u017bywult Cz\u0142onek zarz\u0105du Martyna \u017bywult Cz\u0142onek zarz\u0105du Beata Budzy\u0144ska Dyrektor zarz\u0105dzaj\u0105cy Natalia Du\u015b Doradca ds. nieruchomo\u015bci Monika Ta\u0144ska-Migliorisi Doradca ds. nieruchomo\u015bci Greta Ostojska Doradca ds. nieruchomo\u015bci Magda Glembin Doradca ds. nieruchomo\u015bci Aleksandra Santos Partner ds. Rozwoju Biznesu Iwona Kowalska Doradca...","og_url":"https:\/\/infinityhouse.pl\/en\/nasz-zespol\/","og_site_name":"Infinity House","article_modified_time":"2021-08-09T10:53:11+00:00","og_image":[{"url":"https:\/\/infinityhouse.pl\/wp-content\/uploads\/foto\/78088511.jpg"}],"twitter_card":"summary_large_image","twitter_misc":{"Szacowany czas czytania":"4 minuty"},"schema":{"@context":"https:\/\/schema.org","@graph":[{"@type":"WebPage","@id":"https:\/\/infinityhouse.pl\/en\/nasz-zespol\/","url":"https:\/\/infinityhouse.pl\/en\/nasz-zespol\/","name":"Nasz zesp\u00f3\u0142 - Infinity House","isPartOf":{"@id":"https:\/\/infinityhouse.pl\/en\/#website"},"datePublished":"2020-09-03T12:55:55+00:00","dateModified":"2021-08-09T10:53:11+00:00","breadcrumb":{"@id":"https:\/\/infinityhouse.pl\/en\/nasz-zespol\/#breadcrumb"},"inLanguage":"pl-PL","potentialAction":[{"@type":"ReadAction","target":["https:\/\/infinityhouse.pl\/en\/nasz-zespol\/"]}]},{"@type":"BreadcrumbList","@id":"https:\/\/infinityhouse.pl\/en\/nasz-zespol\/#breadcrumb","itemListElement":[{"@type":"ListItem","position":1,"name":"Strona g\u0142\u00f3wna","item":"https:\/\/infinityhouse.pl\/en\/"},{"@type":"ListItem","position":2,"name":"Nasz zesp\u00f3\u0142"}]},{"@type":"WebSite","@id":"https:\/\/infinityhouse.pl\/en\/#website","url":"https:\/\/infinityhouse.pl\/en\/","name":"Infinity House","description":"","publisher":{"@id":"https:\/\/infinityhouse.pl\/en\/#organization"},"potentialAction":[{"@type":"SearchAction","target":{"@type":"EntryPoint","urlTemplate":"https:\/\/infinityhouse.pl\/en\/?s={search_term_string}"},"query-input":"required name=search_term_string"}],"inLanguage":"pl-PL"},{"@type":"Organization","@id":"https:\/\/infinityhouse.pl\/en\/#organization","name":"Infinity House","url":"https:\/\/infinityhouse.pl\/en\/","logo":{"@type":"ImageObject","inLanguage":"pl-PL","@id":"https:\/\/infinityhouse.pl\/en\/#\/schema\/logo\/image\/","url":"https:\/\/infinityhouse.pl\/en\/wp-content\/uploads\/2020\/10\/cropped-IH-1.png","contentUrl":"https:\/\/infinityhouse.pl\/en\/wp-content\/uploads\/2020\/10\/cropped-IH-1.png","width":205,"height":205,"caption":"Infinity House"},"image":{"@id":"https:\/\/infinityhouse.pl\/en\/#\/schema\/logo\/image\/"}}]}},"_links":{"self":[{"href":"https:\/\/infinityhouse.pl\/en\/wp-json\/wp\/v2\/pages\/1496556"}],"collection":[{"href":"https:\/\/infinityhouse.pl\/en\/wp-json\/wp\/v2\/pages"}],"about":[{"href":"https:\/\/infinityhouse.pl\/en\/wp-json\/wp\/v2\/types\/page"}],"author":[{"embeddable":true,"href":"https:\/\/infinityhouse.pl\/en\/wp-json\/wp\/v2\/users\/1"}],"replies":[{"embeddable":true,"href":"https:\/\/infinityhouse.pl\/en\/wp-json\/wp\/v2\/comments?post=1496556"}],"version-history":[{"count":16,"href":"https:\/\/infinityhouse.pl\/en\/wp-json\/wp\/v2\/pages\/1496556\/revisions"}],"predecessor-version":[{"id":1897012,"href":"https:\/\/infinityhouse.pl\/en\/wp-json\/wp\/v2\/pages\/1496556\/revisions\/1897012"}],"wp:attachment":[{"href":"https:\/\/infinityhouse.pl\/en\/wp-json\/wp\/v2\/media?parent=1496556"}],"curies":[{"name":"wp","href":"https:\/\/api.w.org\/{rel}","templated":true}]}}