{"id":14059,"date":"2020-06-25T22:29:22","date_gmt":"2020-06-25T20:29:22","guid":{"rendered":"http:\/\/jjasari.protom.stronazen.pl\/?page_id=14059"},"modified":"2020-10-28T22:52:25","modified_gmt":"2020-10-28T21:52:25","slug":"polityka-cookies","status":"publish","type":"page","link":"https:\/\/infinityhouse.pl\/en\/polityka-cookies\/","title":{"rendered":"Polityka Cookies"},"content":{"rendered":"<p>Poni\u017csza Polityka Cookies okre\u015bla zasady zapisywania i uzyskiwania dost\u0119pu do danych na Urz\u0105dzeniach U\u017cytkownik\u00f3w korzystaj\u0105cych z Serwisu do cel\u00f3w \u015bwiadczenia us\u0142ug drog\u0105 elektroniczn\u0105 przez Administratora Serwisu.<\/p>\n<p>\u00a71. Definicje<br \/>\nSerwis &#8211; serwis internetowy dzia\u0142aj\u0105cy pod adresem www.infinityhouse.pl.<br \/>\nSerwis zewn\u0119trzny &#8211; serwisy internetowe partner\u00f3w, us\u0142ugodawc\u00f3w lub us\u0142ugobiorc\u00f3w Administratora.<br \/>\nAdministrator &#8211; firma InfinityHouse Sp. z o.o. z siedzib\u0105 w Warszawie (00-112) przy Bagno 2, REGON: 146127049, \u015bwiadcz\u0105ca us\u0142ugi drog\u0105 elektroniczn\u0105 za po\u015brednictwem Serwisu oraz przechowuj\u0105ca i uzyskuj\u0105ca dost\u0119p do informacji w urz\u0105dzeniach U\u017cytkownika, przekazanych przez U\u017cytkownika w zwi\u0105zku z korzystaniem z us\u0142ug zawartych w Serwisie. <\/p>\n<p>U\u017cytkownik &#8211; osoba fizyczna, dla kt\u00f3rej Administrator \u015bwiadczy us\u0142ugi drog\u0105 elektroniczna za po\u015brednictwem Serwisu.<br \/>\nUrz\u0105dzenie &#8211; elektroniczne urz\u0105dzenie wraz z oprogramowaniem, za po\u015brednictwem kt\u00f3rego U\u017cytkownik uzyskuje dost\u0119p do Serwisu.<br \/>\nCookies (ciasteczka) &#8211; dane tekstowe gromadzone w formie plik\u00f3w zamieszczanych na Urz\u0105dzeniu U\u017cytkownika.<\/p>\n<p>\u00a72.  Rodzaje cookies:<br \/>\na)\t\u201eniezb\u0119dne\u201d pliki cookies, umo\u017cliwiaj\u0105ce korzystanie z us\u0142ug dost\u0119pnych w ramach serwisu, np. umo\u017cliwiaj\u0105ce korzystanie z sesji,<br \/>\nb)\t\u201efunkcjonalne\u201d pliki cookies, umo\u017cliwiaj\u0105ce \u201ezapami\u0119tanie\u201d wybranych przez U\u017cytkownika ustawie\u0144 i personalizacj\u0119 interfejsu U\u017cytkownika, np. w zakresie wybranej wersji mobilnej\/desktopowej, ostatnich fraz wpisywanych przez u\u017cytkownika, wygl\u0105du strony internetowej, itp.,<br \/>\nc)\t\u201eanalityczne\u201d pliki cookies, umo\u017cliwiaj\u0105ce monitorowanie aktywno\u015bci U\u017cytkownik\u00f3w w serwisie.<\/p>\n<p>\u00a73.  Bezpiecze\u0144stwo<br \/>\nMechanizmy sk\u0142adowania i odczytu &#8211; Mechanizmy sk\u0142adowania i odczytu Cookies nie pozwalaj\u0105 na pobieranie jakichkolwiek danych osobowych ani \u017cadnych informacji poufnych z Urz\u0105dzenia U\u017cytkownika. Przeniesienie na Urz\u0105dzenie U\u017cytkownika wirus\u00f3w, koni troja\u0144skich oraz innego oprogramowania typu malware jest praktycznie niemo\u017cliwe.<\/p>\n<p>Cookie wewn\u0119trzne, czyli pliki zamieszczane i odczytywane z Urz\u0105dzenia U\u017cytkownika przez system teleinformatyczny Serwisu, zastosowane przez Administratora s\u0105 bezpieczne dla Urz\u0105dze\u0144 U\u017cytkownik\u00f3w.<br \/>\nZa bezpiecze\u0144stwo plik\u00f3w Cookie zewn\u0119trznych, czyli plik\u00f3w zamieszczanych i odczytywanych z Urz\u0105dzenia U\u017cytkownika przez systemy teleinformatyczne Serwis\u00f3w zewn\u0119trznych, Administrator nie ponosi odpowiedzialno\u015bci. Lista partner\u00f3w zamieszczona jest w dalszej cz\u0119\u015bci Polityki Cookie.<\/p>\n<p>\u00a74. Cele, do kt\u00f3rych wykorzystywane s\u0105 pliki Cookie<br \/>\nUsprawnienie i u\u0142atwienie dost\u0119pu do Serwisu &#8211; Administrator mo\u017ce przechowywa\u0107 w plikach Cookie informacje o preferencjach i ustawieniach u\u017cytkownika dotycz\u0105cych Serwisu, aby usprawni\u0107, polepszy\u0107 i przy\u015bpieszy\u0107 \u015bwiadczenie us\u0142ug w ramach Serwisu.<br \/>\nLogowanie &#8211; Administrator wykorzystuje pliki Cookie do cel\u00f3w logowania U\u017cytkownik\u00f3w w Serwisie.<br \/>\nMarketing i reklama &#8211; Administrator oraz Serwisy zewn\u0119trzne wykorzystuj\u0105 pliki Cookie do cel\u00f3w marketingowych oraz wy\u015bwietlania reklam U\u017cytkownikom.<br \/>\nDane statystyczne &#8211; Administrator oraz Serwisy zewn\u0119trzne wykorzystuje pliki Cookie do zbierania i przetwarzania danych statystycznych takich jak np. statystyki odwiedzin, statystyki Urz\u0105dze\u0144 U\u017cytkownik\u00f3w czy statystyki zachowa\u0144 u\u017cytkownik\u00f3w. Dane te zbierane s\u0105 w celu analizy i ulepszania Serwisu.<br \/>\nSerwowanie us\u0142ug multimedialnych &#8211; Administrator oraz Serwisy zewn\u0119trzne wykorzystuj\u0105 pliki Cookie do wy\u015bwietlania U\u017cytkownikom us\u0142ug multimedialnych.<br \/>\nUs\u0142ugi spo\u0142eczno\u015bciowe &#8211; Administrator oraz Serwisy zewn\u0119trzne wykorzystuj\u0105 pliki Cookie do wsparcia us\u0142ug spo\u0142eczno\u015bciowych.<\/p>\n<p>\u00a75. Serwisy zewn\u0119trzne<br \/>\nAdministrator wsp\u00f3\u0142pracuje z nast\u0119puj\u0105cymi serwisami zewn\u0119trznymi, kt\u00f3re mog\u0105 zamieszcza\u0107 pliki Cookie na Urz\u0105dzeniach U\u017cytkownika:<br \/>\na)\tGoogle Analytics,<br \/>\nb)\tGoogle AdSense,<br \/>\nc)\tGoogle AdWords,<br \/>\nd)\tFacebook, Youtube,<br \/>\ne)\tLinkedIn.<\/p>\n<p>\u00a76.  Mo\u017cliwo\u015bci okre\u015blania warunk\u00f3w przechowywania i uzyskiwania dost\u0119pu na urz\u0105dzeniach u\u017cytkownika przez serwis i serwisy zewn\u0119trzne<br \/>\nU\u017cytkownik mo\u017ce w dowolnym momencie, samodzielnie zmieni\u0107 ustawienia dotycz\u0105ce zapisywania, usuwania oraz dost\u0119pu do danych zapisanych plik\u00f3w Cookies.<\/p>\n<p>Informacje o sposobie wy\u0142\u0105czenia plik\u00f3w Cookie w najpopularniejszych przegl\u0105darkach komputerowych i w przegl\u0105darkach urz\u0105dze\u0144 mobilnych dost\u0119pne s\u0105 na stronie: www.jakwylaczyccookie.pl.<br \/>\nU\u017cytkownik mo\u017ce w dowolnym momencie usun\u0105\u0107 wszelkie zapisane do tej pory pliki Cookie korzystaj\u0105c z narz\u0119dzi Urz\u0105dzenia U\u017cytkownika, za po\u015brednictwem kt\u00f3rego U\u017cytkownik korzysta z us\u0142ug Serwisu.<\/p>\n<p>\u00a77. Wymagania Serwisu<br \/>\nOgraniczenie zapisu i dost\u0119pu do plik\u00f3w Cookie na Urz\u0105dzeniu U\u017cytkownika mo\u017ce spowodowa\u0107 nieprawid\u0142owe dzia\u0142anie niekt\u00f3rych funkcji Serwisu.<br \/>\nAdministrator nie ponosi \u017cadnej odpowiedzialno\u015bci za nieprawid\u0142owo dzia\u0142aj\u0105ce funkcje Serwisu w przypadku, gdy U\u017cytkownik ograniczy w jakikolwiek spos\u00f3b mo\u017cliwo\u015b\u0107 zapisywania i odczytu plik\u00f3w Cookie.<\/p>\n<p>\u00a78.  Zmiany w polityce cookie<br \/>\nAdministrator zastrzega sobie prawo do dowolnej zmiany niniejszej Polityki Cookie bez konieczno\u015bci informowania o tym u\u017cytkownik\u00f3w.<br \/>\nWprowadzone zmiany w Polityce Cookie zawsze b\u0119d\u0105 publikowane na tej stronie.<br \/>\nWprowadzone zmiany wchodz\u0105 w \u017cycie w dniu publikacji Polityki Cookie.<\/p>\n","protected":false},"excerpt":{"rendered":"<p>Poni\u017csza Polityka Cookies okre\u015bla zasady zapisywania i uzyskiwania dost\u0119pu do danych na Urz\u0105dzeniach U\u017cytkownik\u00f3w korzystaj\u0105cych z Serwisu do cel\u00f3w \u015bwiadczenia us\u0142ug drog\u0105 elektroniczn\u0105","protected":false},"author":1,"featured_media":0,"parent":0,"menu_order":0,"comment_status":"closed","ping_status":"closed","template":"","meta":{"footnotes":""},"yoast_head":"<!-- This site is optimized with the Yoast SEO plugin v22.0 - https:\/\/yoast.com\/wordpress\/plugins\/seo\/ -->\n<title>Polityka Cookies - Infinity House<\/title>\n<meta name=\"robots\" content=\"index, follow, max-snippet:-1, max-image-preview:large, max-video-preview:-1\" \/>\n<link rel=\"canonical\" href=\"https:\/\/infinityhouse.pl\/en\/polityka-cookies\/\" \/>\n<meta property=\"og:locale\" content=\"pl_PL\" \/>\n<meta property=\"og:type\" content=\"article\" \/>\n<meta property=\"og:title\" content=\"Polityka Cookies - Infinity House\" \/>\n<meta property=\"og:description\" content=\"Poni\u017csza Polityka Cookies okre\u015bla zasady zapisywania i uzyskiwania dost\u0119pu do danych na Urz\u0105dzeniach U\u017cytkownik\u00f3w korzystaj\u0105cych z Serwisu do cel\u00f3w \u015bwiadczenia us\u0142ug drog\u0105 elektroniczn\u0105 przez Administratora Serwisu. \u00a71. Definicje Serwis &#8211; serwis internetowy dzia\u0142aj\u0105cy pod adresem www.infinityhouse.pl. Serwis zewn\u0119trzny &#8211; serwisy internetowe partner\u00f3w, us\u0142ugodawc\u00f3w lub us\u0142ugobiorc\u00f3w...\" \/>\n<meta property=\"og:url\" content=\"https:\/\/infinityhouse.pl\/en\/polityka-cookies\/\" \/>\n<meta property=\"og:site_name\" content=\"Infinity House\" \/>\n<meta property=\"article:modified_time\" content=\"2020-10-28T21:52:25+00:00\" \/>\n<meta name=\"twitter:card\" content=\"summary_large_image\" \/>\n<meta name=\"twitter:label1\" content=\"Szacowany czas czytania\" \/>\n\t<meta name=\"twitter:data1\" content=\"4 minuty\" \/>\n<script type=\"application\/ld+json\" class=\"yoast-schema-graph\">{\"@context\":\"https:\/\/schema.org\",\"@graph\":[{\"@type\":\"WebPage\",\"@id\":\"https:\/\/infinityhouse.pl\/en\/polityka-cookies\/\",\"url\":\"https:\/\/infinityhouse.pl\/en\/polityka-cookies\/\",\"name\":\"Polityka Cookies - Infinity House\",\"isPartOf\":{\"@id\":\"https:\/\/infinityhouse.pl\/en\/#website\"},\"datePublished\":\"2020-06-25T20:29:22+00:00\",\"dateModified\":\"2020-10-28T21:52:25+00:00\",\"breadcrumb\":{\"@id\":\"https:\/\/infinityhouse.pl\/en\/polityka-cookies\/#breadcrumb\"},\"inLanguage\":\"pl-PL\",\"potentialAction\":[{\"@type\":\"ReadAction\",\"target\":[\"https:\/\/infinityhouse.pl\/en\/polityka-cookies\/\"]}]},{\"@type\":\"BreadcrumbList\",\"@id\":\"https:\/\/infinityhouse.pl\/en\/polityka-cookies\/#breadcrumb\",\"itemListElement\":[{\"@type\":\"ListItem\",\"position\":1,\"name\":\"Strona g\u0142\u00f3wna\",\"item\":\"https:\/\/infinityhouse.pl\/en\/\"},{\"@type\":\"ListItem\",\"position\":2,\"name\":\"Polityka Cookies\"}]},{\"@type\":\"WebSite\",\"@id\":\"https:\/\/infinityhouse.pl\/en\/#website\",\"url\":\"https:\/\/infinityhouse.pl\/en\/\",\"name\":\"Infinity House\",\"description\":\"\",\"publisher\":{\"@id\":\"https:\/\/infinityhouse.pl\/en\/#organization\"},\"potentialAction\":[{\"@type\":\"SearchAction\",\"target\":{\"@type\":\"EntryPoint\",\"urlTemplate\":\"https:\/\/infinityhouse.pl\/en\/?s={search_term_string}\"},\"query-input\":\"required name=search_term_string\"}],\"inLanguage\":\"pl-PL\"},{\"@type\":\"Organization\",\"@id\":\"https:\/\/infinityhouse.pl\/en\/#organization\",\"name\":\"Infinity House\",\"url\":\"https:\/\/infinityhouse.pl\/en\/\",\"logo\":{\"@type\":\"ImageObject\",\"inLanguage\":\"pl-PL\",\"@id\":\"https:\/\/infinityhouse.pl\/en\/#\/schema\/logo\/image\/\",\"url\":\"https:\/\/infinityhouse.pl\/en\/wp-content\/uploads\/2020\/10\/cropped-IH-1.png\",\"contentUrl\":\"https:\/\/infinityhouse.pl\/en\/wp-content\/uploads\/2020\/10\/cropped-IH-1.png\",\"width\":205,\"height\":205,\"caption\":\"Infinity House\"},\"image\":{\"@id\":\"https:\/\/infinityhouse.pl\/en\/#\/schema\/logo\/image\/\"}}]}<\/script>\n<!-- \/ Yoast SEO plugin. -->","yoast_head_json":{"title":"Polityka Cookies - Infinity House","robots":{"index":"index","follow":"follow","max-snippet":"max-snippet:-1","max-image-preview":"max-image-preview:large","max-video-preview":"max-video-preview:-1"},"canonical":"https:\/\/infinityhouse.pl\/en\/polityka-cookies\/","og_locale":"pl_PL","og_type":"article","og_title":"Polityka Cookies - Infinity House","og_description":"Poni\u017csza Polityka Cookies okre\u015bla zasady zapisywania i uzyskiwania dost\u0119pu do danych na Urz\u0105dzeniach U\u017cytkownik\u00f3w korzystaj\u0105cych z Serwisu do cel\u00f3w \u015bwiadczenia us\u0142ug drog\u0105 elektroniczn\u0105 przez Administratora Serwisu. \u00a71. Definicje Serwis &#8211; serwis internetowy dzia\u0142aj\u0105cy pod adresem www.infinityhouse.pl. Serwis zewn\u0119trzny &#8211; serwisy internetowe partner\u00f3w, us\u0142ugodawc\u00f3w lub us\u0142ugobiorc\u00f3w...","og_url":"https:\/\/infinityhouse.pl\/en\/polityka-cookies\/","og_site_name":"Infinity House","article_modified_time":"2020-10-28T21:52:25+00:00","twitter_card":"summary_large_image","twitter_misc":{"Szacowany czas czytania":"4 minuty"},"schema":{"@context":"https:\/\/schema.org","@graph":[{"@type":"WebPage","@id":"https:\/\/infinityhouse.pl\/en\/polityka-cookies\/","url":"https:\/\/infinityhouse.pl\/en\/polityka-cookies\/","name":"Polityka Cookies - Infinity House","isPartOf":{"@id":"https:\/\/infinityhouse.pl\/en\/#website"},"datePublished":"2020-06-25T20:29:22+00:00","dateModified":"2020-10-28T21:52:25+00:00","breadcrumb":{"@id":"https:\/\/infinityhouse.pl\/en\/polityka-cookies\/#breadcrumb"},"inLanguage":"pl-PL","potentialAction":[{"@type":"ReadAction","target":["https:\/\/infinityhouse.pl\/en\/polityka-cookies\/"]}]},{"@type":"BreadcrumbList","@id":"https:\/\/infinityhouse.pl\/en\/polityka-cookies\/#breadcrumb","itemListElement":[{"@type":"ListItem","position":1,"name":"Strona g\u0142\u00f3wna","item":"https:\/\/infinityhouse.pl\/en\/"},{"@type":"ListItem","position":2,"name":"Polityka Cookies"}]},{"@type":"WebSite","@id":"https:\/\/infinityhouse.pl\/en\/#website","url":"https:\/\/infinityhouse.pl\/en\/","name":"Infinity House","description":"","publisher":{"@id":"https:\/\/infinityhouse.pl\/en\/#organization"},"potentialAction":[{"@type":"SearchAction","target":{"@type":"EntryPoint","urlTemplate":"https:\/\/infinityhouse.pl\/en\/?s={search_term_string}"},"query-input":"required name=search_term_string"}],"inLanguage":"pl-PL"},{"@type":"Organization","@id":"https:\/\/infinityhouse.pl\/en\/#organization","name":"Infinity House","url":"https:\/\/infinityhouse.pl\/en\/","logo":{"@type":"ImageObject","inLanguage":"pl-PL","@id":"https:\/\/infinityhouse.pl\/en\/#\/schema\/logo\/image\/","url":"https:\/\/infinityhouse.pl\/en\/wp-content\/uploads\/2020\/10\/cropped-IH-1.png","contentUrl":"https:\/\/infinityhouse.pl\/en\/wp-content\/uploads\/2020\/10\/cropped-IH-1.png","width":205,"height":205,"caption":"Infinity House"},"image":{"@id":"https:\/\/infinityhouse.pl\/en\/#\/schema\/logo\/image\/"}}]}},"_links":{"self":[{"href":"https:\/\/infinityhouse.pl\/en\/wp-json\/wp\/v2\/pages\/14059"}],"collection":[{"href":"https:\/\/infinityhouse.pl\/en\/wp-json\/wp\/v2\/pages"}],"about":[{"href":"https:\/\/infinityhouse.pl\/en\/wp-json\/wp\/v2\/types\/page"}],"author":[{"embeddable":true,"href":"https:\/\/infinityhouse.pl\/en\/wp-json\/wp\/v2\/users\/1"}],"replies":[{"embeddable":true,"href":"https:\/\/infinityhouse.pl\/en\/wp-json\/wp\/v2\/comments?post=14059"}],"version-history":[{"count":0,"href":"https:\/\/infinityhouse.pl\/en\/wp-json\/wp\/v2\/pages\/14059\/revisions"}],"wp:attachment":[{"href":"https:\/\/infinityhouse.pl\/en\/wp-json\/wp\/v2\/media?parent=14059"}],"curies":[{"name":"wp","href":"https:\/\/api.w.org\/{rel}","templated":true}]}}