{"id":1284534,"date":"2020-08-17T21:58:42","date_gmt":"2020-08-17T19:58:42","guid":{"rendered":"http:\/\/jjasari.protom.stronazen.pl\/?page_id=1284534"},"modified":"2020-10-28T23:06:17","modified_gmt":"2020-10-28T22:06:17","slug":"uslugi","status":"publish","type":"page","link":"https:\/\/infinityhouse.pl\/en\/uslugi\/","title":{"rendered":"Us\u0142ugi"},"content":{"rendered":"<h4>Dla wygody naszych klient\u00f3w przygotowali\u015bmy pakiety us\u0142ug dodatkowych:<\/h4>\n<ul>\n<li><strong>Wsp\u00f3\u0142praca z Notariuszami<\/strong> z wieloletnim do\u015bwiadczeniem<\/li>\n<li><strong>Kredyt na zakup nieruchomo\u015bci<\/strong> we wsp\u00f3\u0142pracy ze sprawdzonymi doradcami.<br \/>\nPrzekierujemy Ci\u0119 do specjalisty, nie musisz sam chodzi\u0107 do bank\u00f3w. Doradca finansowy przygotuje dla Ciebie oferty szyte na miar\u0119, a Ty wybierzesz tak\u0105, kt\u00f3ra najbardziej Ci odpowiada.<\/li>\n<li><strong>Wsp\u00f3\u0142praca z zaufanymi specjalistami<\/strong> od remont\u00f3w, od\u015bwie\u017cania nieruchomo\u015bci jak r\u00f3wnie\u017c architektami, dekoratorami wn\u0119trz, home stagingu czy firmami przeprowadzkowymi.<\/li>\n<li><strong>Wsp\u00f3\u0142praca z do\u015bwiadczonymi rzeczoznawcami maj\u0105tkowymi<\/strong>, kt\u00f3rzy wyceni\u0105 Twoj\u0105 nieruchomo\u015b\u0107 na podstawie rzetelnych cen transakcyjnych.<\/li>\n<li><strong>Doradztwo i koordynacja zakupu lokali u\u017cytkowych<\/strong>.<\/li>\n<li><strong>Sprzeda\u017c lokali u\u017cytkowych<\/strong>.<\/li>\n<li><strong>Wsparcie sprzeda\u017cy inwestycji<\/strong> i prowadzenie biura sprzeda\u017cy inwestycji dla deweloper\u00f3w.<\/li>\n<\/ul>\n<h4>Umowy po\u015brednictwa szyte na miar\u0119<\/h4>\n<p>Podejmuj\u0105c si\u0119 sprzeda\u017cy powierzonych nam nieruchomo\u015bci bazujemy na\u00a0systemie kr\u00f3tkoterminowej wy\u0142\u0105czno\u015bci, kt\u00f3ra\u00a0trwa do\u00a012 miesi\u0119cy.<\/p>\n<p>Pe\u0142na kompleksowo\u015b\u0107 oferowanej us\u0142ugi oznacza, \u017ce Pa\u0144stwa nieruchomo\u015bci\u0105 zajmie si\u0119\u00a0 jeden dedykowany\u00a0Pa\u0144stwu doradca, kt\u00f3ry posiada niezb\u0119dne i cz\u0119sto poufne informacje na temat nieruchomo\u015bci.<\/p>\n<p>Pa\u0144stwa nieruchomo\u015b\u0107 b\u0119dzie widnia\u0142a na\u00a0ka\u017cdym wsp\u00f3\u0142pracuj\u0105cym z nami portalu oraz na naszej stronie internetowej.<\/p>\n<p>Kluczem naszej skuteczno\u015bci s\u0105 profesjonalne i atrakcyjne zdj\u0119cia nieruchomo\u015bci. To\u00a0na\u00a0nich koncentruje si\u0119 uwaga klienta i\u00a0to\u00a0one wzbudzaj\u0105 jego zainteresowanie.<\/p>\n<p>Dzi\u0119ki wsp\u00f3\u0142pracy z nami\u00a0opartej na wy\u0142\u0105czno\u015bci uruchamiamy pot\u0119\u017cne narz\u0119dzia marketingowe w tym system MLS, kt\u00f3ry to zrzesza ponad 200 biur nieruchomo\u015bci w samej Warszawie a agenci tych biur maj\u0105 natychmiastowy dost\u0119p do Pa\u0144stwa nieruchomo\u015bci.<\/p>\n<h4>Zapraszamy do kontaktu<\/h4>\n","protected":false},"excerpt":{"rendered":"<p>Dla wygody naszych klient\u00f3w przygotowali\u015bmy pakiety us\u0142ug dodatkowych: Wsp\u00f3\u0142praca z Notariuszami z wieloletnim do\u015bwiadczeniem Kredyt na zakup nieruchomo\u015bci we wsp\u00f3\u0142pracy ze sprawdzonymi doradcami.","protected":false},"author":1,"featured_media":0,"parent":0,"menu_order":0,"comment_status":"closed","ping_status":"closed","template":"","meta":{"footnotes":""},"yoast_head":"<!-- This site is optimized with the Yoast SEO plugin v22.0 - https:\/\/yoast.com\/wordpress\/plugins\/seo\/ -->\n<title>Us\u0142ugi - Infinity House<\/title>\n<meta name=\"robots\" content=\"index, follow, max-snippet:-1, max-image-preview:large, max-video-preview:-1\" \/>\n<link rel=\"canonical\" href=\"https:\/\/infinityhouse.pl\/en\/uslugi\/\" \/>\n<meta property=\"og:locale\" content=\"pl_PL\" \/>\n<meta property=\"og:type\" content=\"article\" \/>\n<meta property=\"og:title\" content=\"Us\u0142ugi - Infinity House\" \/>\n<meta property=\"og:description\" content=\"Dla wygody naszych klient\u00f3w przygotowali\u015bmy pakiety us\u0142ug dodatkowych: Wsp\u00f3\u0142praca z Notariuszami z wieloletnim do\u015bwiadczeniem Kredyt na zakup nieruchomo\u015bci we wsp\u00f3\u0142pracy ze sprawdzonymi doradcami. Przekierujemy Ci\u0119 do specjalisty, nie musisz sam chodzi\u0107 do bank\u00f3w. Doradca finansowy przygotuje dla Ciebie oferty szyte na miar\u0119, a Ty wybierzesz...\" \/>\n<meta property=\"og:url\" content=\"https:\/\/infinityhouse.pl\/en\/uslugi\/\" \/>\n<meta property=\"og:site_name\" content=\"Infinity House\" \/>\n<meta property=\"article:modified_time\" content=\"2020-10-28T22:06:17+00:00\" \/>\n<meta name=\"twitter:card\" content=\"summary_large_image\" \/>\n<meta name=\"twitter:label1\" content=\"Szacowany czas czytania\" \/>\n\t<meta name=\"twitter:data1\" content=\"1 minuta\" \/>\n<script type=\"application\/ld+json\" class=\"yoast-schema-graph\">{\"@context\":\"https:\/\/schema.org\",\"@graph\":[{\"@type\":\"WebPage\",\"@id\":\"https:\/\/infinityhouse.pl\/en\/uslugi\/\",\"url\":\"https:\/\/infinityhouse.pl\/en\/uslugi\/\",\"name\":\"Us\u0142ugi - Infinity House\",\"isPartOf\":{\"@id\":\"https:\/\/infinityhouse.pl\/en\/#website\"},\"datePublished\":\"2020-08-17T19:58:42+00:00\",\"dateModified\":\"2020-10-28T22:06:17+00:00\",\"breadcrumb\":{\"@id\":\"https:\/\/infinityhouse.pl\/en\/uslugi\/#breadcrumb\"},\"inLanguage\":\"pl-PL\",\"potentialAction\":[{\"@type\":\"ReadAction\",\"target\":[\"https:\/\/infinityhouse.pl\/en\/uslugi\/\"]}]},{\"@type\":\"BreadcrumbList\",\"@id\":\"https:\/\/infinityhouse.pl\/en\/uslugi\/#breadcrumb\",\"itemListElement\":[{\"@type\":\"ListItem\",\"position\":1,\"name\":\"Strona g\u0142\u00f3wna\",\"item\":\"https:\/\/infinityhouse.pl\/en\/\"},{\"@type\":\"ListItem\",\"position\":2,\"name\":\"Us\u0142ugi\"}]},{\"@type\":\"WebSite\",\"@id\":\"https:\/\/infinityhouse.pl\/en\/#website\",\"url\":\"https:\/\/infinityhouse.pl\/en\/\",\"name\":\"Infinity House\",\"description\":\"\",\"publisher\":{\"@id\":\"https:\/\/infinityhouse.pl\/en\/#organization\"},\"potentialAction\":[{\"@type\":\"SearchAction\",\"target\":{\"@type\":\"EntryPoint\",\"urlTemplate\":\"https:\/\/infinityhouse.pl\/en\/?s={search_term_string}\"},\"query-input\":\"required name=search_term_string\"}],\"inLanguage\":\"pl-PL\"},{\"@type\":\"Organization\",\"@id\":\"https:\/\/infinityhouse.pl\/en\/#organization\",\"name\":\"Infinity House\",\"url\":\"https:\/\/infinityhouse.pl\/en\/\",\"logo\":{\"@type\":\"ImageObject\",\"inLanguage\":\"pl-PL\",\"@id\":\"https:\/\/infinityhouse.pl\/en\/#\/schema\/logo\/image\/\",\"url\":\"https:\/\/infinityhouse.pl\/en\/wp-content\/uploads\/2020\/10\/cropped-IH-1.png\",\"contentUrl\":\"https:\/\/infinityhouse.pl\/en\/wp-content\/uploads\/2020\/10\/cropped-IH-1.png\",\"width\":205,\"height\":205,\"caption\":\"Infinity House\"},\"image\":{\"@id\":\"https:\/\/infinityhouse.pl\/en\/#\/schema\/logo\/image\/\"}}]}<\/script>\n<!-- \/ Yoast SEO plugin. -->","yoast_head_json":{"title":"Us\u0142ugi - Infinity House","robots":{"index":"index","follow":"follow","max-snippet":"max-snippet:-1","max-image-preview":"max-image-preview:large","max-video-preview":"max-video-preview:-1"},"canonical":"https:\/\/infinityhouse.pl\/en\/uslugi\/","og_locale":"pl_PL","og_type":"article","og_title":"Us\u0142ugi - Infinity House","og_description":"Dla wygody naszych klient\u00f3w przygotowali\u015bmy pakiety us\u0142ug dodatkowych: Wsp\u00f3\u0142praca z Notariuszami z wieloletnim do\u015bwiadczeniem Kredyt na zakup nieruchomo\u015bci we wsp\u00f3\u0142pracy ze sprawdzonymi doradcami. Przekierujemy Ci\u0119 do specjalisty, nie musisz sam chodzi\u0107 do bank\u00f3w. Doradca finansowy przygotuje dla Ciebie oferty szyte na miar\u0119, a Ty wybierzesz...","og_url":"https:\/\/infinityhouse.pl\/en\/uslugi\/","og_site_name":"Infinity House","article_modified_time":"2020-10-28T22:06:17+00:00","twitter_card":"summary_large_image","twitter_misc":{"Szacowany czas czytania":"1 minuta"},"schema":{"@context":"https:\/\/schema.org","@graph":[{"@type":"WebPage","@id":"https:\/\/infinityhouse.pl\/en\/uslugi\/","url":"https:\/\/infinityhouse.pl\/en\/uslugi\/","name":"Us\u0142ugi - Infinity House","isPartOf":{"@id":"https:\/\/infinityhouse.pl\/en\/#website"},"datePublished":"2020-08-17T19:58:42+00:00","dateModified":"2020-10-28T22:06:17+00:00","breadcrumb":{"@id":"https:\/\/infinityhouse.pl\/en\/uslugi\/#breadcrumb"},"inLanguage":"pl-PL","potentialAction":[{"@type":"ReadAction","target":["https:\/\/infinityhouse.pl\/en\/uslugi\/"]}]},{"@type":"BreadcrumbList","@id":"https:\/\/infinityhouse.pl\/en\/uslugi\/#breadcrumb","itemListElement":[{"@type":"ListItem","position":1,"name":"Strona g\u0142\u00f3wna","item":"https:\/\/infinityhouse.pl\/en\/"},{"@type":"ListItem","position":2,"name":"Us\u0142ugi"}]},{"@type":"WebSite","@id":"https:\/\/infinityhouse.pl\/en\/#website","url":"https:\/\/infinityhouse.pl\/en\/","name":"Infinity House","description":"","publisher":{"@id":"https:\/\/infinityhouse.pl\/en\/#organization"},"potentialAction":[{"@type":"SearchAction","target":{"@type":"EntryPoint","urlTemplate":"https:\/\/infinityhouse.pl\/en\/?s={search_term_string}"},"query-input":"required name=search_term_string"}],"inLanguage":"pl-PL"},{"@type":"Organization","@id":"https:\/\/infinityhouse.pl\/en\/#organization","name":"Infinity House","url":"https:\/\/infinityhouse.pl\/en\/","logo":{"@type":"ImageObject","inLanguage":"pl-PL","@id":"https:\/\/infinityhouse.pl\/en\/#\/schema\/logo\/image\/","url":"https:\/\/infinityhouse.pl\/en\/wp-content\/uploads\/2020\/10\/cropped-IH-1.png","contentUrl":"https:\/\/infinityhouse.pl\/en\/wp-content\/uploads\/2020\/10\/cropped-IH-1.png","width":205,"height":205,"caption":"Infinity House"},"image":{"@id":"https:\/\/infinityhouse.pl\/en\/#\/schema\/logo\/image\/"}}]}},"_links":{"self":[{"href":"https:\/\/infinityhouse.pl\/en\/wp-json\/wp\/v2\/pages\/1284534"}],"collection":[{"href":"https:\/\/infinityhouse.pl\/en\/wp-json\/wp\/v2\/pages"}],"about":[{"href":"https:\/\/infinityhouse.pl\/en\/wp-json\/wp\/v2\/types\/page"}],"author":[{"embeddable":true,"href":"https:\/\/infinityhouse.pl\/en\/wp-json\/wp\/v2\/users\/1"}],"replies":[{"embeddable":true,"href":"https:\/\/infinityhouse.pl\/en\/wp-json\/wp\/v2\/comments?post=1284534"}],"version-history":[{"count":0,"href":"https:\/\/infinityhouse.pl\/en\/wp-json\/wp\/v2\/pages\/1284534\/revisions"}],"wp:attachment":[{"href":"https:\/\/infinityhouse.pl\/en\/wp-json\/wp\/v2\/media?parent=1284534"}],"curies":[{"name":"wp","href":"https:\/\/api.w.org\/{rel}","templated":true}]}}