{"id":11,"date":"2020-06-23T09:57:24","date_gmt":"2020-06-23T07:57:24","guid":{"rendered":"http:\/\/jjasari.protom.stronazen.pl\/?page_id=3"},"modified":"2020-10-28T22:52:25","modified_gmt":"2020-10-28T21:52:25","slug":"polityka-prywatnosci-2","status":"publish","type":"page","link":"https:\/\/infinityhouse.pl\/en\/polityka-prywatnosci-2\/","title":{"rendered":"Polityka prywatno\u015bci"},"content":{"rendered":"<p>\u00a71. Postanowienia og\u00f3lne<br \/>\nInfinityHouse Sp. z o.o. z siedzib\u0105 w Warszawie (00-112) przy Bagno 2, REGON: 146127049<br \/>\nudost\u0119pnia U\u017cytkownikom strony internetowej www.infinityhouse.pl nale\u017c\u0105cej do INFINITYHOUSE, Polityk\u0119 prywatno\u015bci w celu poinformowania o celach zbierania danych osobowych oraz o dzia\u0142aniach z nimi zwi\u0105zanymi, to jest ich gromadzeniu i wykorzystaniu.<br \/>\nW tej Polityce \u201cdane osobowe\u201d oznaczaj\u0105 wszelkie informacje dotycz\u0105ce osoby fizycznej, kt\u00f3r\u0105 mo\u017cna zidentyfikowa\u0107 bezpo\u015brednio lub po\u015brednio.<br \/>\nPodaj\u0105c swoje dane osobowe na stronie www.infinityhouse.pl, U\u017cytkownik potwierdza, \u017ce posiada niezb\u0119dne pozwolenia do ujawniania danych personalnych, kt\u00f3re b\u0119d\u0105 wykorzystane przez INFINITYHOUSE w spos\u00f3b opisany w niniejszej Polityce.<br \/>\nPoprzez \u201eUs\u0142ug\u0119\u201d nale\u017cy rozumie\u0107 us\u0142ugi realizowane w ramach Serwisu tj.:<br \/>\na)\tzapisanie do Newslettera,<br \/>\nb)\twysy\u0142anie zapytania poprzez formularz kontaktowy,<br \/>\nc)\trejestracj\u0119 i logowanie w serwisie,<br \/>\nd)\tprzesy\u0142anie dokument\u00f3w niezb\u0119dnych w procesie rekrutacji.<\/p>\n<p>\u00a72. Administrator danych osobowych<br \/>\nAdministratorem danych osobowych U\u017cytkownik\u00f3w przekazanych w zwi\u0105zku z korzystaniem z us\u0142ug zawartych na stronie internetowej jest InfinityHouse Sp. z o.o. z siedzib\u0105 w Warszawie (00-112) przy Bagno 2, REGON: 146127049.<\/p>\n<p>\u00a73. Zakres danych osobowych i ich przetwarzania<br \/>\nStron\u0119 internetow\u0105 InfinityHouse mo\u017cna ogl\u0105da\u0107 bez potrzeby zostawiania danych osobowych w ograniczonym zakresie. W celu uzyskania dost\u0119pu do informacji przeznaczonych dla Zarejestrowanych U\u017cytkownik\u00f3w nale\u017cy zarejestrowa\u0107 si\u0119 w Serwisie pozostawiaj\u0105c dane osobowe.<br \/>\nW ramach Serwisu dost\u0119pne s\u0105 dwa rodzaje U\u017cytkownik\u00f3w:<br \/>\na)\tU\u017cytkownik, przez co rozumie si\u0119 osob\u0119 przegl\u0105daj\u0105c\u0105 tre\u015bci dost\u0119pne publicznie w Serwisie.<br \/>\nb)\tU\u017cytkownik Zarejestrowany, to U\u017cytkownik, kt\u00f3ry podczas procesu rejestracji pozostawi\u0142 dane osobowe i po zalogowaniu w Serwisie ma udost\u0119pnione tre\u015bci przeznaczone dla U\u017cytkownik\u00f3w Zarejestrowanych.<\/p>\n<p>Dane osobowe zostawiane s\u0105 r\u00f3wnie\u017c w celu kontaktu z firm\u0105 INFINITYHOUSE.<br \/>\nW zakresie zwi\u0105zanym z dan\u0105 Us\u0142ug\u0105, INFINITYHOUSE mo\u017ce poprosi\u0107 U\u017cytkownika o podanie w szczeg\u00f3lno\u015bci nast\u0119puj\u0105cych Danych Osobowych: imienia i nazwiska, numeru telefonu oraz adresu poczty elektronicznej.<\/p>\n<p>Dane Osobowe przetwarzane s\u0105 na podstawie zgody wyra\u017canej przez U\u017cytkownika.<br \/>\nWyra\u017cenie przez U\u017cytkownika zgody nast\u0119puje poprzez zaznaczenie w\u0142a\u015bciwego miejsca w formularzu w trakcie procedury maj\u0105cej na celu umo\u017cliwienie skorzystania z Us\u0142ug.<\/p>\n<p>Jednym ze sposob\u00f3w przetwarzania danych osobowych jest tak zwane profilowanie. Polega ono na dostosowywaniu prezentowanych tre\u015bci i ofert w oparciu o dane zwi\u0105zane z zachowaniem U\u017cytkownik\u00f3w Zarejestrowanych w systemie oraz tworzenie profili preferencji U\u017cytkownik\u00f3w Zarejestrowanych. Dane przetwarzane s\u0105 w pe\u0142ni automatyczny, bez ingerencji cz\u0142owieka.<br \/>\nCelem profilowania jest przedstawieniu U\u017cytkownikowi Zarejestrowanych ofert dostosowanych do jego preferencji, wynikaj\u0105cych z jego zachowa\u0144 w Serwisie. U\u017cytkownik Zarejestrowany mo\u017ce zg\u0142osi\u0107 sprzeciw w zakresie zaprzestania profilowania, wysy\u0142aj\u0105c o\u015bwiadczenie na adres infoado@InfinityHousegroup.pl lub na adres InfinityHouse Sp. z o.o., Warszawa 00-112, ul. Bagno 2. InfinityHouse zobowi\u0105zany jest do odnotowania tego faktu w systemie teleinformatycznym Serwisu.<\/p>\n<p>InfinityHouse przetwarza Dane Osobowe w celu:<br \/>\na)\tprzesy\u0142ania U\u017cytkownikom, na podane przez nich adresy e-mail, informacje handlowe i marketingowe w formie Newslettera InfinityHouse pod warunkiem, \u017ce U\u017cytkownik wyrazi\u0142 zgod\u0119 na ich otrzymywanie. U\u017cytkownik mo\u017ce w ka\u017cdej chwili odwo\u0142a\u0107 zgod\u0119.<br \/>\nb)\tPrzesy\u0142ania U\u017cytkownikom, na podane przez nich adresy e-mail, numer telefonu odpowiedzi na zadane wcze\u015bniej zapytania wys\u0142ane przez formularz kontaktowy, pod warunkiem, \u017ce U\u017cytkownik wyrazi\u0142 zgod\u0119 na ich otrzymywanie. U\u017cytkownik mo\u017ce w ka\u017cdej chwili odwo\u0142a\u0107 zgod\u0119. Cofni\u0119cie zgody nie wp\u0142ywa na zgodno\u015b\u0107 z prawem przetwarzania, kt\u00f3rego dokonano na jej podstawie w przesz\u0142o\u015bci.<br \/>\nc)\tKontaktu telefonicznego, pocztowego lub poprzez poczt\u0119 elektroniczn\u0105 pod warunkiem, \u017ce U\u017cytkownik wyrazi\u0142 zgod\u0119 na ten kontakt, przesy\u0142aj\u0105c jednocze\u015bnie CV b\u0105d\u017a aplikacj\u0119 o prac\u0119. <\/p>\n<p>\u00a74. Prawa u\u017cytkownika<br \/>\na)\tPodanie danych jest dobrowolne. U\u017cytkownikowi przys\u0142uguj\u0105 nast\u0119puj\u0105ce prawa, zwi\u0105zane z przetwarzaniem jego danych osobowych przez InfinityHouse dost\u0119pu do swoich danych<br \/>\nb)\tPrawo do sprostowanie, \u017c\u0105dania ich usuni\u0119cia lub ograniczenia ich przetwarzania.<br \/>\nc)\tuprawnienia do z\u0142o\u017cenia wobec INFINITYHOUSE sprzeciwu wobec przetwarzania Twoich danych<br \/>\nd)\tprawo do przenoszenia danych do innego administratora danych.<br \/>\ne)\tprawo wniesienia skargi do organu nadzoruj\u0105cego przestrzeganie przepis\u00f3w ochrony danych osobowych. <\/p>\n<p>Realizacja powy\u017cszych uprawnie\u0144 mo\u017cliwa jest za po\u015brednictwem:<br \/>\na)\tprofilu Zarejestrowanego U\u017cytkownika,<br \/>\nb)\twszystkich formularzy kontaktowych na stronie www.InfinityHouse.pl,<br \/>\nc)\twys\u0142ania o\u015bwiadczenia na adres office@InfinityHouse.pl,<br \/>\nd)\twys\u0142ania o\u015bwiadczenia na adres INFINITYHOUSE Sp. z o.o., Warszawa 00-112, ul. Bagno 2.<\/p>\n<p>\u00a75. Zasady bezpiecze\u0144stwa<br \/>\nStrona zaopatrzona jest w \u015brodki bezpiecze\u0144stwa, maj\u0105ce na celu ochron\u0119 danych osobowych dzi\u0119ki odpowiednim \u015brodkom technicznym oraz organizacyjnym przed ich utrat\u0105, niew\u0142a\u015bciwym wykorzystaniem, bezprawnym przetwarzaniem czy modyfikacj\u0105. INFINITYHOUSE zobowi\u0105zuje si\u0119 chroni\u0107 wszelkie informacje ujawnione przez U\u017cytkownik\u00f3w zgodnie z normami ochrony bezpiecze\u0144stwa i zachowania poufno\u015bci.<br \/>\nPrawa dost\u0119pu do danych osobowych U\u017cytkownik\u00f3w zosta\u0142y w restrykcyjny spos\u00f3b ograniczone, tak aby informacje te nie znalaz\u0142y si\u0119 w r\u0119kach os\u00f3b niepowo\u0142anych. Dost\u0119p do danych osobowych ma tylko ograniczona liczba uprawnionych pracownik\u00f3w Firmy zgodnie z Rozporz\u0105dzeniem Parlamentu Europejskiego i Rady (UE) 2016\/679 z dnia 27 kwietnia 2016 r. w sprawie ochrony os\u00f3b fizycznych w zwi\u0105zku z przetwarzaniem danych osobowych i w sprawie swobodnego przep\u0142ywu takich danych i wydanymi na jej podstawie przepisami wykonawczymi. Administrator uprawniony jest do udost\u0119pniania danych podmiotom upowa\u017cnionym na podstawie w\u0142a\u015bciwych przepis\u00f3w prawa.<br \/>\nINFINITYHOUSE nie planuje przekazania danych osobowych do pa\u0144stwa trzeciego lub organizacji mi\u0119dzynarodowej.<br \/>\nW celu realizacji ofert przedstawianych U\u017cytkownikom oraz dzia\u0142ania infrastruktury informatycznej i organizacyjne INFINITYHOUSE dane osobowe mog\u0105 by\u0107 przekazywane nast\u0119puj\u0105cym kategoriom odbiorc\u00f3w:<br \/>\na.\tdostawcom us\u0142ug zaopatruj\u0105cych w rozwi\u0105zania techniczne oraz organizacyjne,<br \/>\nb.\tdostawcom us\u0142ug prawnych i doradczych.<\/p>\n<p>\u00a76. Cookies<br \/>\nINFINITYHOUSE. o\u015bwiadcza, \u017ce na stronie www.InfinityHouse.pl, u\u017cywamy cookies. Korzystaj\u0105c z tej strony internetowej, U\u017cytkownik zgadza si\u0119 na wprowadzenie cookie w urz\u0105dzeniu, jak wyja\u015bniono poni\u017cej.<br \/>\nPliki Cookies u\u017cywane na stronie internetowej www.InfinityHouse.pl mog\u0105 by\u0107 ustawione przez nasz\u0105 witryn\u0119 lub przez witryn\u0119 strony trzeciej.<br \/>\nPliki cookies wykorzystywane s\u0105 w celu:<br \/>\na)\tdostosowania zawarto\u015bci stron serwis\u00f3w internetowych do preferencji u\u017cytkownika oraz optymalizacji korzystania ze stron internetowych; w szczeg\u00f3lno\u015bci pliki te pozwalaj\u0105 rozpozna\u0107 urz\u0105dzenie u\u017cytkownika serwisu internetowego i odpowiednio wy\u015bwietli\u0107 stron\u0119 internetow\u0105, dostosowan\u0105 do jego indywidualnych potrzeb,<br \/>\nb)\ttworzenia statystyk, kt\u00f3re pomagaj\u0105 zrozumie\u0107, w jaki spos\u00f3b u\u017cytkownicy serwisu korzystaj\u0105 ze stron internetowych, co umo\u017cliwia ulepszanie ich struktury i zawarto\u015bci,<br \/>\nc)\tdostarczania u\u017cytkownikom tre\u015bci reklamowych bardziej dostosowanych do ich zainteresowa\u0144.<\/p>\n<p>Rodzaje wykorzystywanych przez INFINITYHOUSE, plik\u00f3w cookies:<br \/>\nd)\t\u201eniezb\u0119dne\u201d pliki cookies, umo\u017cliwiaj\u0105ce korzystanie z us\u0142ug dost\u0119pnych w ramach serwisu, np. umo\u017cliwiaj\u0105ce korzystanie z sesji,<br \/>\ne)\t\u201efunkcjonalne\u201d pliki cookies, umo\u017cliwiaj\u0105ce \u201ezapami\u0119tanie\u201d wybranych przez U\u017cytkownika ustawie\u0144 i personalizacj\u0119 interfejsu U\u017cytkownika, np. w zakresie wybranej wersji mobilnej\/desktopowej, ostatnich fraz wpisywanych przez u\u017cytkownika, wygl\u0105du strony internetowej, itp.,<br \/>\nf)\t\u201eanalityczne\u201d pliki cookies, umo\u017cliwiaj\u0105ce monitorowanie aktywno\u015bci U\u017cytkownik\u00f3w w serwisie.<\/p>\n<p>U\u017cytkownik ma mo\u017cliwo\u015b\u0107 zablokowania zapisywania plik\u00f3w cookies poprzez odpowiedni\u0105 zmian\u0119 ustawie\u0144 przegl\u0105darki internetowej. Wy\u0142\u0105czenie cookies mo\u017ce mie\u0107 wp\u0142yw na funkcjonowanie strony. Brak zmiany ustawie\u0144 przegl\u0105darki oznacza akceptacj\u0119 dla stosowanych cookies.<\/p>\n<p>\u00a77. Zmiana polityki prywatno\u015bci<br \/>\nW zwi\u0105zku z rozwojem i post\u0119pem techniki zasady okre\u015blone w niniejszej Polityce Prywatno\u015bci mog\u0105 ulec zmianie. O zmianie tych zasad U\u017cytkownik zostanie poinformowany, poprzez zamieszczenie nowej tre\u015bci niniejszego dokumentu na stronie internetowej www.InfinityHouse.pl\/polityka-prywatnosci.<\/p>\n","protected":false},"excerpt":{"rendered":"<p>\u00a71. Postanowienia og\u00f3lne InfinityHouse Sp. z o.o. z siedzib\u0105 w Warszawie (00-112) przy Bagno 2, REGON: 146127049 udost\u0119pnia U\u017cytkownikom strony internetowej www.infinityhouse.pl nale\u017c\u0105cej do","protected":false},"author":1,"featured_media":0,"parent":0,"menu_order":0,"comment_status":"closed","ping_status":"open","template":"","meta":{"footnotes":""},"yoast_head":"<!-- This site is optimized with the Yoast SEO plugin v22.0 - https:\/\/yoast.com\/wordpress\/plugins\/seo\/ -->\n<title>Polityka prywatno\u015bci - Infinity House<\/title>\n<meta name=\"robots\" content=\"index, follow, max-snippet:-1, max-image-preview:large, max-video-preview:-1\" \/>\n<link rel=\"canonical\" href=\"https:\/\/infinityhouse.pl\/en\/polityka-prywatnosci-2\/\" \/>\n<meta property=\"og:locale\" content=\"pl_PL\" \/>\n<meta property=\"og:type\" content=\"article\" \/>\n<meta property=\"og:title\" content=\"Polityka prywatno\u015bci - Infinity House\" \/>\n<meta property=\"og:description\" content=\"\u00a71. Postanowienia og\u00f3lne InfinityHouse Sp. z o.o. z siedzib\u0105 w Warszawie (00-112) przy Bagno 2, REGON: 146127049 udost\u0119pnia U\u017cytkownikom strony internetowej www.infinityhouse.pl nale\u017c\u0105cej do INFINITYHOUSE, Polityk\u0119 prywatno\u015bci w celu poinformowania o celach zbierania danych osobowych oraz o dzia\u0142aniach z nimi zwi\u0105zanymi, to jest ich gromadzeniu...\" \/>\n<meta property=\"og:url\" content=\"https:\/\/infinityhouse.pl\/en\/polityka-prywatnosci-2\/\" \/>\n<meta property=\"og:site_name\" content=\"Infinity House\" \/>\n<meta property=\"article:modified_time\" content=\"2020-10-28T21:52:25+00:00\" \/>\n<meta name=\"twitter:card\" content=\"summary_large_image\" \/>\n<meta name=\"twitter:label1\" content=\"Szacowany czas czytania\" \/>\n\t<meta name=\"twitter:data1\" content=\"6 minut\" \/>\n<script type=\"application\/ld+json\" class=\"yoast-schema-graph\">{\"@context\":\"https:\/\/schema.org\",\"@graph\":[{\"@type\":\"WebPage\",\"@id\":\"https:\/\/infinityhouse.pl\/en\/polityka-prywatnosci-2\/\",\"url\":\"https:\/\/infinityhouse.pl\/en\/polityka-prywatnosci-2\/\",\"name\":\"Polityka prywatno\u015bci - Infinity House\",\"isPartOf\":{\"@id\":\"https:\/\/infinityhouse.pl\/en\/#website\"},\"datePublished\":\"2020-06-23T07:57:24+00:00\",\"dateModified\":\"2020-10-28T21:52:25+00:00\",\"breadcrumb\":{\"@id\":\"https:\/\/infinityhouse.pl\/en\/polityka-prywatnosci-2\/#breadcrumb\"},\"inLanguage\":\"pl-PL\",\"potentialAction\":[{\"@type\":\"ReadAction\",\"target\":[\"https:\/\/infinityhouse.pl\/en\/polityka-prywatnosci-2\/\"]}]},{\"@type\":\"BreadcrumbList\",\"@id\":\"https:\/\/infinityhouse.pl\/en\/polityka-prywatnosci-2\/#breadcrumb\",\"itemListElement\":[{\"@type\":\"ListItem\",\"position\":1,\"name\":\"Strona g\u0142\u00f3wna\",\"item\":\"https:\/\/infinityhouse.pl\/en\/\"},{\"@type\":\"ListItem\",\"position\":2,\"name\":\"Polityka prywatno\u015bci\"}]},{\"@type\":\"WebSite\",\"@id\":\"https:\/\/infinityhouse.pl\/en\/#website\",\"url\":\"https:\/\/infinityhouse.pl\/en\/\",\"name\":\"Infinity House\",\"description\":\"\",\"publisher\":{\"@id\":\"https:\/\/infinityhouse.pl\/en\/#organization\"},\"potentialAction\":[{\"@type\":\"SearchAction\",\"target\":{\"@type\":\"EntryPoint\",\"urlTemplate\":\"https:\/\/infinityhouse.pl\/en\/?s={search_term_string}\"},\"query-input\":\"required name=search_term_string\"}],\"inLanguage\":\"pl-PL\"},{\"@type\":\"Organization\",\"@id\":\"https:\/\/infinityhouse.pl\/en\/#organization\",\"name\":\"Infinity House\",\"url\":\"https:\/\/infinityhouse.pl\/en\/\",\"logo\":{\"@type\":\"ImageObject\",\"inLanguage\":\"pl-PL\",\"@id\":\"https:\/\/infinityhouse.pl\/en\/#\/schema\/logo\/image\/\",\"url\":\"https:\/\/infinityhouse.pl\/en\/wp-content\/uploads\/2020\/10\/cropped-IH-1.png\",\"contentUrl\":\"https:\/\/infinityhouse.pl\/en\/wp-content\/uploads\/2020\/10\/cropped-IH-1.png\",\"width\":205,\"height\":205,\"caption\":\"Infinity House\"},\"image\":{\"@id\":\"https:\/\/infinityhouse.pl\/en\/#\/schema\/logo\/image\/\"}}]}<\/script>\n<!-- \/ Yoast SEO plugin. -->","yoast_head_json":{"title":"Polityka prywatno\u015bci - Infinity House","robots":{"index":"index","follow":"follow","max-snippet":"max-snippet:-1","max-image-preview":"max-image-preview:large","max-video-preview":"max-video-preview:-1"},"canonical":"https:\/\/infinityhouse.pl\/en\/polityka-prywatnosci-2\/","og_locale":"pl_PL","og_type":"article","og_title":"Polityka prywatno\u015bci - Infinity House","og_description":"\u00a71. Postanowienia og\u00f3lne InfinityHouse Sp. z o.o. z siedzib\u0105 w Warszawie (00-112) przy Bagno 2, REGON: 146127049 udost\u0119pnia U\u017cytkownikom strony internetowej www.infinityhouse.pl nale\u017c\u0105cej do INFINITYHOUSE, Polityk\u0119 prywatno\u015bci w celu poinformowania o celach zbierania danych osobowych oraz o dzia\u0142aniach z nimi zwi\u0105zanymi, to jest ich gromadzeniu...","og_url":"https:\/\/infinityhouse.pl\/en\/polityka-prywatnosci-2\/","og_site_name":"Infinity House","article_modified_time":"2020-10-28T21:52:25+00:00","twitter_card":"summary_large_image","twitter_misc":{"Szacowany czas czytania":"6 minut"},"schema":{"@context":"https:\/\/schema.org","@graph":[{"@type":"WebPage","@id":"https:\/\/infinityhouse.pl\/en\/polityka-prywatnosci-2\/","url":"https:\/\/infinityhouse.pl\/en\/polityka-prywatnosci-2\/","name":"Polityka prywatno\u015bci - Infinity House","isPartOf":{"@id":"https:\/\/infinityhouse.pl\/en\/#website"},"datePublished":"2020-06-23T07:57:24+00:00","dateModified":"2020-10-28T21:52:25+00:00","breadcrumb":{"@id":"https:\/\/infinityhouse.pl\/en\/polityka-prywatnosci-2\/#breadcrumb"},"inLanguage":"pl-PL","potentialAction":[{"@type":"ReadAction","target":["https:\/\/infinityhouse.pl\/en\/polityka-prywatnosci-2\/"]}]},{"@type":"BreadcrumbList","@id":"https:\/\/infinityhouse.pl\/en\/polityka-prywatnosci-2\/#breadcrumb","itemListElement":[{"@type":"ListItem","position":1,"name":"Strona g\u0142\u00f3wna","item":"https:\/\/infinityhouse.pl\/en\/"},{"@type":"ListItem","position":2,"name":"Polityka prywatno\u015bci"}]},{"@type":"WebSite","@id":"https:\/\/infinityhouse.pl\/en\/#website","url":"https:\/\/infinityhouse.pl\/en\/","name":"Infinity House","description":"","publisher":{"@id":"https:\/\/infinityhouse.pl\/en\/#organization"},"potentialAction":[{"@type":"SearchAction","target":{"@type":"EntryPoint","urlTemplate":"https:\/\/infinityhouse.pl\/en\/?s={search_term_string}"},"query-input":"required name=search_term_string"}],"inLanguage":"pl-PL"},{"@type":"Organization","@id":"https:\/\/infinityhouse.pl\/en\/#organization","name":"Infinity House","url":"https:\/\/infinityhouse.pl\/en\/","logo":{"@type":"ImageObject","inLanguage":"pl-PL","@id":"https:\/\/infinityhouse.pl\/en\/#\/schema\/logo\/image\/","url":"https:\/\/infinityhouse.pl\/en\/wp-content\/uploads\/2020\/10\/cropped-IH-1.png","contentUrl":"https:\/\/infinityhouse.pl\/en\/wp-content\/uploads\/2020\/10\/cropped-IH-1.png","width":205,"height":205,"caption":"Infinity House"},"image":{"@id":"https:\/\/infinityhouse.pl\/en\/#\/schema\/logo\/image\/"}}]}},"_links":{"self":[{"href":"https:\/\/infinityhouse.pl\/en\/wp-json\/wp\/v2\/pages\/11"}],"collection":[{"href":"https:\/\/infinityhouse.pl\/en\/wp-json\/wp\/v2\/pages"}],"about":[{"href":"https:\/\/infinityhouse.pl\/en\/wp-json\/wp\/v2\/types\/page"}],"author":[{"embeddable":true,"href":"https:\/\/infinityhouse.pl\/en\/wp-json\/wp\/v2\/users\/1"}],"replies":[{"embeddable":true,"href":"https:\/\/infinityhouse.pl\/en\/wp-json\/wp\/v2\/comments?post=11"}],"version-history":[{"count":0,"href":"https:\/\/infinityhouse.pl\/en\/wp-json\/wp\/v2\/pages\/11\/revisions"}],"wp:attachment":[{"href":"https:\/\/infinityhouse.pl\/en\/wp-json\/wp\/v2\/media?parent=11"}],"curies":[{"name":"wp","href":"https:\/\/api.w.org\/{rel}","templated":true}]}}